{"id":657,"date":"2021-10-02T15:44:09","date_gmt":"2021-10-02T15:44:09","guid":{"rendered":"https:\/\/shopfloristeria.com\/mx\/?post_type=product&#038;p=657"},"modified":"2021-10-02T15:44:09","modified_gmt":"2021-10-02T15:44:09","slug":"globo-pretty-pastels","status":"publish","type":"product","link":"https:\/\/shopfloristeria.com\/mx\/producto\/globo-pretty-pastels\/","title":{"rendered":"GLOBO PRETTY PASTELS"},"content":{"rendered":"<pre>Un detalle lleno de color que expresen las emociones y \r\nsentimientos por la otra persona es el regalo indicado, \r\nlleno de color con los tonos pastel que lo hacen \r\nenternecedor, este paquete de globos tiene una burbuja \r\ndecorada a mano con colores de acuerdo a los 2 orbz y \r\n3 estrellas que lo acompa\u00f1an, los colores est\u00e1n sujetos \r\na disponibilidad y de igual manera pueden ser sustituidos \r\npor los colores de su agrado.\u00a0 el regalo perfecto para la \r\nocasi\u00f3n que tu decidas...<\/pre>\n","protected":false},"excerpt":{"rendered":"<pre>Burbuja pintada a mano, acompa\u00f1ada por 2 orbz \r\ny 3 estrellas, tonos en conjunto que logran \r\nun equilibrio a la vista, los tonos pueden \r\nvariar de acuerdo a disponibilidad y de \r\nacuerdo al gusto de quien lo solicita. \r\nTu eliges la ocasi\u00f3n indicada para este\r\n tipo de regalo....<\/pre>\n","protected":false},"featured_media":658,"template":"","meta":[],"product_brand":[],"product_cat":[51,52,49,50,48,379],"product_tag":[383,633,634,638,390,635,385,637,636,545,404],"class_list":{"0":"post-657","1":"product","2":"type-product","3":"status-publish","4":"has-post-thumbnail","6":"product_cat-amor-aniversario","7":"product_cat-baby-shower","8":"product_cat-cumpleanos","9":"product_cat-de-ocasion","10":"product_cat-mas-vendidas","11":"product_cat-regalos-y-globos-por-burbula","12":"product_tag-burbujas-con-helio","13":"product_tag-burbujas-decoradas-con-helio","14":"product_tag-burbujas-para-regalar","15":"product_tag-burbujas-y-orbz","16":"product_tag-detalles-en-globo","17":"product_tag-globo-burbuja","18":"product_tag-globos-en-cancun","19":"product_tag-globos-par-decorar","20":"product_tag-globos-para-baby-shower","21":"product_tag-globos-para-cumpleanos","22":"product_tag-globos-para-regalar","24":"first","25":"instock","26":"shipping-taxable","27":"purchasable","28":"product-type-simple"},"yoast_head":"<!-- This site is optimized with the Yoast SEO plugin v27.3 - https:\/\/yoast.com\/product\/yoast-seo-wordpress\/ -->\n<title>GLOBO PRETTY PASTELS - La Floristeria Canc\u00fan<\/title>\n<meta name=\"robots\" content=\"index, follow, max-snippet:-1, max-image-preview:large, max-video-preview:-1\" \/>\n<link rel=\"canonical\" href=\"https:\/\/shopfloristeria.com\/mx\/producto\/globo-pretty-pastels\/\" \/>\n<meta property=\"og:locale\" content=\"es_MX\" \/>\n<meta property=\"og:type\" content=\"article\" \/>\n<meta property=\"og:title\" content=\"GLOBO PRETTY PASTELS - La Floristeria Canc\u00fan\" \/>\n<meta property=\"og:description\" content=\"Burbuja pintada a mano, acompa\u00f1ada por 2 orbz  y 3 estrellas, tonos en conjunto que logran  un equilibrio a la vista, los tonos pueden  variar de acuerdo a disponibilidad y de  acuerdo al gusto de quien lo solicita.  Tu eliges la ocasi\u00f3n indicada para este  tipo de regalo....\" \/>\n<meta property=\"og:url\" content=\"https:\/\/shopfloristeria.com\/mx\/producto\/globo-pretty-pastels\/\" \/>\n<meta property=\"og:site_name\" content=\"La Floristeria Canc\u00fan\" \/>\n<meta property=\"og:image\" content=\"https:\/\/shopfloristeria.com\/mx\/wp-content\/uploads\/sites\/2\/2021\/10\/Screenshot_2021-09-21-11-18-03-972_com.google.android.apps_.docs_.jpg\" \/>\n\t<meta property=\"og:image:width\" content=\"806\" \/>\n\t<meta property=\"og:image:height\" content=\"1534\" \/>\n\t<meta property=\"og:image:type\" content=\"image\/jpeg\" \/>\n<meta name=\"twitter:card\" content=\"summary_large_image\" \/>\n<script type=\"application\/ld+json\" class=\"yoast-schema-graph\">{\"@context\":\"https:\\\/\\\/schema.org\",\"@graph\":[{\"@type\":\"WebPage\",\"@id\":\"https:\\\/\\\/shopfloristeria.com\\\/mx\\\/producto\\\/globo-pretty-pastels\\\/\",\"url\":\"https:\\\/\\\/shopfloristeria.com\\\/mx\\\/producto\\\/globo-pretty-pastels\\\/\",\"name\":\"GLOBO PRETTY PASTELS - La Floristeria Canc\u00fan\",\"isPartOf\":{\"@id\":\"https:\\\/\\\/shopfloristeria.com\\\/mx\\\/#website\"},\"primaryImageOfPage\":{\"@id\":\"https:\\\/\\\/shopfloristeria.com\\\/mx\\\/producto\\\/globo-pretty-pastels\\\/#primaryimage\"},\"image\":{\"@id\":\"https:\\\/\\\/shopfloristeria.com\\\/mx\\\/producto\\\/globo-pretty-pastels\\\/#primaryimage\"},\"thumbnailUrl\":\"https:\\\/\\\/shopfloristeria.com\\\/mx\\\/wp-content\\\/uploads\\\/sites\\\/2\\\/2021\\\/10\\\/Screenshot_2021-09-21-11-18-03-972_com.google.android.apps_.docs_.jpg\",\"datePublished\":\"2021-10-02T15:44:09+00:00\",\"breadcrumb\":{\"@id\":\"https:\\\/\\\/shopfloristeria.com\\\/mx\\\/producto\\\/globo-pretty-pastels\\\/#breadcrumb\"},\"inLanguage\":\"es\",\"potentialAction\":[{\"@type\":\"ReadAction\",\"target\":[\"https:\\\/\\\/shopfloristeria.com\\\/mx\\\/producto\\\/globo-pretty-pastels\\\/\"]}]},{\"@type\":\"ImageObject\",\"inLanguage\":\"es\",\"@id\":\"https:\\\/\\\/shopfloristeria.com\\\/mx\\\/producto\\\/globo-pretty-pastels\\\/#primaryimage\",\"url\":\"https:\\\/\\\/shopfloristeria.com\\\/mx\\\/wp-content\\\/uploads\\\/sites\\\/2\\\/2021\\\/10\\\/Screenshot_2021-09-21-11-18-03-972_com.google.android.apps_.docs_.jpg\",\"contentUrl\":\"https:\\\/\\\/shopfloristeria.com\\\/mx\\\/wp-content\\\/uploads\\\/sites\\\/2\\\/2021\\\/10\\\/Screenshot_2021-09-21-11-18-03-972_com.google.android.apps_.docs_.jpg\",\"width\":806,\"height\":1534,\"caption\":\"globo burbuja y orbz\"},{\"@type\":\"BreadcrumbList\",\"@id\":\"https:\\\/\\\/shopfloristeria.com\\\/mx\\\/producto\\\/globo-pretty-pastels\\\/#breadcrumb\",\"itemListElement\":[{\"@type\":\"ListItem\",\"position\":1,\"name\":\"Tienda\",\"item\":\"https:\\\/\\\/shopfloristeria.com\\\/mx\\\/tienda\\\/\"},{\"@type\":\"ListItem\",\"position\":2,\"name\":\"GLOBO PRETTY PASTELS\"}]},{\"@type\":\"WebSite\",\"@id\":\"https:\\\/\\\/shopfloristeria.com\\\/mx\\\/#website\",\"url\":\"https:\\\/\\\/shopfloristeria.com\\\/mx\\\/\",\"name\":\"La Floristeria Canc\u00fan\",\"description\":\"Env\u00eda flores en M\u00e9xico\",\"publisher\":{\"@id\":\"https:\\\/\\\/shopfloristeria.com\\\/mx\\\/#organization\"},\"potentialAction\":[{\"@type\":\"SearchAction\",\"target\":{\"@type\":\"EntryPoint\",\"urlTemplate\":\"https:\\\/\\\/shopfloristeria.com\\\/mx\\\/?s={search_term_string}\"},\"query-input\":{\"@type\":\"PropertyValueSpecification\",\"valueRequired\":true,\"valueName\":\"search_term_string\"}}],\"inLanguage\":\"es\"},{\"@type\":\"Organization\",\"@id\":\"https:\\\/\\\/shopfloristeria.com\\\/mx\\\/#organization\",\"name\":\"La Floristeria Canc\u00fan\",\"url\":\"https:\\\/\\\/shopfloristeria.com\\\/mx\\\/\",\"logo\":{\"@type\":\"ImageObject\",\"inLanguage\":\"es\",\"@id\":\"https:\\\/\\\/shopfloristeria.com\\\/mx\\\/#\\\/schema\\\/logo\\\/image\\\/\",\"url\":\"https:\\\/\\\/shopfloristeria.com\\\/mx\\\/wp-content\\\/uploads\\\/sites\\\/2\\\/2020\\\/12\\\/logo-300x185-1.png\",\"contentUrl\":\"https:\\\/\\\/shopfloristeria.com\\\/mx\\\/wp-content\\\/uploads\\\/sites\\\/2\\\/2020\\\/12\\\/logo-300x185-1.png\",\"width\":300,\"height\":185,\"caption\":\"La Floristeria Canc\u00fan\"},\"image\":{\"@id\":\"https:\\\/\\\/shopfloristeria.com\\\/mx\\\/#\\\/schema\\\/logo\\\/image\\\/\"}}]}<\/script>\n<!-- \/ Yoast SEO plugin. -->","yoast_head_json":{"title":"GLOBO PRETTY PASTELS - La Floristeria Canc\u00fan","robots":{"index":"index","follow":"follow","max-snippet":"max-snippet:-1","max-image-preview":"max-image-preview:large","max-video-preview":"max-video-preview:-1"},"canonical":"https:\/\/shopfloristeria.com\/mx\/producto\/globo-pretty-pastels\/","og_locale":"es_MX","og_type":"article","og_title":"GLOBO PRETTY PASTELS - La Floristeria Canc\u00fan","og_description":"Burbuja pintada a mano, acompa\u00f1ada por 2 orbz  y 3 estrellas, tonos en conjunto que logran  un equilibrio a la vista, los tonos pueden  variar de acuerdo a disponibilidad y de  acuerdo al gusto de quien lo solicita.  Tu eliges la ocasi\u00f3n indicada para este  tipo de regalo....","og_url":"https:\/\/shopfloristeria.com\/mx\/producto\/globo-pretty-pastels\/","og_site_name":"La Floristeria Canc\u00fan","og_image":[{"width":806,"height":1534,"url":"https:\/\/shopfloristeria.com\/mx\/wp-content\/uploads\/sites\/2\/2021\/10\/Screenshot_2021-09-21-11-18-03-972_com.google.android.apps_.docs_.jpg","type":"image\/jpeg"}],"twitter_card":"summary_large_image","schema":{"@context":"https:\/\/schema.org","@graph":[{"@type":"WebPage","@id":"https:\/\/shopfloristeria.com\/mx\/producto\/globo-pretty-pastels\/","url":"https:\/\/shopfloristeria.com\/mx\/producto\/globo-pretty-pastels\/","name":"GLOBO PRETTY PASTELS - La Floristeria Canc\u00fan","isPartOf":{"@id":"https:\/\/shopfloristeria.com\/mx\/#website"},"primaryImageOfPage":{"@id":"https:\/\/shopfloristeria.com\/mx\/producto\/globo-pretty-pastels\/#primaryimage"},"image":{"@id":"https:\/\/shopfloristeria.com\/mx\/producto\/globo-pretty-pastels\/#primaryimage"},"thumbnailUrl":"https:\/\/shopfloristeria.com\/mx\/wp-content\/uploads\/sites\/2\/2021\/10\/Screenshot_2021-09-21-11-18-03-972_com.google.android.apps_.docs_.jpg","datePublished":"2021-10-02T15:44:09+00:00","breadcrumb":{"@id":"https:\/\/shopfloristeria.com\/mx\/producto\/globo-pretty-pastels\/#breadcrumb"},"inLanguage":"es","potentialAction":[{"@type":"ReadAction","target":["https:\/\/shopfloristeria.com\/mx\/producto\/globo-pretty-pastels\/"]}]},{"@type":"ImageObject","inLanguage":"es","@id":"https:\/\/shopfloristeria.com\/mx\/producto\/globo-pretty-pastels\/#primaryimage","url":"https:\/\/shopfloristeria.com\/mx\/wp-content\/uploads\/sites\/2\/2021\/10\/Screenshot_2021-09-21-11-18-03-972_com.google.android.apps_.docs_.jpg","contentUrl":"https:\/\/shopfloristeria.com\/mx\/wp-content\/uploads\/sites\/2\/2021\/10\/Screenshot_2021-09-21-11-18-03-972_com.google.android.apps_.docs_.jpg","width":806,"height":1534,"caption":"globo burbuja y orbz"},{"@type":"BreadcrumbList","@id":"https:\/\/shopfloristeria.com\/mx\/producto\/globo-pretty-pastels\/#breadcrumb","itemListElement":[{"@type":"ListItem","position":1,"name":"Tienda","item":"https:\/\/shopfloristeria.com\/mx\/tienda\/"},{"@type":"ListItem","position":2,"name":"GLOBO PRETTY PASTELS"}]},{"@type":"WebSite","@id":"https:\/\/shopfloristeria.com\/mx\/#website","url":"https:\/\/shopfloristeria.com\/mx\/","name":"La Floristeria Canc\u00fan","description":"Env\u00eda flores en M\u00e9xico","publisher":{"@id":"https:\/\/shopfloristeria.com\/mx\/#organization"},"potentialAction":[{"@type":"SearchAction","target":{"@type":"EntryPoint","urlTemplate":"https:\/\/shopfloristeria.com\/mx\/?s={search_term_string}"},"query-input":{"@type":"PropertyValueSpecification","valueRequired":true,"valueName":"search_term_string"}}],"inLanguage":"es"},{"@type":"Organization","@id":"https:\/\/shopfloristeria.com\/mx\/#organization","name":"La Floristeria Canc\u00fan","url":"https:\/\/shopfloristeria.com\/mx\/","logo":{"@type":"ImageObject","inLanguage":"es","@id":"https:\/\/shopfloristeria.com\/mx\/#\/schema\/logo\/image\/","url":"https:\/\/shopfloristeria.com\/mx\/wp-content\/uploads\/sites\/2\/2020\/12\/logo-300x185-1.png","contentUrl":"https:\/\/shopfloristeria.com\/mx\/wp-content\/uploads\/sites\/2\/2020\/12\/logo-300x185-1.png","width":300,"height":185,"caption":"La Floristeria Canc\u00fan"},"image":{"@id":"https:\/\/shopfloristeria.com\/mx\/#\/schema\/logo\/image\/"}}]}},"_links":{"self":[{"href":"https:\/\/shopfloristeria.com\/mx\/wp-json\/wp\/v2\/product\/657","targetHints":{"allow":["GET"]}}],"collection":[{"href":"https:\/\/shopfloristeria.com\/mx\/wp-json\/wp\/v2\/product"}],"about":[{"href":"https:\/\/shopfloristeria.com\/mx\/wp-json\/wp\/v2\/types\/product"}],"wp:featuredmedia":[{"embeddable":true,"href":"https:\/\/shopfloristeria.com\/mx\/wp-json\/wp\/v2\/media\/658"}],"wp:attachment":[{"href":"https:\/\/shopfloristeria.com\/mx\/wp-json\/wp\/v2\/media?parent=657"}],"wp:term":[{"taxonomy":"product_brand","embeddable":true,"href":"https:\/\/shopfloristeria.com\/mx\/wp-json\/wp\/v2\/product_brand?post=657"},{"taxonomy":"product_cat","embeddable":true,"href":"https:\/\/shopfloristeria.com\/mx\/wp-json\/wp\/v2\/product_cat?post=657"},{"taxonomy":"product_tag","embeddable":true,"href":"https:\/\/shopfloristeria.com\/mx\/wp-json\/wp\/v2\/product_tag?post=657"}],"curies":[{"name":"wp","href":"https:\/\/api.w.org\/{rel}","templated":true}]}}