{"id":647,"date":"2021-09-27T23:57:12","date_gmt":"2021-09-27T23:57:12","guid":{"rendered":"https:\/\/shopfloristeria.com\/mx\/?post_type=product&#038;p=647"},"modified":"2021-09-27T23:57:12","modified_gmt":"2021-09-27T23:57:12","slug":"happy-birthday-en-el-aire","status":"publish","type":"product","link":"https:\/\/shopfloristeria.com\/mx\/producto\/happy-birthday-en-el-aire\/","title":{"rendered":"HAPPY BIRTHDAY EN EL AIRE"},"content":{"rendered":"<pre>20 globos de color plata, 20 Globos de color negro, inflado con helio para que queden en un techo de globos, \r\ndando una vista  incre\u00edble para decorar ese espacio especial de celebraci\u00f3n, acompa\u00f1ado de la frase, \r\nHAPPY BIRTHDAY MY LOVE, en color plata, este es uno de los modelos favoritos de decoraci\u00f3n en las habitaciones\r\nde los hoteles, para los hu\u00e9spedes cumplea\u00f1eros que visitan Canc\u00fan, o para la recamara de la habitaci\u00f3n, \r\no para decorar ese espacio de celebraci\u00f3n, ideal para sorprender a \u00e9l o a ella, \r\nlos colores pueden variar seg\u00fan el gusto del cliente o de la disponibilidad en tienda.<\/pre>\n","protected":false},"excerpt":{"rendered":"<pre>Globos en el aire, es una mezcla de \r\n40 globos en dos tonos, con helio, \r\npara decorar el techo de una habitaci\u00f3n, \r\nas\u00ed como las frases \r\n\"HAPPY BIRTHDAY MY LOVE\", es uno de los \r\nmodelos favoritos para consentir a esa \r\npersona especial.<\/pre>\n","protected":false},"featured_media":648,"template":"","meta":[],"product_brand":[],"product_cat":[51,49,48,379],"product_tag":[419,606,604,608,602,465,603,605,607,545],"class_list":{"0":"post-647","1":"product","2":"type-product","3":"status-publish","4":"has-post-thumbnail","6":"product_cat-amor-aniversario","7":"product_cat-cumpleanos","8":"product_cat-mas-vendidas","9":"product_cat-regalos-y-globos-por-burbula","10":"product_tag-arreglo-de-globos","11":"product_tag-decoracion-de-globos-en-habitacion","12":"product_tag-decoracion-en-globos","13":"product_tag-globo-sorpresa","14":"product_tag-globos-burbula","15":"product_tag-globos-cancun","16":"product_tag-globos-detalle","17":"product_tag-globos-en-habitacion","18":"product_tag-globos-en-hotel-cancun","19":"product_tag-globos-para-cumpleanos","21":"first","22":"instock","23":"shipping-taxable","24":"purchasable","25":"product-type-simple"},"yoast_head":"<!-- This site is optimized with the Yoast SEO plugin v27.4 - https:\/\/yoast.com\/product\/yoast-seo-wordpress\/ -->\n<title>HAPPY BIRTHDAY EN EL AIRE - La Floristeria Canc\u00fan<\/title>\n<meta name=\"robots\" content=\"index, follow, max-snippet:-1, max-image-preview:large, max-video-preview:-1\" \/>\n<link rel=\"canonical\" href=\"https:\/\/shopfloristeria.com\/mx\/producto\/happy-birthday-en-el-aire\/\" \/>\n<meta property=\"og:locale\" content=\"es_MX\" \/>\n<meta property=\"og:type\" content=\"article\" \/>\n<meta property=\"og:title\" content=\"HAPPY BIRTHDAY EN EL AIRE - La Floristeria Canc\u00fan\" \/>\n<meta property=\"og:description\" content=\"Globos en el aire, es una mezcla de  40 globos en dos tonos, con helio,  para decorar el techo de una habitaci\u00f3n,  as\u00ed como las frases  &quot;HAPPY BIRTHDAY MY LOVE&quot;, es uno de los  modelos favoritos para consentir a esa  persona especial.\" \/>\n<meta property=\"og:url\" content=\"https:\/\/shopfloristeria.com\/mx\/producto\/happy-birthday-en-el-aire\/\" \/>\n<meta property=\"og:site_name\" content=\"La Floristeria Canc\u00fan\" \/>\n<meta property=\"og:image\" content=\"https:\/\/shopfloristeria.com\/mx\/wp-content\/uploads\/sites\/2\/2021\/09\/Screenshot_2021-09-21-11-20-56-430_com.google.android.apps_.docs_.jpg\" \/>\n\t<meta property=\"og:image:width\" content=\"1080\" \/>\n\t<meta property=\"og:image:height\" content=\"1383\" \/>\n\t<meta property=\"og:image:type\" content=\"image\/jpeg\" \/>\n<meta name=\"twitter:card\" content=\"summary_large_image\" \/>\n<meta name=\"twitter:label1\" content=\"Tiempo de lectura\" \/>\n\t<meta name=\"twitter:data1\" content=\"1 minuto\" \/>\n<script type=\"application\/ld+json\" class=\"yoast-schema-graph\">{\"@context\":\"https:\\\/\\\/schema.org\",\"@graph\":[{\"@type\":\"WebPage\",\"@id\":\"https:\\\/\\\/shopfloristeria.com\\\/mx\\\/producto\\\/happy-birthday-en-el-aire\\\/\",\"url\":\"https:\\\/\\\/shopfloristeria.com\\\/mx\\\/producto\\\/happy-birthday-en-el-aire\\\/\",\"name\":\"HAPPY BIRTHDAY EN EL AIRE - La Floristeria Canc\u00fan\",\"isPartOf\":{\"@id\":\"https:\\\/\\\/shopfloristeria.com\\\/mx\\\/#website\"},\"primaryImageOfPage\":{\"@id\":\"https:\\\/\\\/shopfloristeria.com\\\/mx\\\/producto\\\/happy-birthday-en-el-aire\\\/#primaryimage\"},\"image\":{\"@id\":\"https:\\\/\\\/shopfloristeria.com\\\/mx\\\/producto\\\/happy-birthday-en-el-aire\\\/#primaryimage\"},\"thumbnailUrl\":\"https:\\\/\\\/shopfloristeria.com\\\/mx\\\/wp-content\\\/uploads\\\/sites\\\/2\\\/2021\\\/09\\\/Screenshot_2021-09-21-11-20-56-430_com.google.android.apps_.docs_.jpg\",\"datePublished\":\"2021-09-27T23:57:12+00:00\",\"breadcrumb\":{\"@id\":\"https:\\\/\\\/shopfloristeria.com\\\/mx\\\/producto\\\/happy-birthday-en-el-aire\\\/#breadcrumb\"},\"inLanguage\":\"es\",\"potentialAction\":[{\"@type\":\"ReadAction\",\"target\":[\"https:\\\/\\\/shopfloristeria.com\\\/mx\\\/producto\\\/happy-birthday-en-el-aire\\\/\"]}]},{\"@type\":\"ImageObject\",\"inLanguage\":\"es\",\"@id\":\"https:\\\/\\\/shopfloristeria.com\\\/mx\\\/producto\\\/happy-birthday-en-el-aire\\\/#primaryimage\",\"url\":\"https:\\\/\\\/shopfloristeria.com\\\/mx\\\/wp-content\\\/uploads\\\/sites\\\/2\\\/2021\\\/09\\\/Screenshot_2021-09-21-11-20-56-430_com.google.android.apps_.docs_.jpg\",\"contentUrl\":\"https:\\\/\\\/shopfloristeria.com\\\/mx\\\/wp-content\\\/uploads\\\/sites\\\/2\\\/2021\\\/09\\\/Screenshot_2021-09-21-11-20-56-430_com.google.android.apps_.docs_.jpg\",\"width\":1080,\"height\":1383,\"caption\":\"globos con helio\"},{\"@type\":\"BreadcrumbList\",\"@id\":\"https:\\\/\\\/shopfloristeria.com\\\/mx\\\/producto\\\/happy-birthday-en-el-aire\\\/#breadcrumb\",\"itemListElement\":[{\"@type\":\"ListItem\",\"position\":1,\"name\":\"Tienda\",\"item\":\"https:\\\/\\\/shopfloristeria.com\\\/mx\\\/tienda\\\/\"},{\"@type\":\"ListItem\",\"position\":2,\"name\":\"HAPPY BIRTHDAY EN EL AIRE\"}]},{\"@type\":\"WebSite\",\"@id\":\"https:\\\/\\\/shopfloristeria.com\\\/mx\\\/#website\",\"url\":\"https:\\\/\\\/shopfloristeria.com\\\/mx\\\/\",\"name\":\"La Floristeria Canc\u00fan\",\"description\":\"Env\u00eda flores en M\u00e9xico\",\"publisher\":{\"@id\":\"https:\\\/\\\/shopfloristeria.com\\\/mx\\\/#organization\"},\"potentialAction\":[{\"@type\":\"SearchAction\",\"target\":{\"@type\":\"EntryPoint\",\"urlTemplate\":\"https:\\\/\\\/shopfloristeria.com\\\/mx\\\/?s={search_term_string}\"},\"query-input\":{\"@type\":\"PropertyValueSpecification\",\"valueRequired\":true,\"valueName\":\"search_term_string\"}}],\"inLanguage\":\"es\"},{\"@type\":\"Organization\",\"@id\":\"https:\\\/\\\/shopfloristeria.com\\\/mx\\\/#organization\",\"name\":\"La Floristeria Canc\u00fan\",\"url\":\"https:\\\/\\\/shopfloristeria.com\\\/mx\\\/\",\"logo\":{\"@type\":\"ImageObject\",\"inLanguage\":\"es\",\"@id\":\"https:\\\/\\\/shopfloristeria.com\\\/mx\\\/#\\\/schema\\\/logo\\\/image\\\/\",\"url\":\"https:\\\/\\\/shopfloristeria.com\\\/mx\\\/wp-content\\\/uploads\\\/sites\\\/2\\\/2020\\\/12\\\/logo-300x185-1.png\",\"contentUrl\":\"https:\\\/\\\/shopfloristeria.com\\\/mx\\\/wp-content\\\/uploads\\\/sites\\\/2\\\/2020\\\/12\\\/logo-300x185-1.png\",\"width\":300,\"height\":185,\"caption\":\"La Floristeria Canc\u00fan\"},\"image\":{\"@id\":\"https:\\\/\\\/shopfloristeria.com\\\/mx\\\/#\\\/schema\\\/logo\\\/image\\\/\"}}]}<\/script>\n<!-- \/ Yoast SEO plugin. -->","yoast_head_json":{"title":"HAPPY BIRTHDAY EN EL AIRE - La Floristeria Canc\u00fan","robots":{"index":"index","follow":"follow","max-snippet":"max-snippet:-1","max-image-preview":"max-image-preview:large","max-video-preview":"max-video-preview:-1"},"canonical":"https:\/\/shopfloristeria.com\/mx\/producto\/happy-birthday-en-el-aire\/","og_locale":"es_MX","og_type":"article","og_title":"HAPPY BIRTHDAY EN EL AIRE - La Floristeria Canc\u00fan","og_description":"Globos en el aire, es una mezcla de  40 globos en dos tonos, con helio,  para decorar el techo de una habitaci\u00f3n,  as\u00ed como las frases  \"HAPPY BIRTHDAY MY LOVE\", es uno de los  modelos favoritos para consentir a esa  persona especial.","og_url":"https:\/\/shopfloristeria.com\/mx\/producto\/happy-birthday-en-el-aire\/","og_site_name":"La Floristeria Canc\u00fan","og_image":[{"width":1080,"height":1383,"url":"https:\/\/shopfloristeria.com\/mx\/wp-content\/uploads\/sites\/2\/2021\/09\/Screenshot_2021-09-21-11-20-56-430_com.google.android.apps_.docs_.jpg","type":"image\/jpeg"}],"twitter_card":"summary_large_image","twitter_misc":{"Tiempo de lectura":"1 minuto"},"schema":{"@context":"https:\/\/schema.org","@graph":[{"@type":"WebPage","@id":"https:\/\/shopfloristeria.com\/mx\/producto\/happy-birthday-en-el-aire\/","url":"https:\/\/shopfloristeria.com\/mx\/producto\/happy-birthday-en-el-aire\/","name":"HAPPY BIRTHDAY EN EL AIRE - La Floristeria Canc\u00fan","isPartOf":{"@id":"https:\/\/shopfloristeria.com\/mx\/#website"},"primaryImageOfPage":{"@id":"https:\/\/shopfloristeria.com\/mx\/producto\/happy-birthday-en-el-aire\/#primaryimage"},"image":{"@id":"https:\/\/shopfloristeria.com\/mx\/producto\/happy-birthday-en-el-aire\/#primaryimage"},"thumbnailUrl":"https:\/\/shopfloristeria.com\/mx\/wp-content\/uploads\/sites\/2\/2021\/09\/Screenshot_2021-09-21-11-20-56-430_com.google.android.apps_.docs_.jpg","datePublished":"2021-09-27T23:57:12+00:00","breadcrumb":{"@id":"https:\/\/shopfloristeria.com\/mx\/producto\/happy-birthday-en-el-aire\/#breadcrumb"},"inLanguage":"es","potentialAction":[{"@type":"ReadAction","target":["https:\/\/shopfloristeria.com\/mx\/producto\/happy-birthday-en-el-aire\/"]}]},{"@type":"ImageObject","inLanguage":"es","@id":"https:\/\/shopfloristeria.com\/mx\/producto\/happy-birthday-en-el-aire\/#primaryimage","url":"https:\/\/shopfloristeria.com\/mx\/wp-content\/uploads\/sites\/2\/2021\/09\/Screenshot_2021-09-21-11-20-56-430_com.google.android.apps_.docs_.jpg","contentUrl":"https:\/\/shopfloristeria.com\/mx\/wp-content\/uploads\/sites\/2\/2021\/09\/Screenshot_2021-09-21-11-20-56-430_com.google.android.apps_.docs_.jpg","width":1080,"height":1383,"caption":"globos con helio"},{"@type":"BreadcrumbList","@id":"https:\/\/shopfloristeria.com\/mx\/producto\/happy-birthday-en-el-aire\/#breadcrumb","itemListElement":[{"@type":"ListItem","position":1,"name":"Tienda","item":"https:\/\/shopfloristeria.com\/mx\/tienda\/"},{"@type":"ListItem","position":2,"name":"HAPPY BIRTHDAY EN EL AIRE"}]},{"@type":"WebSite","@id":"https:\/\/shopfloristeria.com\/mx\/#website","url":"https:\/\/shopfloristeria.com\/mx\/","name":"La Floristeria Canc\u00fan","description":"Env\u00eda flores en M\u00e9xico","publisher":{"@id":"https:\/\/shopfloristeria.com\/mx\/#organization"},"potentialAction":[{"@type":"SearchAction","target":{"@type":"EntryPoint","urlTemplate":"https:\/\/shopfloristeria.com\/mx\/?s={search_term_string}"},"query-input":{"@type":"PropertyValueSpecification","valueRequired":true,"valueName":"search_term_string"}}],"inLanguage":"es"},{"@type":"Organization","@id":"https:\/\/shopfloristeria.com\/mx\/#organization","name":"La Floristeria Canc\u00fan","url":"https:\/\/shopfloristeria.com\/mx\/","logo":{"@type":"ImageObject","inLanguage":"es","@id":"https:\/\/shopfloristeria.com\/mx\/#\/schema\/logo\/image\/","url":"https:\/\/shopfloristeria.com\/mx\/wp-content\/uploads\/sites\/2\/2020\/12\/logo-300x185-1.png","contentUrl":"https:\/\/shopfloristeria.com\/mx\/wp-content\/uploads\/sites\/2\/2020\/12\/logo-300x185-1.png","width":300,"height":185,"caption":"La Floristeria Canc\u00fan"},"image":{"@id":"https:\/\/shopfloristeria.com\/mx\/#\/schema\/logo\/image\/"}}]}},"_links":{"self":[{"href":"https:\/\/shopfloristeria.com\/mx\/wp-json\/wp\/v2\/product\/647","targetHints":{"allow":["GET"]}}],"collection":[{"href":"https:\/\/shopfloristeria.com\/mx\/wp-json\/wp\/v2\/product"}],"about":[{"href":"https:\/\/shopfloristeria.com\/mx\/wp-json\/wp\/v2\/types\/product"}],"wp:featuredmedia":[{"embeddable":true,"href":"https:\/\/shopfloristeria.com\/mx\/wp-json\/wp\/v2\/media\/648"}],"wp:attachment":[{"href":"https:\/\/shopfloristeria.com\/mx\/wp-json\/wp\/v2\/media?parent=647"}],"wp:term":[{"taxonomy":"product_brand","embeddable":true,"href":"https:\/\/shopfloristeria.com\/mx\/wp-json\/wp\/v2\/product_brand?post=647"},{"taxonomy":"product_cat","embeddable":true,"href":"https:\/\/shopfloristeria.com\/mx\/wp-json\/wp\/v2\/product_cat?post=647"},{"taxonomy":"product_tag","embeddable":true,"href":"https:\/\/shopfloristeria.com\/mx\/wp-json\/wp\/v2\/product_tag?post=647"}],"curies":[{"name":"wp","href":"https:\/\/api.w.org\/{rel}","templated":true}]}}