{"id":483,"date":"2021-05-04T22:18:43","date_gmt":"2021-05-04T22:18:43","guid":{"rendered":"https:\/\/shopfloristeria.com\/mx\/?post_type=product&#038;p=483"},"modified":"2023-05-01T15:02:55","modified_gmt":"2023-05-01T15:02:55","slug":"mama-mini","status":"publish","type":"product","link":"https:\/\/shopfloristeria.com\/mx\/producto\/mama-mini\/","title":{"rendered":"Mama mini"},"content":{"rendered":"<pre>No es lo que regalas sino como lo regalas.... Transmitimos lo que sientes\r\n\r\nTodos nuestros arreglos son hechos al momento con flores y accesorios de la mejor calidad.<\/pre>\n","protected":false},"excerpt":{"rendered":"<pre>Mini box de Rosas, mini rosas y follajes en caja de \r\ncarton mini<\/pre>\n","protected":false},"featured_media":484,"template":"","meta":[],"product_brand":[],"product_cat":[50],"product_tag":[300,157,473,472,141,60,162,110,301,164,302,303,220,474,304,270,305],"class_list":{"0":"post-483","1":"product","2":"type-product","3":"status-publish","4":"has-post-thumbnail","6":"product_cat-de-ocasion","7":"product_tag-arreglo-de-flores-grande","8":"product_tag-cancun-flores","9":"product_tag-detalles-para-mama","10":"product_tag-dia-de-las-madres","11":"product_tag-envia-flores-cancun","12":"product_tag-floreria-cancun","13":"product_tag-florerias-cancun","14":"product_tag-flores-cancun","15":"product_tag-flores-dia-de-la-madre","16":"product_tag-flores-en-cancun","17":"product_tag-flores-envio-cancun","18":"product_tag-flores-online-cancun","19":"product_tag-flores-para-mama","20":"product_tag-mothers-day","21":"product_tag-ramo-de-flores-grande","22":"product_tag-regalo-para-mama","23":"product_tag-servicio-a-domicilio-flores-cancun","25":"first","26":"instock","27":"shipping-taxable","28":"purchasable","29":"product-type-simple"},"yoast_head":"<!-- This site is optimized with the Yoast SEO plugin v27.3 - https:\/\/yoast.com\/product\/yoast-seo-wordpress\/ -->\n<title>Mama mini - La Floristeria Canc\u00fan<\/title>\n<meta name=\"robots\" content=\"index, follow, max-snippet:-1, max-image-preview:large, max-video-preview:-1\" \/>\n<link rel=\"canonical\" href=\"https:\/\/shopfloristeria.com\/mx\/producto\/mama-mini\/\" \/>\n<meta property=\"og:locale\" content=\"es_MX\" \/>\n<meta property=\"og:type\" content=\"article\" \/>\n<meta property=\"og:title\" content=\"Mama mini - La Floristeria Canc\u00fan\" \/>\n<meta property=\"og:description\" content=\"Mini box de Rosas, mini rosas y follajes en caja de  carton mini\" \/>\n<meta property=\"og:url\" content=\"https:\/\/shopfloristeria.com\/mx\/producto\/mama-mini\/\" \/>\n<meta property=\"og:site_name\" content=\"La Floristeria Canc\u00fan\" \/>\n<meta property=\"article:modified_time\" content=\"2023-05-01T15:02:55+00:00\" \/>\n<meta property=\"og:image\" content=\"https:\/\/shopfloristeria.com\/mx\/wp-content\/uploads\/sites\/2\/2021\/05\/WhatsApp-Image-2021-05-04-at-4.46.03-PM-1.jpeg\" \/>\n\t<meta property=\"og:image:width\" content=\"1200\" \/>\n\t<meta property=\"og:image:height\" content=\"1600\" \/>\n\t<meta property=\"og:image:type\" content=\"image\/jpeg\" \/>\n<meta name=\"twitter:card\" content=\"summary_large_image\" \/>\n<script type=\"application\/ld+json\" class=\"yoast-schema-graph\">{\"@context\":\"https:\\\/\\\/schema.org\",\"@graph\":[{\"@type\":\"WebPage\",\"@id\":\"https:\\\/\\\/shopfloristeria.com\\\/mx\\\/producto\\\/mama-mini\\\/\",\"url\":\"https:\\\/\\\/shopfloristeria.com\\\/mx\\\/producto\\\/mama-mini\\\/\",\"name\":\"Mama mini - La Floristeria Canc\u00fan\",\"isPartOf\":{\"@id\":\"https:\\\/\\\/shopfloristeria.com\\\/mx\\\/#website\"},\"primaryImageOfPage\":{\"@id\":\"https:\\\/\\\/shopfloristeria.com\\\/mx\\\/producto\\\/mama-mini\\\/#primaryimage\"},\"image\":{\"@id\":\"https:\\\/\\\/shopfloristeria.com\\\/mx\\\/producto\\\/mama-mini\\\/#primaryimage\"},\"thumbnailUrl\":\"https:\\\/\\\/shopfloristeria.com\\\/mx\\\/wp-content\\\/uploads\\\/sites\\\/2\\\/2021\\\/05\\\/WhatsApp-Image-2021-05-04-at-4.46.03-PM-1.jpeg\",\"datePublished\":\"2021-05-04T22:18:43+00:00\",\"dateModified\":\"2023-05-01T15:02:55+00:00\",\"breadcrumb\":{\"@id\":\"https:\\\/\\\/shopfloristeria.com\\\/mx\\\/producto\\\/mama-mini\\\/#breadcrumb\"},\"inLanguage\":\"es\",\"potentialAction\":[{\"@type\":\"ReadAction\",\"target\":[\"https:\\\/\\\/shopfloristeria.com\\\/mx\\\/producto\\\/mama-mini\\\/\"]}]},{\"@type\":\"ImageObject\",\"inLanguage\":\"es\",\"@id\":\"https:\\\/\\\/shopfloristeria.com\\\/mx\\\/producto\\\/mama-mini\\\/#primaryimage\",\"url\":\"https:\\\/\\\/shopfloristeria.com\\\/mx\\\/wp-content\\\/uploads\\\/sites\\\/2\\\/2021\\\/05\\\/WhatsApp-Image-2021-05-04-at-4.46.03-PM-1.jpeg\",\"contentUrl\":\"https:\\\/\\\/shopfloristeria.com\\\/mx\\\/wp-content\\\/uploads\\\/sites\\\/2\\\/2021\\\/05\\\/WhatsApp-Image-2021-05-04-at-4.46.03-PM-1.jpeg\",\"width\":1200,\"height\":1600},{\"@type\":\"BreadcrumbList\",\"@id\":\"https:\\\/\\\/shopfloristeria.com\\\/mx\\\/producto\\\/mama-mini\\\/#breadcrumb\",\"itemListElement\":[{\"@type\":\"ListItem\",\"position\":1,\"name\":\"Tienda\",\"item\":\"https:\\\/\\\/shopfloristeria.com\\\/mx\\\/tienda\\\/\"},{\"@type\":\"ListItem\",\"position\":2,\"name\":\"Mama mini\"}]},{\"@type\":\"WebSite\",\"@id\":\"https:\\\/\\\/shopfloristeria.com\\\/mx\\\/#website\",\"url\":\"https:\\\/\\\/shopfloristeria.com\\\/mx\\\/\",\"name\":\"La Floristeria Canc\u00fan\",\"description\":\"Env\u00eda flores en M\u00e9xico\",\"publisher\":{\"@id\":\"https:\\\/\\\/shopfloristeria.com\\\/mx\\\/#organization\"},\"potentialAction\":[{\"@type\":\"SearchAction\",\"target\":{\"@type\":\"EntryPoint\",\"urlTemplate\":\"https:\\\/\\\/shopfloristeria.com\\\/mx\\\/?s={search_term_string}\"},\"query-input\":{\"@type\":\"PropertyValueSpecification\",\"valueRequired\":true,\"valueName\":\"search_term_string\"}}],\"inLanguage\":\"es\"},{\"@type\":\"Organization\",\"@id\":\"https:\\\/\\\/shopfloristeria.com\\\/mx\\\/#organization\",\"name\":\"La Floristeria Canc\u00fan\",\"url\":\"https:\\\/\\\/shopfloristeria.com\\\/mx\\\/\",\"logo\":{\"@type\":\"ImageObject\",\"inLanguage\":\"es\",\"@id\":\"https:\\\/\\\/shopfloristeria.com\\\/mx\\\/#\\\/schema\\\/logo\\\/image\\\/\",\"url\":\"https:\\\/\\\/shopfloristeria.com\\\/mx\\\/wp-content\\\/uploads\\\/sites\\\/2\\\/2020\\\/12\\\/logo-300x185-1.png\",\"contentUrl\":\"https:\\\/\\\/shopfloristeria.com\\\/mx\\\/wp-content\\\/uploads\\\/sites\\\/2\\\/2020\\\/12\\\/logo-300x185-1.png\",\"width\":300,\"height\":185,\"caption\":\"La Floristeria Canc\u00fan\"},\"image\":{\"@id\":\"https:\\\/\\\/shopfloristeria.com\\\/mx\\\/#\\\/schema\\\/logo\\\/image\\\/\"}}]}<\/script>\n<!-- \/ Yoast SEO plugin. -->","yoast_head_json":{"title":"Mama mini - La Floristeria Canc\u00fan","robots":{"index":"index","follow":"follow","max-snippet":"max-snippet:-1","max-image-preview":"max-image-preview:large","max-video-preview":"max-video-preview:-1"},"canonical":"https:\/\/shopfloristeria.com\/mx\/producto\/mama-mini\/","og_locale":"es_MX","og_type":"article","og_title":"Mama mini - La Floristeria Canc\u00fan","og_description":"Mini box de Rosas, mini rosas y follajes en caja de  carton mini","og_url":"https:\/\/shopfloristeria.com\/mx\/producto\/mama-mini\/","og_site_name":"La Floristeria Canc\u00fan","article_modified_time":"2023-05-01T15:02:55+00:00","og_image":[{"width":1200,"height":1600,"url":"https:\/\/shopfloristeria.com\/mx\/wp-content\/uploads\/sites\/2\/2021\/05\/WhatsApp-Image-2021-05-04-at-4.46.03-PM-1.jpeg","type":"image\/jpeg"}],"twitter_card":"summary_large_image","schema":{"@context":"https:\/\/schema.org","@graph":[{"@type":"WebPage","@id":"https:\/\/shopfloristeria.com\/mx\/producto\/mama-mini\/","url":"https:\/\/shopfloristeria.com\/mx\/producto\/mama-mini\/","name":"Mama mini - La Floristeria Canc\u00fan","isPartOf":{"@id":"https:\/\/shopfloristeria.com\/mx\/#website"},"primaryImageOfPage":{"@id":"https:\/\/shopfloristeria.com\/mx\/producto\/mama-mini\/#primaryimage"},"image":{"@id":"https:\/\/shopfloristeria.com\/mx\/producto\/mama-mini\/#primaryimage"},"thumbnailUrl":"https:\/\/shopfloristeria.com\/mx\/wp-content\/uploads\/sites\/2\/2021\/05\/WhatsApp-Image-2021-05-04-at-4.46.03-PM-1.jpeg","datePublished":"2021-05-04T22:18:43+00:00","dateModified":"2023-05-01T15:02:55+00:00","breadcrumb":{"@id":"https:\/\/shopfloristeria.com\/mx\/producto\/mama-mini\/#breadcrumb"},"inLanguage":"es","potentialAction":[{"@type":"ReadAction","target":["https:\/\/shopfloristeria.com\/mx\/producto\/mama-mini\/"]}]},{"@type":"ImageObject","inLanguage":"es","@id":"https:\/\/shopfloristeria.com\/mx\/producto\/mama-mini\/#primaryimage","url":"https:\/\/shopfloristeria.com\/mx\/wp-content\/uploads\/sites\/2\/2021\/05\/WhatsApp-Image-2021-05-04-at-4.46.03-PM-1.jpeg","contentUrl":"https:\/\/shopfloristeria.com\/mx\/wp-content\/uploads\/sites\/2\/2021\/05\/WhatsApp-Image-2021-05-04-at-4.46.03-PM-1.jpeg","width":1200,"height":1600},{"@type":"BreadcrumbList","@id":"https:\/\/shopfloristeria.com\/mx\/producto\/mama-mini\/#breadcrumb","itemListElement":[{"@type":"ListItem","position":1,"name":"Tienda","item":"https:\/\/shopfloristeria.com\/mx\/tienda\/"},{"@type":"ListItem","position":2,"name":"Mama mini"}]},{"@type":"WebSite","@id":"https:\/\/shopfloristeria.com\/mx\/#website","url":"https:\/\/shopfloristeria.com\/mx\/","name":"La Floristeria Canc\u00fan","description":"Env\u00eda flores en M\u00e9xico","publisher":{"@id":"https:\/\/shopfloristeria.com\/mx\/#organization"},"potentialAction":[{"@type":"SearchAction","target":{"@type":"EntryPoint","urlTemplate":"https:\/\/shopfloristeria.com\/mx\/?s={search_term_string}"},"query-input":{"@type":"PropertyValueSpecification","valueRequired":true,"valueName":"search_term_string"}}],"inLanguage":"es"},{"@type":"Organization","@id":"https:\/\/shopfloristeria.com\/mx\/#organization","name":"La Floristeria Canc\u00fan","url":"https:\/\/shopfloristeria.com\/mx\/","logo":{"@type":"ImageObject","inLanguage":"es","@id":"https:\/\/shopfloristeria.com\/mx\/#\/schema\/logo\/image\/","url":"https:\/\/shopfloristeria.com\/mx\/wp-content\/uploads\/sites\/2\/2020\/12\/logo-300x185-1.png","contentUrl":"https:\/\/shopfloristeria.com\/mx\/wp-content\/uploads\/sites\/2\/2020\/12\/logo-300x185-1.png","width":300,"height":185,"caption":"La Floristeria Canc\u00fan"},"image":{"@id":"https:\/\/shopfloristeria.com\/mx\/#\/schema\/logo\/image\/"}}]}},"_links":{"self":[{"href":"https:\/\/shopfloristeria.com\/mx\/wp-json\/wp\/v2\/product\/483","targetHints":{"allow":["GET"]}}],"collection":[{"href":"https:\/\/shopfloristeria.com\/mx\/wp-json\/wp\/v2\/product"}],"about":[{"href":"https:\/\/shopfloristeria.com\/mx\/wp-json\/wp\/v2\/types\/product"}],"wp:featuredmedia":[{"embeddable":true,"href":"https:\/\/shopfloristeria.com\/mx\/wp-json\/wp\/v2\/media\/484"}],"wp:attachment":[{"href":"https:\/\/shopfloristeria.com\/mx\/wp-json\/wp\/v2\/media?parent=483"}],"wp:term":[{"taxonomy":"product_brand","embeddable":true,"href":"https:\/\/shopfloristeria.com\/mx\/wp-json\/wp\/v2\/product_brand?post=483"},{"taxonomy":"product_cat","embeddable":true,"href":"https:\/\/shopfloristeria.com\/mx\/wp-json\/wp\/v2\/product_cat?post=483"},{"taxonomy":"product_tag","embeddable":true,"href":"https:\/\/shopfloristeria.com\/mx\/wp-json\/wp\/v2\/product_tag?post=483"}],"curies":[{"name":"wp","href":"https:\/\/api.w.org\/{rel}","templated":true}]}}