{"id":367,"date":"2021-02-05T15:43:22","date_gmt":"2021-02-05T15:43:22","guid":{"rendered":"https:\/\/shopfloristeria.com\/mx\/?post_type=product&#038;p=367"},"modified":"2024-02-04T22:23:53","modified_gmt":"2024-02-04T22:23:53","slug":"6-love-is-in-the-air","status":"publish","type":"product","link":"https:\/\/shopfloristeria.com\/mx\/producto\/6-love-is-in-the-air\/","title":{"rendered":"LOVE IS IN THE AIR"},"content":{"rendered":"<pre>Globo decorado y acompa\u00f1ado de una caja de rosas en \r\nforma de globo aerost\u00e1tico.\r\nEs un detalle original y muy romantico para esa persona tan especial un regalo tan\r\n vers\u00e1til que es perfecto para \u00e9l o para ella. la invitaci\u00f3n a un viaje hacia \r\nel amor....<\/pre>\n","protected":false},"excerpt":{"rendered":"<p>Globo decorado y acompa\u00f1ado de una caja de rosas.<\/p>\n","protected":false},"featured_media":373,"template":"","meta":[],"product_brand":[],"product_cat":[52,49,48,379,87],"product_tag":[433,434,435,436,437,438,439,440,441,442,443,445,444,446,447,448,449,450,451,452,453],"class_list":{"0":"post-367","1":"product","2":"type-product","3":"status-publish","4":"has-post-thumbnail","6":"product_cat-baby-shower","7":"product_cat-cumpleanos","8":"product_cat-mas-vendidas","9":"product_cat-regalos-y-globos-por-burbula","10":"product_cat-rosas","11":"product_tag-arreglo-de-rosas-rosas-con-gerberas-arreglo-de-rosas-rosas-con-gerberas","12":"product_tag-arreglo-de-rosas-rosas-naturales-arreglo-de-rosas-rosas-naturales","13":"product_tag-arreglo-de-rosas-y-gerberas-arreglo-de-rosas-y-gerberas","14":"product_tag-arreglo-elegante-rosas-arreglo-elegante-rosas","15":"product_tag-arreglo-rosas-naturales-arreglo-rosas-naturales","16":"product_tag-arreglos-de-amor-arreglos-de-amor","17":"product_tag-arreglos-de-flores-arreglos-de-flores","18":"product_tag-arreglos-para-el-14-arreglos-para-el-14","19":"product_tag-arreglos-para-san-valentin-arreglos-para-san-valentin","20":"product_tag-cancun-flowershop-cancun-flowershop","21":"product_tag-envio-de-rosas-naturales-envio-de-rosas-naturales","22":"product_tag-envios-de-rosas-cancun-envios-de-rosas-cancun","23":"product_tag-envios-de-rosas-envios-de-rosas","24":"product_tag-envios-flores-cancun-envios-flores-cancun","25":"product_tag-natural-roses-natural-roses","26":"product_tag-pink-roses-pink-roses","27":"product_tag-rosas-a-domicilio-rosas-a-domicilio","28":"product_tag-rosas-naturales-rosas-naturales","29":"product_tag-rosas-online-rosas-online","30":"product_tag-rosas-para-san-valentin-rosas-para-san-valentin","31":"product_tag-san-valentin-arragement-san-valentin-arragement","33":"first","34":"outofstock","35":"shipping-taxable","36":"purchasable","37":"product-type-simple"},"yoast_head":"<!-- This site is optimized with the Yoast SEO plugin v27.3 - https:\/\/yoast.com\/product\/yoast-seo-wordpress\/ -->\n<title>LOVE IS IN THE AIR - La Floristeria Canc\u00fan<\/title>\n<meta name=\"robots\" content=\"index, follow, max-snippet:-1, max-image-preview:large, max-video-preview:-1\" \/>\n<link rel=\"canonical\" href=\"https:\/\/shopfloristeria.com\/mx\/producto\/6-love-is-in-the-air\/\" \/>\n<meta property=\"og:locale\" content=\"es_MX\" \/>\n<meta property=\"og:type\" content=\"article\" \/>\n<meta property=\"og:title\" content=\"LOVE IS IN THE AIR - La Floristeria Canc\u00fan\" \/>\n<meta property=\"og:description\" content=\"Globo decorado y acompa\u00f1ado de una caja de rosas.\" \/>\n<meta property=\"og:url\" content=\"https:\/\/shopfloristeria.com\/mx\/producto\/6-love-is-in-the-air\/\" \/>\n<meta property=\"og:site_name\" content=\"La Floristeria Canc\u00fan\" \/>\n<meta property=\"article:modified_time\" content=\"2024-02-04T22:23:53+00:00\" \/>\n<meta property=\"og:image\" content=\"https:\/\/shopfloristeria.com\/mx\/wp-content\/uploads\/sites\/2\/2021\/02\/smell-like-love-600x768-1.jpg\" \/>\n\t<meta property=\"og:image:width\" content=\"600\" \/>\n\t<meta property=\"og:image:height\" content=\"768\" \/>\n\t<meta property=\"og:image:type\" content=\"image\/jpeg\" \/>\n<meta name=\"twitter:card\" content=\"summary_large_image\" \/>\n<script type=\"application\/ld+json\" class=\"yoast-schema-graph\">{\"@context\":\"https:\\\/\\\/schema.org\",\"@graph\":[{\"@type\":\"WebPage\",\"@id\":\"https:\\\/\\\/shopfloristeria.com\\\/mx\\\/producto\\\/6-love-is-in-the-air\\\/\",\"url\":\"https:\\\/\\\/shopfloristeria.com\\\/mx\\\/producto\\\/6-love-is-in-the-air\\\/\",\"name\":\"LOVE IS IN THE AIR - La Floristeria Canc\u00fan\",\"isPartOf\":{\"@id\":\"https:\\\/\\\/shopfloristeria.com\\\/mx\\\/#website\"},\"primaryImageOfPage\":{\"@id\":\"https:\\\/\\\/shopfloristeria.com\\\/mx\\\/producto\\\/6-love-is-in-the-air\\\/#primaryimage\"},\"image\":{\"@id\":\"https:\\\/\\\/shopfloristeria.com\\\/mx\\\/producto\\\/6-love-is-in-the-air\\\/#primaryimage\"},\"thumbnailUrl\":\"https:\\\/\\\/shopfloristeria.com\\\/mx\\\/wp-content\\\/uploads\\\/sites\\\/2\\\/2021\\\/02\\\/smell-like-love-600x768-1.jpg\",\"datePublished\":\"2021-02-05T15:43:22+00:00\",\"dateModified\":\"2024-02-04T22:23:53+00:00\",\"breadcrumb\":{\"@id\":\"https:\\\/\\\/shopfloristeria.com\\\/mx\\\/producto\\\/6-love-is-in-the-air\\\/#breadcrumb\"},\"inLanguage\":\"es\",\"potentialAction\":[{\"@type\":\"ReadAction\",\"target\":[\"https:\\\/\\\/shopfloristeria.com\\\/mx\\\/producto\\\/6-love-is-in-the-air\\\/\"]}]},{\"@type\":\"ImageObject\",\"inLanguage\":\"es\",\"@id\":\"https:\\\/\\\/shopfloristeria.com\\\/mx\\\/producto\\\/6-love-is-in-the-air\\\/#primaryimage\",\"url\":\"https:\\\/\\\/shopfloristeria.com\\\/mx\\\/wp-content\\\/uploads\\\/sites\\\/2\\\/2021\\\/02\\\/smell-like-love-600x768-1.jpg\",\"contentUrl\":\"https:\\\/\\\/shopfloristeria.com\\\/mx\\\/wp-content\\\/uploads\\\/sites\\\/2\\\/2021\\\/02\\\/smell-like-love-600x768-1.jpg\",\"width\":600,\"height\":768},{\"@type\":\"BreadcrumbList\",\"@id\":\"https:\\\/\\\/shopfloristeria.com\\\/mx\\\/producto\\\/6-love-is-in-the-air\\\/#breadcrumb\",\"itemListElement\":[{\"@type\":\"ListItem\",\"position\":1,\"name\":\"Tienda\",\"item\":\"https:\\\/\\\/shopfloristeria.com\\\/mx\\\/tienda\\\/\"},{\"@type\":\"ListItem\",\"position\":2,\"name\":\"LOVE IS IN THE AIR\"}]},{\"@type\":\"WebSite\",\"@id\":\"https:\\\/\\\/shopfloristeria.com\\\/mx\\\/#website\",\"url\":\"https:\\\/\\\/shopfloristeria.com\\\/mx\\\/\",\"name\":\"La Floristeria Canc\u00fan\",\"description\":\"Env\u00eda flores en M\u00e9xico\",\"publisher\":{\"@id\":\"https:\\\/\\\/shopfloristeria.com\\\/mx\\\/#organization\"},\"potentialAction\":[{\"@type\":\"SearchAction\",\"target\":{\"@type\":\"EntryPoint\",\"urlTemplate\":\"https:\\\/\\\/shopfloristeria.com\\\/mx\\\/?s={search_term_string}\"},\"query-input\":{\"@type\":\"PropertyValueSpecification\",\"valueRequired\":true,\"valueName\":\"search_term_string\"}}],\"inLanguage\":\"es\"},{\"@type\":\"Organization\",\"@id\":\"https:\\\/\\\/shopfloristeria.com\\\/mx\\\/#organization\",\"name\":\"La Floristeria Canc\u00fan\",\"url\":\"https:\\\/\\\/shopfloristeria.com\\\/mx\\\/\",\"logo\":{\"@type\":\"ImageObject\",\"inLanguage\":\"es\",\"@id\":\"https:\\\/\\\/shopfloristeria.com\\\/mx\\\/#\\\/schema\\\/logo\\\/image\\\/\",\"url\":\"https:\\\/\\\/shopfloristeria.com\\\/mx\\\/wp-content\\\/uploads\\\/sites\\\/2\\\/2020\\\/12\\\/logo-300x185-1.png\",\"contentUrl\":\"https:\\\/\\\/shopfloristeria.com\\\/mx\\\/wp-content\\\/uploads\\\/sites\\\/2\\\/2020\\\/12\\\/logo-300x185-1.png\",\"width\":300,\"height\":185,\"caption\":\"La Floristeria Canc\u00fan\"},\"image\":{\"@id\":\"https:\\\/\\\/shopfloristeria.com\\\/mx\\\/#\\\/schema\\\/logo\\\/image\\\/\"}}]}<\/script>\n<!-- \/ Yoast SEO plugin. -->","yoast_head_json":{"title":"LOVE IS IN THE AIR - La Floristeria Canc\u00fan","robots":{"index":"index","follow":"follow","max-snippet":"max-snippet:-1","max-image-preview":"max-image-preview:large","max-video-preview":"max-video-preview:-1"},"canonical":"https:\/\/shopfloristeria.com\/mx\/producto\/6-love-is-in-the-air\/","og_locale":"es_MX","og_type":"article","og_title":"LOVE IS IN THE AIR - La Floristeria Canc\u00fan","og_description":"Globo decorado y acompa\u00f1ado de una caja de rosas.","og_url":"https:\/\/shopfloristeria.com\/mx\/producto\/6-love-is-in-the-air\/","og_site_name":"La Floristeria Canc\u00fan","article_modified_time":"2024-02-04T22:23:53+00:00","og_image":[{"width":600,"height":768,"url":"https:\/\/shopfloristeria.com\/mx\/wp-content\/uploads\/sites\/2\/2021\/02\/smell-like-love-600x768-1.jpg","type":"image\/jpeg"}],"twitter_card":"summary_large_image","schema":{"@context":"https:\/\/schema.org","@graph":[{"@type":"WebPage","@id":"https:\/\/shopfloristeria.com\/mx\/producto\/6-love-is-in-the-air\/","url":"https:\/\/shopfloristeria.com\/mx\/producto\/6-love-is-in-the-air\/","name":"LOVE IS IN THE AIR - La Floristeria Canc\u00fan","isPartOf":{"@id":"https:\/\/shopfloristeria.com\/mx\/#website"},"primaryImageOfPage":{"@id":"https:\/\/shopfloristeria.com\/mx\/producto\/6-love-is-in-the-air\/#primaryimage"},"image":{"@id":"https:\/\/shopfloristeria.com\/mx\/producto\/6-love-is-in-the-air\/#primaryimage"},"thumbnailUrl":"https:\/\/shopfloristeria.com\/mx\/wp-content\/uploads\/sites\/2\/2021\/02\/smell-like-love-600x768-1.jpg","datePublished":"2021-02-05T15:43:22+00:00","dateModified":"2024-02-04T22:23:53+00:00","breadcrumb":{"@id":"https:\/\/shopfloristeria.com\/mx\/producto\/6-love-is-in-the-air\/#breadcrumb"},"inLanguage":"es","potentialAction":[{"@type":"ReadAction","target":["https:\/\/shopfloristeria.com\/mx\/producto\/6-love-is-in-the-air\/"]}]},{"@type":"ImageObject","inLanguage":"es","@id":"https:\/\/shopfloristeria.com\/mx\/producto\/6-love-is-in-the-air\/#primaryimage","url":"https:\/\/shopfloristeria.com\/mx\/wp-content\/uploads\/sites\/2\/2021\/02\/smell-like-love-600x768-1.jpg","contentUrl":"https:\/\/shopfloristeria.com\/mx\/wp-content\/uploads\/sites\/2\/2021\/02\/smell-like-love-600x768-1.jpg","width":600,"height":768},{"@type":"BreadcrumbList","@id":"https:\/\/shopfloristeria.com\/mx\/producto\/6-love-is-in-the-air\/#breadcrumb","itemListElement":[{"@type":"ListItem","position":1,"name":"Tienda","item":"https:\/\/shopfloristeria.com\/mx\/tienda\/"},{"@type":"ListItem","position":2,"name":"LOVE IS IN THE AIR"}]},{"@type":"WebSite","@id":"https:\/\/shopfloristeria.com\/mx\/#website","url":"https:\/\/shopfloristeria.com\/mx\/","name":"La Floristeria Canc\u00fan","description":"Env\u00eda flores en M\u00e9xico","publisher":{"@id":"https:\/\/shopfloristeria.com\/mx\/#organization"},"potentialAction":[{"@type":"SearchAction","target":{"@type":"EntryPoint","urlTemplate":"https:\/\/shopfloristeria.com\/mx\/?s={search_term_string}"},"query-input":{"@type":"PropertyValueSpecification","valueRequired":true,"valueName":"search_term_string"}}],"inLanguage":"es"},{"@type":"Organization","@id":"https:\/\/shopfloristeria.com\/mx\/#organization","name":"La Floristeria Canc\u00fan","url":"https:\/\/shopfloristeria.com\/mx\/","logo":{"@type":"ImageObject","inLanguage":"es","@id":"https:\/\/shopfloristeria.com\/mx\/#\/schema\/logo\/image\/","url":"https:\/\/shopfloristeria.com\/mx\/wp-content\/uploads\/sites\/2\/2020\/12\/logo-300x185-1.png","contentUrl":"https:\/\/shopfloristeria.com\/mx\/wp-content\/uploads\/sites\/2\/2020\/12\/logo-300x185-1.png","width":300,"height":185,"caption":"La Floristeria Canc\u00fan"},"image":{"@id":"https:\/\/shopfloristeria.com\/mx\/#\/schema\/logo\/image\/"}}]}},"_links":{"self":[{"href":"https:\/\/shopfloristeria.com\/mx\/wp-json\/wp\/v2\/product\/367","targetHints":{"allow":["GET"]}}],"collection":[{"href":"https:\/\/shopfloristeria.com\/mx\/wp-json\/wp\/v2\/product"}],"about":[{"href":"https:\/\/shopfloristeria.com\/mx\/wp-json\/wp\/v2\/types\/product"}],"wp:featuredmedia":[{"embeddable":true,"href":"https:\/\/shopfloristeria.com\/mx\/wp-json\/wp\/v2\/media\/373"}],"wp:attachment":[{"href":"https:\/\/shopfloristeria.com\/mx\/wp-json\/wp\/v2\/media?parent=367"}],"wp:term":[{"taxonomy":"product_brand","embeddable":true,"href":"https:\/\/shopfloristeria.com\/mx\/wp-json\/wp\/v2\/product_brand?post=367"},{"taxonomy":"product_cat","embeddable":true,"href":"https:\/\/shopfloristeria.com\/mx\/wp-json\/wp\/v2\/product_cat?post=367"},{"taxonomy":"product_tag","embeddable":true,"href":"https:\/\/shopfloristeria.com\/mx\/wp-json\/wp\/v2\/product_tag?post=367"}],"curies":[{"name":"wp","href":"https:\/\/api.w.org\/{rel}","templated":true}]}}