{"id":186,"date":"2021-01-09T00:03:40","date_gmt":"2021-01-09T00:03:40","guid":{"rendered":"https:\/\/shopfloristeria.com\/mx\/producto\/import-placeholder-for-1756\/"},"modified":"2021-01-13T18:39:13","modified_gmt":"2021-01-13T18:39:13","slug":"hugs-and-kisses","status":"publish","type":"product","link":"https:\/\/shopfloristeria.com\/mx\/producto\/hugs-and-kisses\/","title":{"rendered":"Hugs and kisses"},"content":{"rendered":"<div id=\"tw-target-text-container\" class=\"tw-ta-container tw-nfl\">\n<div id=\"tw-target-text-container\" class=\"tw-ta-container tw-nfl\">\n<div id=\"tw-target-text-container\" class=\"tw-ta-container tw-nfl\">\n<pre id=\"tw-target-text\" class=\"tw-data-text tw-ta tw-text-small\" data-placeholder=\"Traducci\u00f3n\" data-fulltext=\"\">ARREGLO DE 24 ROSAS COLORES DE TU ELECCION<\/pre>\n<pre class=\"tw-data-text tw-ta tw-text-small\"><\/pre>\n<\/div>\n<pre class=\"tw-data-text tw-ta tw-text-small\"><\/pre>\n<\/div>\n<pre class=\"tw-data-text tw-ta tw-text-small\"><\/pre>\n<\/div>\n","protected":false},"excerpt":{"rendered":"<div id=\"tw-target-text-container\" class=\"tw-ta-container tw-nfl\">\n<div id=\"tw-target-text-container\" class=\"tw-ta-container tw-nfl\">\n<div id=\"tw-target-text-container\" class=\"tw-ta-container tw-nfl\">\n<pre id=\"tw-target-text\" class=\"tw-data-text tw-ta tw-text-small\" data-placeholder=\"Traducci\u00f3n\" data-fulltext=\"\">ARREGLO DE ROSAS<\/pre>\n<pre class=\"tw-data-text tw-ta tw-text-small\"><\/pre>\n<\/div>\n<pre class=\"tw-data-text tw-ta tw-text-small\"><\/pre>\n<\/div>\n<pre class=\"tw-data-text tw-ta tw-text-small\"><\/pre>\n<\/div>\n","protected":false},"featured_media":216,"template":"","meta":[],"product_brand":[],"product_cat":[52,49,50],"product_tag":[90,54,55,56,57,58,59,60,61,62,63,64,65,66,67,68,69,70,71,72,73,97],"class_list":{"0":"post-186","1":"product","2":"type-product","3":"status-publish","4":"has-post-thumbnail","6":"product_cat-baby-shower","7":"product_cat-cumpleanos","8":"product_cat-de-ocasion","9":"product_tag-arreglo-gerberas","10":"product_tag-arreglos-de-flores","11":"product_tag-arreglos-de-rosas","12":"product_tag-arreglos-florales","13":"product_tag-colorful-roses","14":"product_tag-florearia-online","15":"product_tag-floreria","16":"product_tag-floreria-cancun","17":"product_tag-flores-a-domicilio","18":"product_tag-flores-frescas","19":"product_tag-flores-para-eventos","20":"product_tag-flores-para-regalo","21":"product_tag-florist","22":"product_tag-flower-arrangements","23":"product_tag-flower-shop-cancun","24":"product_tag-flowers-at-home","25":"product_tag-flowers-for-a-gift","26":"product_tag-flowers-for-events","27":"product_tag-fresh-flowers","28":"product_tag-fresh-roses","29":"product_tag-online-flower","30":"product_tag-red-rose","32":"first","33":"instock","34":"shipping-taxable","35":"purchasable","36":"product-type-simple"},"yoast_head":"<!-- This site is optimized with the Yoast SEO plugin v27.3 - https:\/\/yoast.com\/product\/yoast-seo-wordpress\/ -->\n<title>Hugs and kisses - La Floristeria Canc\u00fan<\/title>\n<meta name=\"description\" content=\"Arreglo floral de rosas de diferentes colores, perfecto detalle para cualquier ocasi\u00f3n.\" \/>\n<meta name=\"robots\" content=\"index, follow, max-snippet:-1, max-image-preview:large, max-video-preview:-1\" \/>\n<link rel=\"canonical\" href=\"https:\/\/shopfloristeria.com\/mx\/producto\/hugs-and-kisses\/\" \/>\n<meta property=\"og:locale\" content=\"es_MX\" \/>\n<meta property=\"og:type\" content=\"article\" \/>\n<meta property=\"og:title\" content=\"Hugs and kisses - La Floristeria Canc\u00fan\" \/>\n<meta property=\"og:description\" content=\"Arreglo floral de rosas de diferentes colores, perfecto detalle para cualquier ocasi\u00f3n.\" \/>\n<meta property=\"og:url\" content=\"https:\/\/shopfloristeria.com\/mx\/producto\/hugs-and-kisses\/\" \/>\n<meta property=\"og:site_name\" content=\"La Floristeria Canc\u00fan\" \/>\n<meta property=\"article:modified_time\" content=\"2021-01-13T18:39:13+00:00\" \/>\n<meta property=\"og:image\" content=\"https:\/\/shopfloristeria.com\/mx\/wp-content\/uploads\/sites\/2\/2021\/01\/La-floriesteria-online-flower-shop-15.jpg\" \/>\n\t<meta property=\"og:image:width\" content=\"433\" \/>\n\t<meta property=\"og:image:height\" content=\"426\" \/>\n\t<meta property=\"og:image:type\" content=\"image\/jpeg\" \/>\n<meta name=\"twitter:card\" content=\"summary_large_image\" \/>\n<script type=\"application\/ld+json\" class=\"yoast-schema-graph\">{\"@context\":\"https:\\\/\\\/schema.org\",\"@graph\":[{\"@type\":\"WebPage\",\"@id\":\"https:\\\/\\\/shopfloristeria.com\\\/mx\\\/producto\\\/hugs-and-kisses\\\/\",\"url\":\"https:\\\/\\\/shopfloristeria.com\\\/mx\\\/producto\\\/hugs-and-kisses\\\/\",\"name\":\"Hugs and kisses - La Floristeria Canc\u00fan\",\"isPartOf\":{\"@id\":\"https:\\\/\\\/shopfloristeria.com\\\/mx\\\/#website\"},\"primaryImageOfPage\":{\"@id\":\"https:\\\/\\\/shopfloristeria.com\\\/mx\\\/producto\\\/hugs-and-kisses\\\/#primaryimage\"},\"image\":{\"@id\":\"https:\\\/\\\/shopfloristeria.com\\\/mx\\\/producto\\\/hugs-and-kisses\\\/#primaryimage\"},\"thumbnailUrl\":\"https:\\\/\\\/shopfloristeria.com\\\/mx\\\/wp-content\\\/uploads\\\/sites\\\/2\\\/2021\\\/01\\\/La-floriesteria-online-flower-shop-15.jpg\",\"datePublished\":\"2021-01-09T00:03:40+00:00\",\"dateModified\":\"2021-01-13T18:39:13+00:00\",\"description\":\"Arreglo floral de rosas de diferentes colores, perfecto detalle para cualquier ocasi\u00f3n.\",\"breadcrumb\":{\"@id\":\"https:\\\/\\\/shopfloristeria.com\\\/mx\\\/producto\\\/hugs-and-kisses\\\/#breadcrumb\"},\"inLanguage\":\"es\",\"potentialAction\":[{\"@type\":\"ReadAction\",\"target\":[\"https:\\\/\\\/shopfloristeria.com\\\/mx\\\/producto\\\/hugs-and-kisses\\\/\"]}]},{\"@type\":\"ImageObject\",\"inLanguage\":\"es\",\"@id\":\"https:\\\/\\\/shopfloristeria.com\\\/mx\\\/producto\\\/hugs-and-kisses\\\/#primaryimage\",\"url\":\"https:\\\/\\\/shopfloristeria.com\\\/mx\\\/wp-content\\\/uploads\\\/sites\\\/2\\\/2021\\\/01\\\/La-floriesteria-online-flower-shop-15.jpg\",\"contentUrl\":\"https:\\\/\\\/shopfloristeria.com\\\/mx\\\/wp-content\\\/uploads\\\/sites\\\/2\\\/2021\\\/01\\\/La-floriesteria-online-flower-shop-15.jpg\",\"width\":433,\"height\":426},{\"@type\":\"BreadcrumbList\",\"@id\":\"https:\\\/\\\/shopfloristeria.com\\\/mx\\\/producto\\\/hugs-and-kisses\\\/#breadcrumb\",\"itemListElement\":[{\"@type\":\"ListItem\",\"position\":1,\"name\":\"Tienda\",\"item\":\"https:\\\/\\\/shopfloristeria.com\\\/mx\\\/tienda\\\/\"},{\"@type\":\"ListItem\",\"position\":2,\"name\":\"Hugs and kisses\"}]},{\"@type\":\"WebSite\",\"@id\":\"https:\\\/\\\/shopfloristeria.com\\\/mx\\\/#website\",\"url\":\"https:\\\/\\\/shopfloristeria.com\\\/mx\\\/\",\"name\":\"La Floristeria Canc\u00fan\",\"description\":\"Env\u00eda flores en M\u00e9xico\",\"publisher\":{\"@id\":\"https:\\\/\\\/shopfloristeria.com\\\/mx\\\/#organization\"},\"potentialAction\":[{\"@type\":\"SearchAction\",\"target\":{\"@type\":\"EntryPoint\",\"urlTemplate\":\"https:\\\/\\\/shopfloristeria.com\\\/mx\\\/?s={search_term_string}\"},\"query-input\":{\"@type\":\"PropertyValueSpecification\",\"valueRequired\":true,\"valueName\":\"search_term_string\"}}],\"inLanguage\":\"es\"},{\"@type\":\"Organization\",\"@id\":\"https:\\\/\\\/shopfloristeria.com\\\/mx\\\/#organization\",\"name\":\"La Floristeria Canc\u00fan\",\"url\":\"https:\\\/\\\/shopfloristeria.com\\\/mx\\\/\",\"logo\":{\"@type\":\"ImageObject\",\"inLanguage\":\"es\",\"@id\":\"https:\\\/\\\/shopfloristeria.com\\\/mx\\\/#\\\/schema\\\/logo\\\/image\\\/\",\"url\":\"https:\\\/\\\/shopfloristeria.com\\\/mx\\\/wp-content\\\/uploads\\\/sites\\\/2\\\/2020\\\/12\\\/logo-300x185-1.png\",\"contentUrl\":\"https:\\\/\\\/shopfloristeria.com\\\/mx\\\/wp-content\\\/uploads\\\/sites\\\/2\\\/2020\\\/12\\\/logo-300x185-1.png\",\"width\":300,\"height\":185,\"caption\":\"La Floristeria Canc\u00fan\"},\"image\":{\"@id\":\"https:\\\/\\\/shopfloristeria.com\\\/mx\\\/#\\\/schema\\\/logo\\\/image\\\/\"}}]}<\/script>\n<!-- \/ Yoast SEO plugin. -->","yoast_head_json":{"title":"Hugs and kisses - La Floristeria Canc\u00fan","description":"Arreglo floral de rosas de diferentes colores, perfecto detalle para cualquier ocasi\u00f3n.","robots":{"index":"index","follow":"follow","max-snippet":"max-snippet:-1","max-image-preview":"max-image-preview:large","max-video-preview":"max-video-preview:-1"},"canonical":"https:\/\/shopfloristeria.com\/mx\/producto\/hugs-and-kisses\/","og_locale":"es_MX","og_type":"article","og_title":"Hugs and kisses - La Floristeria Canc\u00fan","og_description":"Arreglo floral de rosas de diferentes colores, perfecto detalle para cualquier ocasi\u00f3n.","og_url":"https:\/\/shopfloristeria.com\/mx\/producto\/hugs-and-kisses\/","og_site_name":"La Floristeria Canc\u00fan","article_modified_time":"2021-01-13T18:39:13+00:00","og_image":[{"width":433,"height":426,"url":"https:\/\/shopfloristeria.com\/mx\/wp-content\/uploads\/sites\/2\/2021\/01\/La-floriesteria-online-flower-shop-15.jpg","type":"image\/jpeg"}],"twitter_card":"summary_large_image","schema":{"@context":"https:\/\/schema.org","@graph":[{"@type":"WebPage","@id":"https:\/\/shopfloristeria.com\/mx\/producto\/hugs-and-kisses\/","url":"https:\/\/shopfloristeria.com\/mx\/producto\/hugs-and-kisses\/","name":"Hugs and kisses - La Floristeria Canc\u00fan","isPartOf":{"@id":"https:\/\/shopfloristeria.com\/mx\/#website"},"primaryImageOfPage":{"@id":"https:\/\/shopfloristeria.com\/mx\/producto\/hugs-and-kisses\/#primaryimage"},"image":{"@id":"https:\/\/shopfloristeria.com\/mx\/producto\/hugs-and-kisses\/#primaryimage"},"thumbnailUrl":"https:\/\/shopfloristeria.com\/mx\/wp-content\/uploads\/sites\/2\/2021\/01\/La-floriesteria-online-flower-shop-15.jpg","datePublished":"2021-01-09T00:03:40+00:00","dateModified":"2021-01-13T18:39:13+00:00","description":"Arreglo floral de rosas de diferentes colores, perfecto detalle para cualquier ocasi\u00f3n.","breadcrumb":{"@id":"https:\/\/shopfloristeria.com\/mx\/producto\/hugs-and-kisses\/#breadcrumb"},"inLanguage":"es","potentialAction":[{"@type":"ReadAction","target":["https:\/\/shopfloristeria.com\/mx\/producto\/hugs-and-kisses\/"]}]},{"@type":"ImageObject","inLanguage":"es","@id":"https:\/\/shopfloristeria.com\/mx\/producto\/hugs-and-kisses\/#primaryimage","url":"https:\/\/shopfloristeria.com\/mx\/wp-content\/uploads\/sites\/2\/2021\/01\/La-floriesteria-online-flower-shop-15.jpg","contentUrl":"https:\/\/shopfloristeria.com\/mx\/wp-content\/uploads\/sites\/2\/2021\/01\/La-floriesteria-online-flower-shop-15.jpg","width":433,"height":426},{"@type":"BreadcrumbList","@id":"https:\/\/shopfloristeria.com\/mx\/producto\/hugs-and-kisses\/#breadcrumb","itemListElement":[{"@type":"ListItem","position":1,"name":"Tienda","item":"https:\/\/shopfloristeria.com\/mx\/tienda\/"},{"@type":"ListItem","position":2,"name":"Hugs and kisses"}]},{"@type":"WebSite","@id":"https:\/\/shopfloristeria.com\/mx\/#website","url":"https:\/\/shopfloristeria.com\/mx\/","name":"La Floristeria Canc\u00fan","description":"Env\u00eda flores en M\u00e9xico","publisher":{"@id":"https:\/\/shopfloristeria.com\/mx\/#organization"},"potentialAction":[{"@type":"SearchAction","target":{"@type":"EntryPoint","urlTemplate":"https:\/\/shopfloristeria.com\/mx\/?s={search_term_string}"},"query-input":{"@type":"PropertyValueSpecification","valueRequired":true,"valueName":"search_term_string"}}],"inLanguage":"es"},{"@type":"Organization","@id":"https:\/\/shopfloristeria.com\/mx\/#organization","name":"La Floristeria Canc\u00fan","url":"https:\/\/shopfloristeria.com\/mx\/","logo":{"@type":"ImageObject","inLanguage":"es","@id":"https:\/\/shopfloristeria.com\/mx\/#\/schema\/logo\/image\/","url":"https:\/\/shopfloristeria.com\/mx\/wp-content\/uploads\/sites\/2\/2020\/12\/logo-300x185-1.png","contentUrl":"https:\/\/shopfloristeria.com\/mx\/wp-content\/uploads\/sites\/2\/2020\/12\/logo-300x185-1.png","width":300,"height":185,"caption":"La Floristeria Canc\u00fan"},"image":{"@id":"https:\/\/shopfloristeria.com\/mx\/#\/schema\/logo\/image\/"}}]}},"_links":{"self":[{"href":"https:\/\/shopfloristeria.com\/mx\/wp-json\/wp\/v2\/product\/186","targetHints":{"allow":["GET"]}}],"collection":[{"href":"https:\/\/shopfloristeria.com\/mx\/wp-json\/wp\/v2\/product"}],"about":[{"href":"https:\/\/shopfloristeria.com\/mx\/wp-json\/wp\/v2\/types\/product"}],"wp:featuredmedia":[{"embeddable":true,"href":"https:\/\/shopfloristeria.com\/mx\/wp-json\/wp\/v2\/media\/216"}],"wp:attachment":[{"href":"https:\/\/shopfloristeria.com\/mx\/wp-json\/wp\/v2\/media?parent=186"}],"wp:term":[{"taxonomy":"product_brand","embeddable":true,"href":"https:\/\/shopfloristeria.com\/mx\/wp-json\/wp\/v2\/product_brand?post=186"},{"taxonomy":"product_cat","embeddable":true,"href":"https:\/\/shopfloristeria.com\/mx\/wp-json\/wp\/v2\/product_cat?post=186"},{"taxonomy":"product_tag","embeddable":true,"href":"https:\/\/shopfloristeria.com\/mx\/wp-json\/wp\/v2\/product_tag?post=186"}],"curies":[{"name":"wp","href":"https:\/\/api.w.org\/{rel}","templated":true}]}}