{"id":1317,"date":"2024-05-05T17:08:44","date_gmt":"2024-05-05T17:08:44","guid":{"rendered":"https:\/\/shopfloristeria.com\/mx\/?post_type=product&#038;p=1317"},"modified":"2024-05-05T17:08:44","modified_gmt":"2024-05-05T17:08:44","slug":"it-bag","status":"publish","type":"product","link":"https:\/\/shopfloristeria.com\/mx\/producto\/it-bag\/","title":{"rendered":"It bag"},"content":{"rendered":"<p>Bolsa artesanal con mix de flores<\/p>\n","protected":false},"excerpt":{"rendered":"<p>Bolsa artesanal con mix de flores<\/p>\n","protected":false},"featured_media":488,"template":"","meta":[],"product_brand":[],"product_cat":[85],"product_tag":[743,731,742,696,373,687,220,297,681],"class_list":{"0":"post-1317","1":"product","2":"type-product","3":"status-publish","4":"has-post-thumbnail","6":"product_cat-dia-de-las-madres","7":"product_tag-arreglo-especial","8":"product_tag-arreglo-para-mama","9":"product_tag-bolsa","10":"product_tag-detalle-mama","11":"product_tag-dia-especial","12":"product_tag-especial","13":"product_tag-flores-para-mama","14":"product_tag-flores-para-mama-cancun","15":"product_tag-mama","17":"first","18":"instock","19":"shipping-taxable","20":"purchasable","21":"product-type-simple"},"yoast_head":"<!-- This site is optimized with the Yoast SEO plugin v27.3 - https:\/\/yoast.com\/product\/yoast-seo-wordpress\/ -->\n<title>It bag - La Floristeria Canc\u00fan<\/title>\n<meta name=\"robots\" content=\"index, follow, max-snippet:-1, max-image-preview:large, max-video-preview:-1\" \/>\n<link rel=\"canonical\" href=\"https:\/\/shopfloristeria.com\/mx\/producto\/it-bag\/\" \/>\n<meta property=\"og:locale\" content=\"es_MX\" \/>\n<meta property=\"og:type\" content=\"article\" \/>\n<meta property=\"og:title\" content=\"It bag - La Floristeria Canc\u00fan\" \/>\n<meta property=\"og:description\" content=\"Bolsa artesanal con mix de flores\" \/>\n<meta property=\"og:url\" content=\"https:\/\/shopfloristeria.com\/mx\/producto\/it-bag\/\" \/>\n<meta property=\"og:site_name\" content=\"La Floristeria Canc\u00fan\" \/>\n<meta property=\"og:image\" content=\"https:\/\/shopfloristeria.com\/mx\/wp-content\/uploads\/sites\/2\/2021\/05\/WhatsApp-Image-2021-05-04-at-4.45.06-PM-2.jpeg\" \/>\n\t<meta property=\"og:image:width\" content=\"401\" \/>\n\t<meta property=\"og:image:height\" content=\"424\" \/>\n\t<meta property=\"og:image:type\" content=\"image\/jpeg\" \/>\n<meta name=\"twitter:card\" content=\"summary_large_image\" \/>\n<meta name=\"twitter:label1\" content=\"Tiempo de lectura\" \/>\n\t<meta name=\"twitter:data1\" content=\"1 minuto\" \/>\n<script type=\"application\/ld+json\" class=\"yoast-schema-graph\">{\"@context\":\"https:\\\/\\\/schema.org\",\"@graph\":[{\"@type\":\"WebPage\",\"@id\":\"https:\\\/\\\/shopfloristeria.com\\\/mx\\\/producto\\\/it-bag\\\/\",\"url\":\"https:\\\/\\\/shopfloristeria.com\\\/mx\\\/producto\\\/it-bag\\\/\",\"name\":\"It bag - La Floristeria Canc\u00fan\",\"isPartOf\":{\"@id\":\"https:\\\/\\\/shopfloristeria.com\\\/mx\\\/#website\"},\"primaryImageOfPage\":{\"@id\":\"https:\\\/\\\/shopfloristeria.com\\\/mx\\\/producto\\\/it-bag\\\/#primaryimage\"},\"image\":{\"@id\":\"https:\\\/\\\/shopfloristeria.com\\\/mx\\\/producto\\\/it-bag\\\/#primaryimage\"},\"thumbnailUrl\":\"https:\\\/\\\/shopfloristeria.com\\\/mx\\\/wp-content\\\/uploads\\\/sites\\\/2\\\/2021\\\/05\\\/WhatsApp-Image-2021-05-04-at-4.45.06-PM-2.jpeg\",\"datePublished\":\"2024-05-05T17:08:44+00:00\",\"breadcrumb\":{\"@id\":\"https:\\\/\\\/shopfloristeria.com\\\/mx\\\/producto\\\/it-bag\\\/#breadcrumb\"},\"inLanguage\":\"es\",\"potentialAction\":[{\"@type\":\"ReadAction\",\"target\":[\"https:\\\/\\\/shopfloristeria.com\\\/mx\\\/producto\\\/it-bag\\\/\"]}]},{\"@type\":\"ImageObject\",\"inLanguage\":\"es\",\"@id\":\"https:\\\/\\\/shopfloristeria.com\\\/mx\\\/producto\\\/it-bag\\\/#primaryimage\",\"url\":\"https:\\\/\\\/shopfloristeria.com\\\/mx\\\/wp-content\\\/uploads\\\/sites\\\/2\\\/2021\\\/05\\\/WhatsApp-Image-2021-05-04-at-4.45.06-PM-2.jpeg\",\"contentUrl\":\"https:\\\/\\\/shopfloristeria.com\\\/mx\\\/wp-content\\\/uploads\\\/sites\\\/2\\\/2021\\\/05\\\/WhatsApp-Image-2021-05-04-at-4.45.06-PM-2.jpeg\",\"width\":401,\"height\":424},{\"@type\":\"BreadcrumbList\",\"@id\":\"https:\\\/\\\/shopfloristeria.com\\\/mx\\\/producto\\\/it-bag\\\/#breadcrumb\",\"itemListElement\":[{\"@type\":\"ListItem\",\"position\":1,\"name\":\"Tienda\",\"item\":\"https:\\\/\\\/shopfloristeria.com\\\/mx\\\/tienda\\\/\"},{\"@type\":\"ListItem\",\"position\":2,\"name\":\"It bag\"}]},{\"@type\":\"WebSite\",\"@id\":\"https:\\\/\\\/shopfloristeria.com\\\/mx\\\/#website\",\"url\":\"https:\\\/\\\/shopfloristeria.com\\\/mx\\\/\",\"name\":\"La Floristeria Canc\u00fan\",\"description\":\"Env\u00eda flores en M\u00e9xico\",\"publisher\":{\"@id\":\"https:\\\/\\\/shopfloristeria.com\\\/mx\\\/#organization\"},\"potentialAction\":[{\"@type\":\"SearchAction\",\"target\":{\"@type\":\"EntryPoint\",\"urlTemplate\":\"https:\\\/\\\/shopfloristeria.com\\\/mx\\\/?s={search_term_string}\"},\"query-input\":{\"@type\":\"PropertyValueSpecification\",\"valueRequired\":true,\"valueName\":\"search_term_string\"}}],\"inLanguage\":\"es\"},{\"@type\":\"Organization\",\"@id\":\"https:\\\/\\\/shopfloristeria.com\\\/mx\\\/#organization\",\"name\":\"La Floristeria Canc\u00fan\",\"url\":\"https:\\\/\\\/shopfloristeria.com\\\/mx\\\/\",\"logo\":{\"@type\":\"ImageObject\",\"inLanguage\":\"es\",\"@id\":\"https:\\\/\\\/shopfloristeria.com\\\/mx\\\/#\\\/schema\\\/logo\\\/image\\\/\",\"url\":\"https:\\\/\\\/shopfloristeria.com\\\/mx\\\/wp-content\\\/uploads\\\/sites\\\/2\\\/2020\\\/12\\\/logo-300x185-1.png\",\"contentUrl\":\"https:\\\/\\\/shopfloristeria.com\\\/mx\\\/wp-content\\\/uploads\\\/sites\\\/2\\\/2020\\\/12\\\/logo-300x185-1.png\",\"width\":300,\"height\":185,\"caption\":\"La Floristeria Canc\u00fan\"},\"image\":{\"@id\":\"https:\\\/\\\/shopfloristeria.com\\\/mx\\\/#\\\/schema\\\/logo\\\/image\\\/\"}}]}<\/script>\n<!-- \/ Yoast SEO plugin. -->","yoast_head_json":{"title":"It bag - La Floristeria Canc\u00fan","robots":{"index":"index","follow":"follow","max-snippet":"max-snippet:-1","max-image-preview":"max-image-preview:large","max-video-preview":"max-video-preview:-1"},"canonical":"https:\/\/shopfloristeria.com\/mx\/producto\/it-bag\/","og_locale":"es_MX","og_type":"article","og_title":"It bag - La Floristeria Canc\u00fan","og_description":"Bolsa artesanal con mix de flores","og_url":"https:\/\/shopfloristeria.com\/mx\/producto\/it-bag\/","og_site_name":"La Floristeria Canc\u00fan","og_image":[{"width":401,"height":424,"url":"https:\/\/shopfloristeria.com\/mx\/wp-content\/uploads\/sites\/2\/2021\/05\/WhatsApp-Image-2021-05-04-at-4.45.06-PM-2.jpeg","type":"image\/jpeg"}],"twitter_card":"summary_large_image","twitter_misc":{"Tiempo de lectura":"1 minuto"},"schema":{"@context":"https:\/\/schema.org","@graph":[{"@type":"WebPage","@id":"https:\/\/shopfloristeria.com\/mx\/producto\/it-bag\/","url":"https:\/\/shopfloristeria.com\/mx\/producto\/it-bag\/","name":"It bag - La Floristeria Canc\u00fan","isPartOf":{"@id":"https:\/\/shopfloristeria.com\/mx\/#website"},"primaryImageOfPage":{"@id":"https:\/\/shopfloristeria.com\/mx\/producto\/it-bag\/#primaryimage"},"image":{"@id":"https:\/\/shopfloristeria.com\/mx\/producto\/it-bag\/#primaryimage"},"thumbnailUrl":"https:\/\/shopfloristeria.com\/mx\/wp-content\/uploads\/sites\/2\/2021\/05\/WhatsApp-Image-2021-05-04-at-4.45.06-PM-2.jpeg","datePublished":"2024-05-05T17:08:44+00:00","breadcrumb":{"@id":"https:\/\/shopfloristeria.com\/mx\/producto\/it-bag\/#breadcrumb"},"inLanguage":"es","potentialAction":[{"@type":"ReadAction","target":["https:\/\/shopfloristeria.com\/mx\/producto\/it-bag\/"]}]},{"@type":"ImageObject","inLanguage":"es","@id":"https:\/\/shopfloristeria.com\/mx\/producto\/it-bag\/#primaryimage","url":"https:\/\/shopfloristeria.com\/mx\/wp-content\/uploads\/sites\/2\/2021\/05\/WhatsApp-Image-2021-05-04-at-4.45.06-PM-2.jpeg","contentUrl":"https:\/\/shopfloristeria.com\/mx\/wp-content\/uploads\/sites\/2\/2021\/05\/WhatsApp-Image-2021-05-04-at-4.45.06-PM-2.jpeg","width":401,"height":424},{"@type":"BreadcrumbList","@id":"https:\/\/shopfloristeria.com\/mx\/producto\/it-bag\/#breadcrumb","itemListElement":[{"@type":"ListItem","position":1,"name":"Tienda","item":"https:\/\/shopfloristeria.com\/mx\/tienda\/"},{"@type":"ListItem","position":2,"name":"It bag"}]},{"@type":"WebSite","@id":"https:\/\/shopfloristeria.com\/mx\/#website","url":"https:\/\/shopfloristeria.com\/mx\/","name":"La Floristeria Canc\u00fan","description":"Env\u00eda flores en M\u00e9xico","publisher":{"@id":"https:\/\/shopfloristeria.com\/mx\/#organization"},"potentialAction":[{"@type":"SearchAction","target":{"@type":"EntryPoint","urlTemplate":"https:\/\/shopfloristeria.com\/mx\/?s={search_term_string}"},"query-input":{"@type":"PropertyValueSpecification","valueRequired":true,"valueName":"search_term_string"}}],"inLanguage":"es"},{"@type":"Organization","@id":"https:\/\/shopfloristeria.com\/mx\/#organization","name":"La Floristeria Canc\u00fan","url":"https:\/\/shopfloristeria.com\/mx\/","logo":{"@type":"ImageObject","inLanguage":"es","@id":"https:\/\/shopfloristeria.com\/mx\/#\/schema\/logo\/image\/","url":"https:\/\/shopfloristeria.com\/mx\/wp-content\/uploads\/sites\/2\/2020\/12\/logo-300x185-1.png","contentUrl":"https:\/\/shopfloristeria.com\/mx\/wp-content\/uploads\/sites\/2\/2020\/12\/logo-300x185-1.png","width":300,"height":185,"caption":"La Floristeria Canc\u00fan"},"image":{"@id":"https:\/\/shopfloristeria.com\/mx\/#\/schema\/logo\/image\/"}}]}},"_links":{"self":[{"href":"https:\/\/shopfloristeria.com\/mx\/wp-json\/wp\/v2\/product\/1317","targetHints":{"allow":["GET"]}}],"collection":[{"href":"https:\/\/shopfloristeria.com\/mx\/wp-json\/wp\/v2\/product"}],"about":[{"href":"https:\/\/shopfloristeria.com\/mx\/wp-json\/wp\/v2\/types\/product"}],"wp:featuredmedia":[{"embeddable":true,"href":"https:\/\/shopfloristeria.com\/mx\/wp-json\/wp\/v2\/media\/488"}],"wp:attachment":[{"href":"https:\/\/shopfloristeria.com\/mx\/wp-json\/wp\/v2\/media?parent=1317"}],"wp:term":[{"taxonomy":"product_brand","embeddable":true,"href":"https:\/\/shopfloristeria.com\/mx\/wp-json\/wp\/v2\/product_brand?post=1317"},{"taxonomy":"product_cat","embeddable":true,"href":"https:\/\/shopfloristeria.com\/mx\/wp-json\/wp\/v2\/product_cat?post=1317"},{"taxonomy":"product_tag","embeddable":true,"href":"https:\/\/shopfloristeria.com\/mx\/wp-json\/wp\/v2\/product_tag?post=1317"}],"curies":[{"name":"wp","href":"https:\/\/api.w.org\/{rel}","templated":true}]}}