{"id":90,"date":"2020-12-28T23:43:42","date_gmt":"2020-12-28T23:43:42","guid":{"rendered":"https:\/\/shopfloristeria.com\/mx\/?page_id=90"},"modified":"2020-12-28T23:43:42","modified_gmt":"2020-12-28T23:43:42","slug":"aviso-de-privacidad","status":"publish","type":"page","link":"https:\/\/shopfloristeria.com\/mx\/aviso-de-privacidad\/","title":{"rendered":"AVISO DE PRIVACIDAD"},"content":{"rendered":"<h2 style=\"text-align: center;\"><strong>AVISO DE PRIVACIDAD<\/strong><\/h2>\n<h5><strong>Con la finalidad de dar cumplimiento a lo establecido por la Ley Federal de Protecci\u00f3n de Datos Personales en Posesi\u00f3n de Particulares (LFPDPPP) La Floristeria\u00a0 pone a su disposici\u00f3n el siguiente Aviso de Privacidad:<\/strong><\/h5>\n<ol>\n<li>En cumplimiento con lo establecido en la Ley Federal de Protecci\u00f3n de Datos Personales, \u201cLa Floristeria\u201d, y Alejandra Isabel Rubi Ju\u00e1rez, con domicilio en Avenida Bonampak, Manzana 3, Lote 30, 31, SM4, Canc\u00fan, Quintana Roo, C.P. 77500. , manifiesta a trav\u00e9s de este medio, el siguiente aviso de privacidad:<\/li>\n<li>Datos recabados<br \/>\nLos datos que \u201cLa Florister\u00eda\u201d, podr\u00e1 recabar de usted, ser\u00e1n los siguientes: Nombre completo, n\u00famero de tel\u00e9fono, correo electr\u00f3nico, domicilio y RFC<\/li>\n<li>Finalidad de los Datos Personales recabados<br \/>\nSus datos personales ser\u00e1n recabados para las siguientes finalidades principales: Procesamiento, seguimiento, actualizaci\u00f3n, modificaci\u00f3n, cancelaci\u00f3n y confirmaci\u00f3n de los servicios de facturaci\u00f3n. Tambi\u00e9n, utilizaremos su informaci\u00f3n personal para las siguientes finalidades Entrega a Domicilio, Evaluar la calidad de los alimentos y atenci\u00f3n al cliente, para participar en concursos y sorteos, programas de lealtad, implementaci\u00f3n y desarrollo de campa\u00f1as publicitarias, as\u00ed como para el env\u00edo de promociones, ofertas, servicios y fines publicitarios. Los titulares de manera inmediata y gratuita podr\u00e1n en cualquier momento solicitar la cancelaci\u00f3n de env\u00edo de correos electr\u00f3nicos con fines publicitarios haciendo click en el link \u201cCancelar suscripci\u00f3n\u201d.<\/li>\n<li>Mecanismos para el ejercicio de los Derechos ARCO y Revocaci\u00f3n del consentimiento para el tratamiento de sus datos<br \/>\nPara ejercer sus derechos de Acceso, Rectificaci\u00f3n, Cancelaci\u00f3n y Oposici\u00f3n o su derecho a revocar el consentimiento para el tratamiento de sus datos personales, lo podr\u00e1 realizar a trav\u00e9s del siguiente correo electr\u00f3nico: <a href=\"mailto:ho**@*************ia.com\" data-original-string=\"hXvetZhjIDLn9a8VJIpmHw==d513eT9TSdxNTrp+w+8ioVAK3Vm0qUlYTuqqTJGUt1Wj2U=\" title=\"This contact has been encoded by Anti-Spam by CleanTalk. Click to decode. To finish the decoding make sure that JavaScript is enabled in your browser.\"><span \n                data-original-string='QSusXIYroAeM8mc2X6cemg==d51IofOJwxG5qUTPlBQkzMVEWyJ6abwkOu8OxwMtELGYq4='\n                class='apbct-email-encoder'\n                title='This contact has been encoded by Anti-Spam by CleanTalk. Click to decode. To finish the decoding make sure that JavaScript is enabled in your browser.'>ho<span class=\"apbct-blur\">**<\/span>@<span class=\"apbct-blur\">*************<\/span>ia.com<\/span><\/a> o dirigir dicha solicitud f\u00edsicamente a la siguiente direcci\u00f3n: Avenida Bonampak, Manzana 3, Lote 29 No. 185, SM4, Canc\u00fan, Quintana Roo, C.P. 77500. con atenci\u00f3n al Departamento de Protecci\u00f3n de Datos Personales. Para la procedencia del ejercicio de sus Derechos ARCO usted deber\u00e1 presentar y\/o anexar copia de su documento de identificaci\u00f3n y la exhibici\u00f3n del original para su cotejo, o aquellos instrumentos establecidos en el art\u00edculo 89 del reglamento de la LFPDPPP. \u201cArt\u00edculo 29.- La solicitud de acceso, rectificaci\u00f3n, cancelaci\u00f3n u oposici\u00f3n deber\u00e1 contener y acompa\u00f1ar lo siguiente: I. El nombre del titular y domicilio u otro medio para comunicarle la respuesta a su solicitud; II. Los documentos que acrediten la identidad o, en su caso, la representaci\u00f3n legal del titular; III. La descripci\u00f3n clara y precisa de los datos personales respecto de los que se busca ejercer alguno de los derechos antes mencionados; y IV. Cualquier otro elemento o documento que facilite la localizaci\u00f3n de los datos personales.\u201d<\/li>\n<li>Medidas para proteger su informaci\u00f3n y para limitar el uso o divulgaci\u00f3n de su informaci\u00f3n personal<br \/>\nSu informaci\u00f3n personal ser\u00e1 resguardada bajo estricta confidencialidad y para prevenir razonablemente el uso o divulgaci\u00f3n indebida de la misma, hemos implementado medidas de seguridad f\u00edsica, t\u00e9cnicas y administrativas de conformidad con la Ley Federal de Protecci\u00f3n de Datos Personales en Posesi\u00f3n de los Particulares y dem\u00e1s normatividad aplicable.<\/li>\n<li>Modificaciones al aviso de privacidad de LA FLORISTERIA<br \/>\nLA FLORISTERIA podr\u00e1 efectuar en cualquier momento modificaciones o actualizaciones al presente Aviso de Privacidad.<br \/>\nLas modificaciones o actualizaciones que se efect\u00faen, entrar\u00e1n en vigor en el momento en que son publicados en el sitio de internet <a href=\"http:\/\/www.shopfloristeria.com\">www.shopfloristeria.com<\/a>, o en sus sitios afiliados o en cualquier medio de comunicaci\u00f3n que utilice para publicarlo, por lo que se recomienda su revisi\u00f3n continua.<\/li>\n<li>Aceptaci\u00f3n del Aviso de Privacidad<br \/>\nSi usted no se opone de manera expresa al presente aviso y sus actualizaciones se da por entendido que ha otorgado su consentimiento t\u00e1cito en t\u00e9rminos del art\u00edculo 8 de la LFPDPPP.<\/li>\n<\/ol>\n","protected":false},"excerpt":{"rendered":"<p>AVISO DE PRIVACIDAD Con la finalidad de dar cumplimiento a lo establecido por la Ley Federal de Protecci\u00f3n de Datos Personales en Posesi\u00f3n de Particulares (LFPDPPP) La Floristeria\u00a0 pone a su disposici\u00f3n el siguiente Aviso de Privacidad: En cumplimiento con lo establecido en la Ley Federal de Protecci\u00f3n de Datos Personales, \u201cLa Floristeria\u201d, y Alejandra [&hellip;]<\/p>\n","protected":false},"author":51,"featured_media":0,"parent":0,"menu_order":0,"comment_status":"closed","ping_status":"closed","template":"","meta":{"footnotes":""},"class_list":["post-90","page","type-page","status-publish","hentry"],"yoast_head":"<!-- This site is optimized with the Yoast SEO plugin v27.3 - https:\/\/yoast.com\/product\/yoast-seo-wordpress\/ -->\n<title>AVISO DE PRIVACIDAD - La Floristeria Canc\u00fan<\/title>\n<meta name=\"robots\" content=\"index, follow, max-snippet:-1, max-image-preview:large, max-video-preview:-1\" \/>\n<link rel=\"canonical\" href=\"https:\/\/shopfloristeria.com\/mx\/aviso-de-privacidad\/\" \/>\n<meta property=\"og:locale\" content=\"es_MX\" \/>\n<meta property=\"og:type\" content=\"article\" \/>\n<meta property=\"og:title\" content=\"AVISO DE PRIVACIDAD - La Floristeria Canc\u00fan\" \/>\n<meta property=\"og:description\" content=\"AVISO DE PRIVACIDAD Con la finalidad de dar cumplimiento a lo establecido por la Ley Federal de Protecci\u00f3n de Datos Personales en Posesi\u00f3n de Particulares (LFPDPPP) La Floristeria\u00a0 pone a su disposici\u00f3n el siguiente Aviso de Privacidad: En cumplimiento con lo establecido en la Ley Federal de Protecci\u00f3n de Datos Personales, \u201cLa Floristeria\u201d, y Alejandra [&hellip;]\" \/>\n<meta property=\"og:url\" content=\"https:\/\/shopfloristeria.com\/mx\/aviso-de-privacidad\/\" \/>\n<meta property=\"og:site_name\" content=\"La Floristeria Canc\u00fan\" \/>\n<meta name=\"twitter:card\" content=\"summary_large_image\" \/>\n<meta name=\"twitter:label1\" content=\"Tiempo de lectura\" \/>\n\t<meta name=\"twitter:data1\" content=\"3 minutos\" \/>\n<script type=\"application\/ld+json\" class=\"yoast-schema-graph\">{\"@context\":\"https:\\\/\\\/schema.org\",\"@graph\":[{\"@type\":\"WebPage\",\"@id\":\"https:\\\/\\\/shopfloristeria.com\\\/mx\\\/aviso-de-privacidad\\\/\",\"url\":\"https:\\\/\\\/shopfloristeria.com\\\/mx\\\/aviso-de-privacidad\\\/\",\"name\":\"AVISO DE PRIVACIDAD - La Floristeria Canc\u00fan\",\"isPartOf\":{\"@id\":\"https:\\\/\\\/shopfloristeria.com\\\/mx\\\/#website\"},\"datePublished\":\"2020-12-28T23:43:42+00:00\",\"inLanguage\":\"es\",\"potentialAction\":[{\"@type\":\"ReadAction\",\"target\":[\"https:\\\/\\\/shopfloristeria.com\\\/mx\\\/aviso-de-privacidad\\\/\"]}]},{\"@type\":\"WebSite\",\"@id\":\"https:\\\/\\\/shopfloristeria.com\\\/mx\\\/#website\",\"url\":\"https:\\\/\\\/shopfloristeria.com\\\/mx\\\/\",\"name\":\"La Floristeria Canc\u00fan\",\"description\":\"Env\u00eda flores en M\u00e9xico\",\"publisher\":{\"@id\":\"https:\\\/\\\/shopfloristeria.com\\\/mx\\\/#organization\"},\"potentialAction\":[{\"@type\":\"SearchAction\",\"target\":{\"@type\":\"EntryPoint\",\"urlTemplate\":\"https:\\\/\\\/shopfloristeria.com\\\/mx\\\/?s={search_term_string}\"},\"query-input\":{\"@type\":\"PropertyValueSpecification\",\"valueRequired\":true,\"valueName\":\"search_term_string\"}}],\"inLanguage\":\"es\"},{\"@type\":\"Organization\",\"@id\":\"https:\\\/\\\/shopfloristeria.com\\\/mx\\\/#organization\",\"name\":\"La Floristeria Canc\u00fan\",\"url\":\"https:\\\/\\\/shopfloristeria.com\\\/mx\\\/\",\"logo\":{\"@type\":\"ImageObject\",\"inLanguage\":\"es\",\"@id\":\"https:\\\/\\\/shopfloristeria.com\\\/mx\\\/#\\\/schema\\\/logo\\\/image\\\/\",\"url\":\"https:\\\/\\\/shopfloristeria.com\\\/mx\\\/wp-content\\\/uploads\\\/sites\\\/2\\\/2020\\\/12\\\/logo-300x185-1.png\",\"contentUrl\":\"https:\\\/\\\/shopfloristeria.com\\\/mx\\\/wp-content\\\/uploads\\\/sites\\\/2\\\/2020\\\/12\\\/logo-300x185-1.png\",\"width\":300,\"height\":185,\"caption\":\"La Floristeria Canc\u00fan\"},\"image\":{\"@id\":\"https:\\\/\\\/shopfloristeria.com\\\/mx\\\/#\\\/schema\\\/logo\\\/image\\\/\"}}]}<\/script>\n<!-- \/ Yoast SEO plugin. -->","yoast_head_json":{"title":"AVISO DE PRIVACIDAD - La Floristeria Canc\u00fan","robots":{"index":"index","follow":"follow","max-snippet":"max-snippet:-1","max-image-preview":"max-image-preview:large","max-video-preview":"max-video-preview:-1"},"canonical":"https:\/\/shopfloristeria.com\/mx\/aviso-de-privacidad\/","og_locale":"es_MX","og_type":"article","og_title":"AVISO DE PRIVACIDAD - La Floristeria Canc\u00fan","og_description":"AVISO DE PRIVACIDAD Con la finalidad de dar cumplimiento a lo establecido por la Ley Federal de Protecci\u00f3n de Datos Personales en Posesi\u00f3n de Particulares (LFPDPPP) La Floristeria\u00a0 pone a su disposici\u00f3n el siguiente Aviso de Privacidad: En cumplimiento con lo establecido en la Ley Federal de Protecci\u00f3n de Datos Personales, \u201cLa Floristeria\u201d, y Alejandra [&hellip;]","og_url":"https:\/\/shopfloristeria.com\/mx\/aviso-de-privacidad\/","og_site_name":"La Floristeria Canc\u00fan","twitter_card":"summary_large_image","twitter_misc":{"Tiempo de lectura":"3 minutos"},"schema":{"@context":"https:\/\/schema.org","@graph":[{"@type":"WebPage","@id":"https:\/\/shopfloristeria.com\/mx\/aviso-de-privacidad\/","url":"https:\/\/shopfloristeria.com\/mx\/aviso-de-privacidad\/","name":"AVISO DE PRIVACIDAD - La Floristeria Canc\u00fan","isPartOf":{"@id":"https:\/\/shopfloristeria.com\/mx\/#website"},"datePublished":"2020-12-28T23:43:42+00:00","inLanguage":"es","potentialAction":[{"@type":"ReadAction","target":["https:\/\/shopfloristeria.com\/mx\/aviso-de-privacidad\/"]}]},{"@type":"WebSite","@id":"https:\/\/shopfloristeria.com\/mx\/#website","url":"https:\/\/shopfloristeria.com\/mx\/","name":"La Floristeria Canc\u00fan","description":"Env\u00eda flores en M\u00e9xico","publisher":{"@id":"https:\/\/shopfloristeria.com\/mx\/#organization"},"potentialAction":[{"@type":"SearchAction","target":{"@type":"EntryPoint","urlTemplate":"https:\/\/shopfloristeria.com\/mx\/?s={search_term_string}"},"query-input":{"@type":"PropertyValueSpecification","valueRequired":true,"valueName":"search_term_string"}}],"inLanguage":"es"},{"@type":"Organization","@id":"https:\/\/shopfloristeria.com\/mx\/#organization","name":"La Floristeria Canc\u00fan","url":"https:\/\/shopfloristeria.com\/mx\/","logo":{"@type":"ImageObject","inLanguage":"es","@id":"https:\/\/shopfloristeria.com\/mx\/#\/schema\/logo\/image\/","url":"https:\/\/shopfloristeria.com\/mx\/wp-content\/uploads\/sites\/2\/2020\/12\/logo-300x185-1.png","contentUrl":"https:\/\/shopfloristeria.com\/mx\/wp-content\/uploads\/sites\/2\/2020\/12\/logo-300x185-1.png","width":300,"height":185,"caption":"La Floristeria Canc\u00fan"},"image":{"@id":"https:\/\/shopfloristeria.com\/mx\/#\/schema\/logo\/image\/"}}]}},"_links":{"self":[{"href":"https:\/\/shopfloristeria.com\/mx\/wp-json\/wp\/v2\/pages\/90","targetHints":{"allow":["GET"]}}],"collection":[{"href":"https:\/\/shopfloristeria.com\/mx\/wp-json\/wp\/v2\/pages"}],"about":[{"href":"https:\/\/shopfloristeria.com\/mx\/wp-json\/wp\/v2\/types\/page"}],"author":[{"embeddable":true,"href":"https:\/\/shopfloristeria.com\/mx\/wp-json\/wp\/v2\/users\/51"}],"replies":[{"embeddable":true,"href":"https:\/\/shopfloristeria.com\/mx\/wp-json\/wp\/v2\/comments?post=90"}],"version-history":[{"count":1,"href":"https:\/\/shopfloristeria.com\/mx\/wp-json\/wp\/v2\/pages\/90\/revisions"}],"predecessor-version":[{"id":91,"href":"https:\/\/shopfloristeria.com\/mx\/wp-json\/wp\/v2\/pages\/90\/revisions\/91"}],"wp:attachment":[{"href":"https:\/\/shopfloristeria.com\/mx\/wp-json\/wp\/v2\/media?parent=90"}],"curies":[{"name":"wp","href":"https:\/\/api.w.org\/{rel}","templated":true}]}}