{"id":73,"date":"2020-12-28T23:01:17","date_gmt":"2020-12-28T23:01:17","guid":{"rendered":"https:\/\/shopfloristeria.com\/mx\/?page_id=73"},"modified":"2022-01-28T22:23:04","modified_gmt":"2022-01-28T22:23:04","slug":"footer","status":"publish","type":"page","link":"https:\/\/shopfloristeria.com\/mx\/footer\/","title":{"rendered":"Footer"},"content":{"rendered":"<p>[vc_row el_class=&#8221;socials-newsletter socials-top&#8221;][vc_column][vc_text_separator title=&#8221;Aceptamos&#8221;][vc_single_image image=&#8221;74&#8243; img_size=&#8221;634&#215;80&#8243; alignment=&#8221;center&#8221;][vc_column_text el_class=&#8221;socials-top&#8221;]<\/p>\n<div class=\"socials-footer col-md-6 col-sm-4\">\n<ul class=\"menu-social\">\n<li class=\"li-social instagram-social\"><a title=\"Google plus\" href=\"https:\/\/www.instagram.com\/shopfloristeria\/\" target=\"_blank\" rel=\"noopener noreferrer\"><br \/>\n<i class=\"fa fa-instagram icon-social\"><\/i><br \/>\n<\/a><\/li>\n<li class=\"li-social facebook-social\"><a title=\"Facebook\" href=\"https:\/\/www.facebook.com\/shopfloristeria\" target=\"_blank\" rel=\"noopener noreferrer\"><br \/>\n<i class=\"fa fa-facebook icon-social\"><\/i><br \/>\n<\/a><\/li>\n<li class=\"li-social twitter-social\"><a title=\"Twitter \" href=\"https:\/\/twitter.com\/shopfloristeria\" target=\"_blank\" rel=\"noopener noreferrer\"><br \/>\n<i class=\"fa fa-twitter icon-social\"><\/i><br \/>\n<\/a><\/li>\n<li class=\"li-social pinterest-social\"><a title=\"Pinterest\" href=\"https:\/\/www.pinterest.com.mx\/shopfloristeria\" target=\"_blank\" rel=\"noopener noreferrer\"><br \/>\n<i class=\"fa fa-pinterest icon-social\"><\/i><br \/>\n<\/a><\/li>\n<\/ul>\n<\/div>\n<div class=\"form-newsletter col-md-6 col-sm-8\">[mc4wp_form id=&#8221;50&#8243;]<\/div>\n<p>[\/vc_column_text][\/vc_column][\/vc_row][vc_row][vc_column][vc_column_text el_class=&#8221;footer-center&#8221;]<\/p>\n<div class=\"logo-bottom\"><img loading=\"lazy\" decoding=\"async\" class=\"alignnone wp-image-1490 size-full\" src=\"http:\/\/shopfloristeria.com\/wp-content\/uploads\/2018\/01\/logo.png\" alt=\"\" width=\"320\" height=\"197\" \/><\/div>\n<p><span style=\"color: #ffffff;\">Nuestro amable personal estar\u00e1 encantado de ayudarte con tus dudas. Si deseas obtener m\u00e1s informaci\u00f3n sobre precios y disponibilidad, llama o env\u00eda un correo electr\u00f3nico para solicitar una reuni\u00f3n.<\/span>[\/vc_column_text][\/vc_column][\/vc_row][vc_row][vc_column][vc_row_inner][vc_column_inner el_class=&#8221;footer-menu&#8221; width=&#8221;1\/6&#8243;][vc_wp_custommenu title=&#8221;Mi cuenta&#8221; nav_menu=&#8221;18&#8243;][\/vc_column_inner][vc_column_inner el_class=&#8221;footer-menu&#8221; width=&#8221;1\/6&#8243;][vc_wp_custommenu title=&#8221;Informaci\u00f3n&#8221; nav_menu=&#8221;468&#8243;][\/vc_column_inner][vc_column_inner el_class=&#8221;footer-menu&#8221; width=&#8221;1\/6&#8243;][vc_wp_custommenu title=&#8221;\u00bfPor qu\u00e9 comprar?&#8221; nav_menu=&#8221;19&#8243;][\/vc_column_inner][vc_column_inner el_class=&#8221;footer-menu&#8221; width=&#8221;1\/6&#8243;][vc_wp_custommenu title=&#8221;colecciones&#8221; nav_menu=&#8221;16&#8243;][\/vc_column_inner][vc_column_inner el_class=&#8221;footer-menu&#8221; width=&#8221;1\/3&#8243;][vc_column_text]<\/p>\n<h2 class=\"widgettitle\">Cont\u00e1ctanos<\/h2>\n<p><i class=\"fa fa-home\"><\/i><span class=\"ab-pd\">Av. Bonampak SM. 4 Lote 29 MZA. 3 LOC. 2 C.P. 77500 Canc\u00fan Q. Roo M\u00e9xico<\/span><\/p>\n<p><i class=\"fa fa-phone\"><\/i><a class=\"ab-pd\" href=\"tel:+529982542419\">(998) 254 2419<\/a><\/p>\n<p><i class=\"fa fa-whatsapp\"><\/i><a class=\"ab-pd\" href=\"whatsapp:+5219983020602\">(998) 302 0602<\/a><\/p>\n<p><i class=\"fa fa-envelope\"><\/i><a class=\"ab-pd\" href=\"#<span \n                data-original-string='UCXhlXwxmKwea7dx782sKA==d51BzAE7khtpatC7e7gPJeZ5GAhEuODDnngT8IqD7Muk+U='\n                class='apbct-email-encoder'\n                title='This contact has been encoded by Anti-Spam by CleanTalk. Click to decode. To finish the decoding make sure that JavaScript is enabled in your browser.'>sh<span class=\"apbct-blur\">*************<\/span>@<span class=\"apbct-blur\">***<\/span>il.com<\/span>&#8220;><span \n                data-original-string='fnMA51bthlYrOP3V6HIKVg==d51UZRtPJucra5ZykH8aPXzR43pFKyoUtWPFrLK5XuhhUo='\n                class='apbct-email-encoder'\n                title='This contact has been encoded by Anti-Spam by CleanTalk. Click to decode. To finish the decoding make sure that JavaScript is enabled in your browser.'>sh<span class=\"apbct-blur\">*************<\/span>@<span class=\"apbct-blur\">***<\/span>il.com<\/span><\/a>[\/vc_column_text][\/vc_column_inner][\/vc_row_inner][\/vc_column][\/vc_row][vc_row][vc_column][vc_column_text][\/vc_column_text][\/vc_column][\/vc_row][vc_row][vc_column][vc_raw_js]JTNDJTIxLS0lMjBHbG9iYWwlMjBzaXRlJTIwdGFnJTIwJTI4Z3RhZy5qcyUyOSUyMC0lMjBHb29nbGUlMjBBbmFseXRpY3MlMjAtLSUzRSUwQSUzQ3NjcmlwdCUyMGFzeW5jJTIwc3JjJTNEJTIyaHR0cHMlM0ElMkYlMkZ3d3cuZ29vZ2xldGFnbWFuYWdlci5jb20lMkZndGFnJTJGanMlM0ZpZCUzRFVBLTE1MDM3ODQyOS0xJTIyJTNFJTNDJTJGc2NyaXB0JTNFJTBBJTNDc2NyaXB0JTNFJTBBJTIwJTIwd2luZG93LmRhdGFMYXllciUyMCUzRCUyMHdpbmRvdy5kYXRhTGF5ZXIlMjAlN0MlN0MlMjAlNUIlNUQlM0IlMEElMjAlMjBmdW5jdGlvbiUyMGd0YWclMjglMjklN0JkYXRhTGF5ZXIucHVzaCUyOGFyZ3VtZW50cyUyOSUzQiU3RCUwQSUyMCUyMGd0YWclMjglMjdqcyUyNyUyQyUyMG5ldyUyMERhdGUlMjglMjklMjklM0IlMEElMEElMjAlMjBndGFnJTI4JTI3Y29uZmlnJTI3JTJDJTIwJTI3VUEtMTUwMzc4NDI5LTElMjclMjklM0IlMEElM0MlMkZzY3JpcHQlM0UlMEElM0MlMjEtLSUyMEZhY2Vib29rJTIwUGl4ZWwlMjBDb2RlJTIwLS0lM0UlMEElM0NzY3JpcHQlM0UlMEElMjFmdW5jdGlvbiUyOGYlMkNiJTJDZSUyQ3YlMkNuJTJDdCUyQ3MlMjklMEElN0JpZiUyOGYuZmJxJTI5cmV0dXJuJTNCbiUzRGYuZmJxJTNEZnVuY3Rpb24lMjglMjklN0JuLmNhbGxNZXRob2QlM0YlMEFuLmNhbGxNZXRob2QuYXBwbHklMjhuJTJDYXJndW1lbnRzJTI5JTNBbi5xdWV1ZS5wdXNoJTI4YXJndW1lbnRzJTI5JTdEJTNCJTBBaWYlMjglMjFmLl9mYnElMjlmLl9mYnElM0RuJTNCbi5wdXNoJTNEbiUzQm4ubG9hZGVkJTNEJTIxMCUzQm4udmVyc2lvbiUzRCUyNzIuMCUyNyUzQiUwQW4ucXVldWUlM0QlNUIlNUQlM0J0JTNEYi5jcmVhdGVFbGVtZW50JTI4ZSUyOSUzQnQuYXN5bmMlM0QlMjEwJTNCJTBBdC5zcmMlM0R2JTNCcyUzRGIuZ2V0RWxlbWVudHNCeVRhZ05hbWUlMjhlJTI5JTVCMCU1RCUzQiUwQXMucGFyZW50Tm9kZS5pbnNlcnRCZWZvcmUlMjh0JTJDcyUyOSU3RCUyOHdpbmRvdyUyQ2RvY3VtZW50JTJDJTI3c2NyaXB0JTI3JTJDJTBBJTI3aHR0cHMlM0ElMkYlMkZjb25uZWN0LmZhY2Vib29rLm5ldCUyRmVuX1VTJTJGZmJldmVudHMuanMlMjclMjklM0IlMEElMjBmYnElMjglMjdpbml0JTI3JTJDJTIwJTI3OTkxMDkwMzQxNDE1NTgyJTI3JTI5JTNCJTIwJTBBZmJxJTI4JTI3dHJhY2slMjclMkMlMjAlMjdQYWdlVmlldyUyNyUyOSUzQiUwQSUzQyUyRnNjcmlwdCUzRSUwQSUzQ25vc2NyaXB0JTNFJTBBJTIwJTNDaW1nJTIwaGVpZ2h0JTNEJTIyMSUyMiUyMHdpZHRoJTNEJTIyMSUyMiUyMCUwQXNyYyUzRCUyMmh0dHBzJTNBJTJGJTJGd3d3LmZhY2Vib29rLmNvbSUyRnRyJTNGaWQlM0Q5OTEwOTAzNDE0MTU1ODIlMjZldiUzRFBhZ2VWaWV3JTBBJTI2bm9zY3JpcHQlM0QxJTIyJTJGJTNFJTBBJTNDJTJGbm9zY3JpcHQlM0UlMEElM0MlMjEtLSUyMEVuZCUyMEZhY2Vib29rJTIwUGl4ZWwlMjBDb2RlJTIwLS0lM0U=[\/vc_raw_js][\/vc_column][\/vc_row]<\/p>\n","protected":false},"excerpt":{"rendered":"<p>[vc_row el_class=&#8221;socials-newsletter socials-top&#8221;][vc_column][vc_text_separator title=&#8221;Aceptamos&#8221;][vc_single_image image=&#8221;74&#8243; img_size=&#8221;634&#215;80&#8243; alignment=&#8221;center&#8221;][vc_column_text el_class=&#8221;socials-top&#8221;] [mc4wp_form id=&#8221;50&#8243;] [\/vc_column_text][\/vc_column][\/vc_row][vc_row][vc_column][vc_column_text el_class=&#8221;footer-center&#8221;] Nuestro amable personal estar\u00e1 encantado de ayudarte con tus dudas. Si deseas obtener m\u00e1s informaci\u00f3n sobre precios y disponibilidad, llama o env\u00eda un correo electr\u00f3nico para solicitar una reuni\u00f3n.[\/vc_column_text][\/vc_column][\/vc_row][vc_row][vc_column][vc_row_inner][vc_column_inner el_class=&#8221;footer-menu&#8221; width=&#8221;1\/6&#8243;][vc_wp_custommenu title=&#8221;Mi cuenta&#8221; nav_menu=&#8221;18&#8243;][\/vc_column_inner][vc_column_inner el_class=&#8221;footer-menu&#8221; width=&#8221;1\/6&#8243;][vc_wp_custommenu title=&#8221;Informaci\u00f3n&#8221; nav_menu=&#8221;468&#8243;][\/vc_column_inner][vc_column_inner el_class=&#8221;footer-menu&#8221; width=&#8221;1\/6&#8243;][vc_wp_custommenu title=&#8221;\u00bfPor qu\u00e9 comprar?&#8221; [&hellip;]<\/p>\n","protected":false},"author":51,"featured_media":0,"parent":0,"menu_order":0,"comment_status":"closed","ping_status":"closed","template":"","meta":{"footnotes":""},"class_list":["post-73","page","type-page","status-publish","hentry"],"yoast_head":"<!-- This site is optimized with the Yoast SEO plugin v27.5 - https:\/\/yoast.com\/product\/yoast-seo-wordpress\/ -->\n<title>Footer - La Floristeria Canc\u00fan<\/title>\n<meta name=\"robots\" content=\"index, follow, max-snippet:-1, max-image-preview:large, max-video-preview:-1\" \/>\n<link rel=\"canonical\" href=\"https:\/\/shopfloristeria.com\/mx\/footer\/\" \/>\n<meta property=\"og:locale\" content=\"es_MX\" \/>\n<meta property=\"og:type\" content=\"article\" \/>\n<meta property=\"og:title\" content=\"Footer - La Floristeria Canc\u00fan\" \/>\n<meta property=\"og:description\" content=\"[vc_row el_class=&#8221;socials-newsletter socials-top&#8221;][vc_column][vc_text_separator title=&#8221;Aceptamos&#8221;][vc_single_image image=&#8221;74&#8243; img_size=&#8221;634&#215;80&#8243; alignment=&#8221;center&#8221;][vc_column_text el_class=&#8221;socials-top&#8221;] [mc4wp_form id=&#8221;50&#8243;] [\/vc_column_text][\/vc_column][\/vc_row][vc_row][vc_column][vc_column_text el_class=&#8221;footer-center&#8221;] Nuestro amable personal estar\u00e1 encantado de ayudarte con tus dudas. Si deseas obtener m\u00e1s informaci\u00f3n sobre precios y disponibilidad, llama o env\u00eda un correo electr\u00f3nico para solicitar una reuni\u00f3n.[\/vc_column_text][\/vc_column][\/vc_row][vc_row][vc_column][vc_row_inner][vc_column_inner el_class=&#8221;footer-menu&#8221; width=&#8221;1\/6&#8243;][vc_wp_custommenu title=&#8221;Mi cuenta&#8221; nav_menu=&#8221;18&#8243;][\/vc_column_inner][vc_column_inner el_class=&#8221;footer-menu&#8221; width=&#8221;1\/6&#8243;][vc_wp_custommenu title=&#8221;Informaci\u00f3n&#8221; nav_menu=&#8221;468&#8243;][\/vc_column_inner][vc_column_inner el_class=&#8221;footer-menu&#8221; width=&#8221;1\/6&#8243;][vc_wp_custommenu title=&#8221;\u00bfPor qu\u00e9 comprar?&#8221; [&hellip;]\" \/>\n<meta property=\"og:url\" content=\"https:\/\/shopfloristeria.com\/mx\/footer\/\" \/>\n<meta property=\"og:site_name\" content=\"La Floristeria Canc\u00fan\" \/>\n<meta property=\"article:modified_time\" content=\"2022-01-28T22:23:04+00:00\" \/>\n<meta property=\"og:image\" content=\"http:\/\/shopfloristeria.com\/wp-content\/uploads\/2018\/01\/logo.png\" \/>\n<meta name=\"twitter:card\" content=\"summary_large_image\" \/>\n<meta name=\"twitter:label1\" content=\"Tiempo de lectura\" \/>\n\t<meta name=\"twitter:data1\" content=\"2 minutos\" \/>\n<script type=\"application\/ld+json\" class=\"yoast-schema-graph\">{\"@context\":\"https:\\\/\\\/schema.org\",\"@graph\":[{\"@type\":\"WebPage\",\"@id\":\"https:\\\/\\\/shopfloristeria.com\\\/mx\\\/footer\\\/\",\"url\":\"https:\\\/\\\/shopfloristeria.com\\\/mx\\\/footer\\\/\",\"name\":\"Footer - La Floristeria Canc\u00fan\",\"isPartOf\":{\"@id\":\"https:\\\/\\\/shopfloristeria.com\\\/mx\\\/#website\"},\"primaryImageOfPage\":{\"@id\":\"https:\\\/\\\/shopfloristeria.com\\\/mx\\\/footer\\\/#primaryimage\"},\"image\":{\"@id\":\"https:\\\/\\\/shopfloristeria.com\\\/mx\\\/footer\\\/#primaryimage\"},\"thumbnailUrl\":\"http:\\\/\\\/shopfloristeria.com\\\/wp-content\\\/uploads\\\/2018\\\/01\\\/logo.png\",\"datePublished\":\"2020-12-28T23:01:17+00:00\",\"dateModified\":\"2022-01-28T22:23:04+00:00\",\"inLanguage\":\"es\",\"potentialAction\":[{\"@type\":\"ReadAction\",\"target\":[\"https:\\\/\\\/shopfloristeria.com\\\/mx\\\/footer\\\/\"]}]},{\"@type\":\"ImageObject\",\"inLanguage\":\"es\",\"@id\":\"https:\\\/\\\/shopfloristeria.com\\\/mx\\\/footer\\\/#primaryimage\",\"url\":\"http:\\\/\\\/shopfloristeria.com\\\/wp-content\\\/uploads\\\/2018\\\/01\\\/logo.png\",\"contentUrl\":\"http:\\\/\\\/shopfloristeria.com\\\/wp-content\\\/uploads\\\/2018\\\/01\\\/logo.png\"},{\"@type\":\"WebSite\",\"@id\":\"https:\\\/\\\/shopfloristeria.com\\\/mx\\\/#website\",\"url\":\"https:\\\/\\\/shopfloristeria.com\\\/mx\\\/\",\"name\":\"La Floristeria Canc\u00fan\",\"description\":\"Env\u00eda flores en M\u00e9xico\",\"publisher\":{\"@id\":\"https:\\\/\\\/shopfloristeria.com\\\/mx\\\/#organization\"},\"potentialAction\":[{\"@type\":\"SearchAction\",\"target\":{\"@type\":\"EntryPoint\",\"urlTemplate\":\"https:\\\/\\\/shopfloristeria.com\\\/mx\\\/?s={search_term_string}\"},\"query-input\":{\"@type\":\"PropertyValueSpecification\",\"valueRequired\":true,\"valueName\":\"search_term_string\"}}],\"inLanguage\":\"es\"},{\"@type\":\"Organization\",\"@id\":\"https:\\\/\\\/shopfloristeria.com\\\/mx\\\/#organization\",\"name\":\"La Floristeria Canc\u00fan\",\"url\":\"https:\\\/\\\/shopfloristeria.com\\\/mx\\\/\",\"logo\":{\"@type\":\"ImageObject\",\"inLanguage\":\"es\",\"@id\":\"https:\\\/\\\/shopfloristeria.com\\\/mx\\\/#\\\/schema\\\/logo\\\/image\\\/\",\"url\":\"https:\\\/\\\/shopfloristeria.com\\\/mx\\\/wp-content\\\/uploads\\\/sites\\\/2\\\/2020\\\/12\\\/logo-300x185-1.png\",\"contentUrl\":\"https:\\\/\\\/shopfloristeria.com\\\/mx\\\/wp-content\\\/uploads\\\/sites\\\/2\\\/2020\\\/12\\\/logo-300x185-1.png\",\"width\":300,\"height\":185,\"caption\":\"La Floristeria Canc\u00fan\"},\"image\":{\"@id\":\"https:\\\/\\\/shopfloristeria.com\\\/mx\\\/#\\\/schema\\\/logo\\\/image\\\/\"}}]}<\/script>\n<!-- \/ Yoast SEO plugin. -->","yoast_head_json":{"title":"Footer - La Floristeria Canc\u00fan","robots":{"index":"index","follow":"follow","max-snippet":"max-snippet:-1","max-image-preview":"max-image-preview:large","max-video-preview":"max-video-preview:-1"},"canonical":"https:\/\/shopfloristeria.com\/mx\/footer\/","og_locale":"es_MX","og_type":"article","og_title":"Footer - La Floristeria Canc\u00fan","og_description":"[vc_row el_class=&#8221;socials-newsletter socials-top&#8221;][vc_column][vc_text_separator title=&#8221;Aceptamos&#8221;][vc_single_image image=&#8221;74&#8243; img_size=&#8221;634&#215;80&#8243; alignment=&#8221;center&#8221;][vc_column_text el_class=&#8221;socials-top&#8221;] [mc4wp_form id=&#8221;50&#8243;] [\/vc_column_text][\/vc_column][\/vc_row][vc_row][vc_column][vc_column_text el_class=&#8221;footer-center&#8221;] Nuestro amable personal estar\u00e1 encantado de ayudarte con tus dudas. Si deseas obtener m\u00e1s informaci\u00f3n sobre precios y disponibilidad, llama o env\u00eda un correo electr\u00f3nico para solicitar una reuni\u00f3n.[\/vc_column_text][\/vc_column][\/vc_row][vc_row][vc_column][vc_row_inner][vc_column_inner el_class=&#8221;footer-menu&#8221; width=&#8221;1\/6&#8243;][vc_wp_custommenu title=&#8221;Mi cuenta&#8221; nav_menu=&#8221;18&#8243;][\/vc_column_inner][vc_column_inner el_class=&#8221;footer-menu&#8221; width=&#8221;1\/6&#8243;][vc_wp_custommenu title=&#8221;Informaci\u00f3n&#8221; nav_menu=&#8221;468&#8243;][\/vc_column_inner][vc_column_inner el_class=&#8221;footer-menu&#8221; width=&#8221;1\/6&#8243;][vc_wp_custommenu title=&#8221;\u00bfPor qu\u00e9 comprar?&#8221; [&hellip;]","og_url":"https:\/\/shopfloristeria.com\/mx\/footer\/","og_site_name":"La Floristeria Canc\u00fan","article_modified_time":"2022-01-28T22:23:04+00:00","og_image":[{"url":"http:\/\/shopfloristeria.com\/wp-content\/uploads\/2018\/01\/logo.png","type":"","width":"","height":""}],"twitter_card":"summary_large_image","twitter_misc":{"Tiempo de lectura":"2 minutos"},"schema":{"@context":"https:\/\/schema.org","@graph":[{"@type":"WebPage","@id":"https:\/\/shopfloristeria.com\/mx\/footer\/","url":"https:\/\/shopfloristeria.com\/mx\/footer\/","name":"Footer - La Floristeria Canc\u00fan","isPartOf":{"@id":"https:\/\/shopfloristeria.com\/mx\/#website"},"primaryImageOfPage":{"@id":"https:\/\/shopfloristeria.com\/mx\/footer\/#primaryimage"},"image":{"@id":"https:\/\/shopfloristeria.com\/mx\/footer\/#primaryimage"},"thumbnailUrl":"http:\/\/shopfloristeria.com\/wp-content\/uploads\/2018\/01\/logo.png","datePublished":"2020-12-28T23:01:17+00:00","dateModified":"2022-01-28T22:23:04+00:00","inLanguage":"es","potentialAction":[{"@type":"ReadAction","target":["https:\/\/shopfloristeria.com\/mx\/footer\/"]}]},{"@type":"ImageObject","inLanguage":"es","@id":"https:\/\/shopfloristeria.com\/mx\/footer\/#primaryimage","url":"http:\/\/shopfloristeria.com\/wp-content\/uploads\/2018\/01\/logo.png","contentUrl":"http:\/\/shopfloristeria.com\/wp-content\/uploads\/2018\/01\/logo.png"},{"@type":"WebSite","@id":"https:\/\/shopfloristeria.com\/mx\/#website","url":"https:\/\/shopfloristeria.com\/mx\/","name":"La Floristeria Canc\u00fan","description":"Env\u00eda flores en M\u00e9xico","publisher":{"@id":"https:\/\/shopfloristeria.com\/mx\/#organization"},"potentialAction":[{"@type":"SearchAction","target":{"@type":"EntryPoint","urlTemplate":"https:\/\/shopfloristeria.com\/mx\/?s={search_term_string}"},"query-input":{"@type":"PropertyValueSpecification","valueRequired":true,"valueName":"search_term_string"}}],"inLanguage":"es"},{"@type":"Organization","@id":"https:\/\/shopfloristeria.com\/mx\/#organization","name":"La Floristeria Canc\u00fan","url":"https:\/\/shopfloristeria.com\/mx\/","logo":{"@type":"ImageObject","inLanguage":"es","@id":"https:\/\/shopfloristeria.com\/mx\/#\/schema\/logo\/image\/","url":"https:\/\/shopfloristeria.com\/mx\/wp-content\/uploads\/sites\/2\/2020\/12\/logo-300x185-1.png","contentUrl":"https:\/\/shopfloristeria.com\/mx\/wp-content\/uploads\/sites\/2\/2020\/12\/logo-300x185-1.png","width":300,"height":185,"caption":"La Floristeria Canc\u00fan"},"image":{"@id":"https:\/\/shopfloristeria.com\/mx\/#\/schema\/logo\/image\/"}}]}},"_links":{"self":[{"href":"https:\/\/shopfloristeria.com\/mx\/wp-json\/wp\/v2\/pages\/73","targetHints":{"allow":["GET"]}}],"collection":[{"href":"https:\/\/shopfloristeria.com\/mx\/wp-json\/wp\/v2\/pages"}],"about":[{"href":"https:\/\/shopfloristeria.com\/mx\/wp-json\/wp\/v2\/types\/page"}],"author":[{"embeddable":true,"href":"https:\/\/shopfloristeria.com\/mx\/wp-json\/wp\/v2\/users\/51"}],"replies":[{"embeddable":true,"href":"https:\/\/shopfloristeria.com\/mx\/wp-json\/wp\/v2\/comments?post=73"}],"version-history":[{"count":15,"href":"https:\/\/shopfloristeria.com\/mx\/wp-json\/wp\/v2\/pages\/73\/revisions"}],"predecessor-version":[{"id":700,"href":"https:\/\/shopfloristeria.com\/mx\/wp-json\/wp\/v2\/pages\/73\/revisions\/700"}],"wp:attachment":[{"href":"https:\/\/shopfloristeria.com\/mx\/wp-json\/wp\/v2\/media?parent=73"}],"curies":[{"name":"wp","href":"https:\/\/api.w.org\/{rel}","templated":true}]}}