{"id":628,"date":"2021-09-10T04:40:58","date_gmt":"2021-09-10T04:40:58","guid":{"rendered":"https:\/\/shopfloristeria.com\/mx\/?page_id=628"},"modified":"2021-09-10T04:56:35","modified_gmt":"2021-09-10T04:56:35","slug":"arreglos-florales-rapidos","status":"publish","type":"page","link":"https:\/\/shopfloristeria.com\/mx\/arreglos-florales-rapidos\/","title":{"rendered":"Arreglos florales r\u00e1pidos"},"content":{"rendered":"<p>[vc_row][vc_column][rev_slider slidertitle=&#8221;regalos landing&#8221; alias=&#8221;regalos-landing&#8221;][vc_empty_space][vc_empty_space][vc_column_text]<\/p>\n<h4 style=\"text-align: center;\">Nuestra selecci\u00f3n de productos que son perfectos para una boda, baby shower, cumplea\u00f1os o simplemente porque s\u00ed.<\/h4>\n<p>[\/vc_column_text][vc_empty_space][woo_tab_cat_slider category=&#8221;50&#8243; numberposts=&#8221;6&#8243; item_row=&#8221;1&#8243; tab_active=&#8221;1&#8243; columns=&#8221;3&#8243; columns1=&#8221;1&#8243; columns2=&#8221;1&#8243; columns3=&#8221;1&#8243; columns4=&#8221;1&#8243; speed=&#8221;1000&#8243; interval=&#8221;5000&#8243; scroll=&#8221;1&#8243;][vc_empty_space][vc_btn title=&#8221;COMPRAR \/ WHATSAPP CHAT&#8221; color=&#8221;green&#8221; align=&#8221;center&#8221; link=&#8221;url:https%3A%2F%2Fapi.whatsapp.com%2Fsend%3Fphone%3D5219983020602%26text%3DHola%2520Quiero%2520un%2520arreglo%2520floral|title:envios%20rapidos%20de%20flores&#8221;][vc_empty_space][vc_btn title=&#8221;VER M\u00c1S&#8221; color=&#8221;orange&#8221; align=&#8221;center&#8221; link=&#8221;url:https%3A%2F%2Fshopfloristeria.com%2Fmx%2Fcategoria-producto%2Fde-ocasion%2F|title:flores%20para%20ocasiones%20especiales&#8221;][vc_column_text]<\/p>\n<h4 style=\"text-align: center;\">Entregamos de lunes a s\u00e1bado Entrega el mismo d\u00eda o al d\u00eda siguiente en CANCUN, MX<\/h4>\n<p>[\/vc_column_text][vc_raw_html]JTNDaWZyYW1lJTIwd2lkdGglM0QlMjIxMDAlMjUlMjIlMjBoZWlnaHQlM0QlMjI0MDAlMjIlMjBzcmMlM0QlMjJodHRwcyUzQSUyRiUyRnd3dy55b3V0dWJlLmNvbSUyRmVtYmVkJTJGd3ktQnRQdlVpOG8lMjIlMjB0aXRsZSUzRCUyMllvdVR1YmUlMjB2aWRlbyUyMHBsYXllciUyMiUyMGZyYW1lYm9yZGVyJTNEJTIyMCUyMiUyMGFsbG93JTNEJTIyYWNjZWxlcm9tZXRlciUzQiUyMGF1dG9wbGF5JTNCJTIwY2xpcGJvYXJkLXdyaXRlJTNCJTIwZW5jcnlwdGVkLW1lZGlhJTNCJTIwZ3lyb3Njb3BlJTNCJTIwcGljdHVyZS1pbi1waWN0dXJlJTIyJTIwYWxsb3dmdWxsc2NyZWVuJTNFJTNDJTJGaWZyYW1lJTNF[\/vc_raw_html][vc_empty_space][\/vc_column][\/vc_row]<\/p>\n","protected":false},"excerpt":{"rendered":"<p>[vc_row][vc_column][rev_slider slidertitle=&#8221;regalos landing&#8221; alias=&#8221;regalos-landing&#8221;][vc_empty_space][vc_empty_space][vc_column_text] Nuestra selecci\u00f3n de productos que son perfectos para una boda, baby shower, cumplea\u00f1os o simplemente porque s\u00ed. [\/vc_column_text][vc_empty_space][woo_tab_cat_slider category=&#8221;50&#8243; numberposts=&#8221;6&#8243; item_row=&#8221;1&#8243; tab_active=&#8221;1&#8243; columns=&#8221;3&#8243; columns1=&#8221;1&#8243; columns2=&#8221;1&#8243; columns3=&#8221;1&#8243; columns4=&#8221;1&#8243; speed=&#8221;1000&#8243; interval=&#8221;5000&#8243; scroll=&#8221;1&#8243;][vc_empty_space][vc_btn title=&#8221;COMPRAR \/ WHATSAPP CHAT&#8221; color=&#8221;green&#8221; align=&#8221;center&#8221; link=&#8221;url:https%3A%2F%2Fapi.whatsapp.com%2Fsend%3Fphone%3D5219983020602%26text%3DHola%2520Quiero%2520un%2520arreglo%2520floral|title:envios%20rapidos%20de%20flores&#8221;][vc_empty_space][vc_btn title=&#8221;VER M\u00c1S&#8221; color=&#8221;orange&#8221; align=&#8221;center&#8221; link=&#8221;url:https%3A%2F%2Fshopfloristeria.com%2Fmx%2Fcategoria-producto%2Fde-ocasion%2F|title:flores%20para%20ocasiones%20especiales&#8221;][vc_column_text] Entregamos de lunes a s\u00e1bado Entrega el mismo d\u00eda [&hellip;]<\/p>\n","protected":false},"author":51,"featured_media":0,"parent":0,"menu_order":0,"comment_status":"closed","ping_status":"closed","template":"","meta":{"footnotes":""},"class_list":["post-628","page","type-page","status-publish","hentry"],"yoast_head":"<!-- This site is optimized with the Yoast SEO plugin v27.4 - https:\/\/yoast.com\/product\/yoast-seo-wordpress\/ -->\n<title>Arreglos florales r\u00e1pidos - La Floristeria Canc\u00fan<\/title>\n<meta name=\"robots\" content=\"index, follow, max-snippet:-1, max-image-preview:large, max-video-preview:-1\" \/>\n<link rel=\"canonical\" href=\"https:\/\/shopfloristeria.com\/mx\/arreglos-florales-rapidos\/\" \/>\n<meta property=\"og:locale\" content=\"es_MX\" \/>\n<meta property=\"og:type\" content=\"article\" \/>\n<meta property=\"og:title\" content=\"Arreglos florales r\u00e1pidos - La Floristeria Canc\u00fan\" \/>\n<meta property=\"og:description\" content=\"[vc_row][vc_column][rev_slider slidertitle=&#8221;regalos landing&#8221; alias=&#8221;regalos-landing&#8221;][vc_empty_space][vc_empty_space][vc_column_text] Nuestra selecci\u00f3n de productos que son perfectos para una boda, baby shower, cumplea\u00f1os o simplemente porque s\u00ed. [\/vc_column_text][vc_empty_space][woo_tab_cat_slider category=&#8221;50&#8243; numberposts=&#8221;6&#8243; item_row=&#8221;1&#8243; tab_active=&#8221;1&#8243; columns=&#8221;3&#8243; columns1=&#8221;1&#8243; columns2=&#8221;1&#8243; columns3=&#8221;1&#8243; columns4=&#8221;1&#8243; speed=&#8221;1000&#8243; interval=&#8221;5000&#8243; scroll=&#8221;1&#8243;][vc_empty_space][vc_btn title=&#8221;COMPRAR \/ WHATSAPP CHAT&#8221; color=&#8221;green&#8221; align=&#8221;center&#8221; link=&#8221;url:https%3A%2F%2Fapi.whatsapp.com%2Fsend%3Fphone%3D5219983020602%26text%3DHola%2520Quiero%2520un%2520arreglo%2520floral|title:envios%20rapidos%20de%20flores&#8221;][vc_empty_space][vc_btn title=&#8221;VER M\u00c1S&#8221; color=&#8221;orange&#8221; align=&#8221;center&#8221; link=&#8221;url:https%3A%2F%2Fshopfloristeria.com%2Fmx%2Fcategoria-producto%2Fde-ocasion%2F|title:flores%20para%20ocasiones%20especiales&#8221;][vc_column_text] Entregamos de lunes a s\u00e1bado Entrega el mismo d\u00eda [&hellip;]\" \/>\n<meta property=\"og:url\" content=\"https:\/\/shopfloristeria.com\/mx\/arreglos-florales-rapidos\/\" \/>\n<meta property=\"og:site_name\" content=\"La Floristeria Canc\u00fan\" \/>\n<meta property=\"article:modified_time\" content=\"2021-09-10T04:56:35+00:00\" \/>\n<meta name=\"twitter:card\" content=\"summary_large_image\" \/>\n<meta name=\"twitter:label1\" content=\"Tiempo de lectura\" \/>\n\t<meta name=\"twitter:data1\" content=\"1 minuto\" \/>\n<script type=\"application\/ld+json\" class=\"yoast-schema-graph\">{\"@context\":\"https:\\\/\\\/schema.org\",\"@graph\":[{\"@type\":\"WebPage\",\"@id\":\"https:\\\/\\\/shopfloristeria.com\\\/mx\\\/arreglos-florales-rapidos\\\/\",\"url\":\"https:\\\/\\\/shopfloristeria.com\\\/mx\\\/arreglos-florales-rapidos\\\/\",\"name\":\"Arreglos florales r\u00e1pidos - La Floristeria Canc\u00fan\",\"isPartOf\":{\"@id\":\"https:\\\/\\\/shopfloristeria.com\\\/mx\\\/#website\"},\"datePublished\":\"2021-09-10T04:40:58+00:00\",\"dateModified\":\"2021-09-10T04:56:35+00:00\",\"inLanguage\":\"es\",\"potentialAction\":[{\"@type\":\"ReadAction\",\"target\":[\"https:\\\/\\\/shopfloristeria.com\\\/mx\\\/arreglos-florales-rapidos\\\/\"]}]},{\"@type\":\"WebSite\",\"@id\":\"https:\\\/\\\/shopfloristeria.com\\\/mx\\\/#website\",\"url\":\"https:\\\/\\\/shopfloristeria.com\\\/mx\\\/\",\"name\":\"La Floristeria Canc\u00fan\",\"description\":\"Env\u00eda flores en M\u00e9xico\",\"publisher\":{\"@id\":\"https:\\\/\\\/shopfloristeria.com\\\/mx\\\/#organization\"},\"potentialAction\":[{\"@type\":\"SearchAction\",\"target\":{\"@type\":\"EntryPoint\",\"urlTemplate\":\"https:\\\/\\\/shopfloristeria.com\\\/mx\\\/?s={search_term_string}\"},\"query-input\":{\"@type\":\"PropertyValueSpecification\",\"valueRequired\":true,\"valueName\":\"search_term_string\"}}],\"inLanguage\":\"es\"},{\"@type\":\"Organization\",\"@id\":\"https:\\\/\\\/shopfloristeria.com\\\/mx\\\/#organization\",\"name\":\"La Floristeria Canc\u00fan\",\"url\":\"https:\\\/\\\/shopfloristeria.com\\\/mx\\\/\",\"logo\":{\"@type\":\"ImageObject\",\"inLanguage\":\"es\",\"@id\":\"https:\\\/\\\/shopfloristeria.com\\\/mx\\\/#\\\/schema\\\/logo\\\/image\\\/\",\"url\":\"https:\\\/\\\/shopfloristeria.com\\\/mx\\\/wp-content\\\/uploads\\\/sites\\\/2\\\/2020\\\/12\\\/logo-300x185-1.png\",\"contentUrl\":\"https:\\\/\\\/shopfloristeria.com\\\/mx\\\/wp-content\\\/uploads\\\/sites\\\/2\\\/2020\\\/12\\\/logo-300x185-1.png\",\"width\":300,\"height\":185,\"caption\":\"La Floristeria Canc\u00fan\"},\"image\":{\"@id\":\"https:\\\/\\\/shopfloristeria.com\\\/mx\\\/#\\\/schema\\\/logo\\\/image\\\/\"}}]}<\/script>\n<!-- \/ Yoast SEO plugin. -->","yoast_head_json":{"title":"Arreglos florales r\u00e1pidos - La Floristeria Canc\u00fan","robots":{"index":"index","follow":"follow","max-snippet":"max-snippet:-1","max-image-preview":"max-image-preview:large","max-video-preview":"max-video-preview:-1"},"canonical":"https:\/\/shopfloristeria.com\/mx\/arreglos-florales-rapidos\/","og_locale":"es_MX","og_type":"article","og_title":"Arreglos florales r\u00e1pidos - La Floristeria Canc\u00fan","og_description":"[vc_row][vc_column][rev_slider slidertitle=&#8221;regalos landing&#8221; alias=&#8221;regalos-landing&#8221;][vc_empty_space][vc_empty_space][vc_column_text] Nuestra selecci\u00f3n de productos que son perfectos para una boda, baby shower, cumplea\u00f1os o simplemente porque s\u00ed. [\/vc_column_text][vc_empty_space][woo_tab_cat_slider category=&#8221;50&#8243; numberposts=&#8221;6&#8243; item_row=&#8221;1&#8243; tab_active=&#8221;1&#8243; columns=&#8221;3&#8243; columns1=&#8221;1&#8243; columns2=&#8221;1&#8243; columns3=&#8221;1&#8243; columns4=&#8221;1&#8243; speed=&#8221;1000&#8243; interval=&#8221;5000&#8243; scroll=&#8221;1&#8243;][vc_empty_space][vc_btn title=&#8221;COMPRAR \/ WHATSAPP CHAT&#8221; color=&#8221;green&#8221; align=&#8221;center&#8221; link=&#8221;url:https%3A%2F%2Fapi.whatsapp.com%2Fsend%3Fphone%3D5219983020602%26text%3DHola%2520Quiero%2520un%2520arreglo%2520floral|title:envios%20rapidos%20de%20flores&#8221;][vc_empty_space][vc_btn title=&#8221;VER M\u00c1S&#8221; color=&#8221;orange&#8221; align=&#8221;center&#8221; link=&#8221;url:https%3A%2F%2Fshopfloristeria.com%2Fmx%2Fcategoria-producto%2Fde-ocasion%2F|title:flores%20para%20ocasiones%20especiales&#8221;][vc_column_text] Entregamos de lunes a s\u00e1bado Entrega el mismo d\u00eda [&hellip;]","og_url":"https:\/\/shopfloristeria.com\/mx\/arreglos-florales-rapidos\/","og_site_name":"La Floristeria Canc\u00fan","article_modified_time":"2021-09-10T04:56:35+00:00","twitter_card":"summary_large_image","twitter_misc":{"Tiempo de lectura":"1 minuto"},"schema":{"@context":"https:\/\/schema.org","@graph":[{"@type":"WebPage","@id":"https:\/\/shopfloristeria.com\/mx\/arreglos-florales-rapidos\/","url":"https:\/\/shopfloristeria.com\/mx\/arreglos-florales-rapidos\/","name":"Arreglos florales r\u00e1pidos - La Floristeria Canc\u00fan","isPartOf":{"@id":"https:\/\/shopfloristeria.com\/mx\/#website"},"datePublished":"2021-09-10T04:40:58+00:00","dateModified":"2021-09-10T04:56:35+00:00","inLanguage":"es","potentialAction":[{"@type":"ReadAction","target":["https:\/\/shopfloristeria.com\/mx\/arreglos-florales-rapidos\/"]}]},{"@type":"WebSite","@id":"https:\/\/shopfloristeria.com\/mx\/#website","url":"https:\/\/shopfloristeria.com\/mx\/","name":"La Floristeria Canc\u00fan","description":"Env\u00eda flores en M\u00e9xico","publisher":{"@id":"https:\/\/shopfloristeria.com\/mx\/#organization"},"potentialAction":[{"@type":"SearchAction","target":{"@type":"EntryPoint","urlTemplate":"https:\/\/shopfloristeria.com\/mx\/?s={search_term_string}"},"query-input":{"@type":"PropertyValueSpecification","valueRequired":true,"valueName":"search_term_string"}}],"inLanguage":"es"},{"@type":"Organization","@id":"https:\/\/shopfloristeria.com\/mx\/#organization","name":"La Floristeria Canc\u00fan","url":"https:\/\/shopfloristeria.com\/mx\/","logo":{"@type":"ImageObject","inLanguage":"es","@id":"https:\/\/shopfloristeria.com\/mx\/#\/schema\/logo\/image\/","url":"https:\/\/shopfloristeria.com\/mx\/wp-content\/uploads\/sites\/2\/2020\/12\/logo-300x185-1.png","contentUrl":"https:\/\/shopfloristeria.com\/mx\/wp-content\/uploads\/sites\/2\/2020\/12\/logo-300x185-1.png","width":300,"height":185,"caption":"La Floristeria Canc\u00fan"},"image":{"@id":"https:\/\/shopfloristeria.com\/mx\/#\/schema\/logo\/image\/"}}]}},"_links":{"self":[{"href":"https:\/\/shopfloristeria.com\/mx\/wp-json\/wp\/v2\/pages\/628","targetHints":{"allow":["GET"]}}],"collection":[{"href":"https:\/\/shopfloristeria.com\/mx\/wp-json\/wp\/v2\/pages"}],"about":[{"href":"https:\/\/shopfloristeria.com\/mx\/wp-json\/wp\/v2\/types\/page"}],"author":[{"embeddable":true,"href":"https:\/\/shopfloristeria.com\/mx\/wp-json\/wp\/v2\/users\/51"}],"replies":[{"embeddable":true,"href":"https:\/\/shopfloristeria.com\/mx\/wp-json\/wp\/v2\/comments?post=628"}],"version-history":[{"count":3,"href":"https:\/\/shopfloristeria.com\/mx\/wp-json\/wp\/v2\/pages\/628\/revisions"}],"predecessor-version":[{"id":632,"href":"https:\/\/shopfloristeria.com\/mx\/wp-json\/wp\/v2\/pages\/628\/revisions\/632"}],"wp:attachment":[{"href":"https:\/\/shopfloristeria.com\/mx\/wp-json\/wp\/v2\/media?parent=628"}],"curies":[{"name":"wp","href":"https:\/\/api.w.org\/{rel}","templated":true}]}}