{"id":59,"date":"2020-12-28T19:35:16","date_gmt":"2020-12-28T19:35:16","guid":{"rendered":"https:\/\/shopfloristeria.com\/mx\/?page_id=59"},"modified":"2024-10-17T02:29:23","modified_gmt":"2024-10-17T02:29:23","slug":"nuestro-trabajo","status":"publish","type":"page","link":"https:\/\/shopfloristeria.com\/mx\/nuestro-trabajo\/","title":{"rendered":"Nuestro trabajo"},"content":{"rendered":"<p>[vc_row][vc_column][\/vc_column][\/vc_row][vc_row][vc_column][vc_column_text]<\/p>\n<h1 style=\"text-align: center;\"><strong>Nuestro trabajo<\/strong><\/h1>\n<p style=\"text-align: center;\">Para crear impresionantes arreglos florales y decoraciones para su d\u00eda. Estamos muy emocionados de trabajar con los mejores artistas florales de todo M\u00e9xico. Siempre est\u00e1n al tanto de las \u00faltimas tendencias en bodas en todo el mundo. Deje que Alejandra Rub\u00ed y su equipo se aseguren de que sus flores y su decoraci\u00f3n sean frescas y fabulosas, \u00a1Como t\u00fa!<\/p>\n<p>[\/vc_column_text][vc_column_text]<\/p>\n<p style=\"text-align: center;\" align=\"center\">Nuestro exclusivo pedido de flores personalizadas con acceso a granjas y flores de todo el mundo asegura que todas nuestras flores ser\u00e1n recogidas con la mejor calidad. El m\u00e9todo de acondicionamiento utilizado permite que las flores se abran en su punto m\u00e1ximo para que las flores est\u00e9n completamente abiertas el d\u00eda del evento. Nuestra capacidad de compra \u00fanica permite el m\u00e1ximo impacto y presentaci\u00f3n.<\/p>\n<p>[\/vc_column_text][\/vc_column][\/vc_row]<\/p>\n","protected":false},"excerpt":{"rendered":"<p>[vc_row][vc_column][\/vc_column][\/vc_row][vc_row][vc_column][vc_column_text] Nuestro trabajo Para crear impresionantes arreglos florales y decoraciones para su d\u00eda. Estamos muy emocionados de trabajar con los mejores artistas florales de todo M\u00e9xico. Siempre est\u00e1n al tanto de las \u00faltimas tendencias en bodas en todo el mundo. Deje que Alejandra Rub\u00ed y su equipo se aseguren de que sus flores y su [&hellip;]<\/p>\n","protected":false},"author":51,"featured_media":0,"parent":0,"menu_order":0,"comment_status":"closed","ping_status":"closed","template":"","meta":{"footnotes":""},"class_list":["post-59","page","type-page","status-publish","hentry"],"yoast_head":"<!-- This site is optimized with the Yoast SEO plugin v27.3 - https:\/\/yoast.com\/product\/yoast-seo-wordpress\/ -->\n<title>Nuestro trabajo - La Floristeria Canc\u00fan<\/title>\n<meta name=\"robots\" content=\"index, follow, max-snippet:-1, max-image-preview:large, max-video-preview:-1\" \/>\n<link rel=\"canonical\" href=\"https:\/\/shopfloristeria.com\/mx\/nuestro-trabajo\/\" \/>\n<meta property=\"og:locale\" content=\"es_MX\" \/>\n<meta property=\"og:type\" content=\"article\" \/>\n<meta property=\"og:title\" content=\"Nuestro trabajo - La Floristeria Canc\u00fan\" \/>\n<meta property=\"og:description\" content=\"[vc_row][vc_column][\/vc_column][\/vc_row][vc_row][vc_column][vc_column_text] Nuestro trabajo Para crear impresionantes arreglos florales y decoraciones para su d\u00eda. Estamos muy emocionados de trabajar con los mejores artistas florales de todo M\u00e9xico. Siempre est\u00e1n al tanto de las \u00faltimas tendencias en bodas en todo el mundo. Deje que Alejandra Rub\u00ed y su equipo se aseguren de que sus flores y su [&hellip;]\" \/>\n<meta property=\"og:url\" content=\"https:\/\/shopfloristeria.com\/mx\/nuestro-trabajo\/\" \/>\n<meta property=\"og:site_name\" content=\"La Floristeria Canc\u00fan\" \/>\n<meta property=\"article:modified_time\" content=\"2024-10-17T02:29:23+00:00\" \/>\n<meta name=\"twitter:card\" content=\"summary_large_image\" \/>\n<meta name=\"twitter:label1\" content=\"Tiempo de lectura\" \/>\n\t<meta name=\"twitter:data1\" content=\"1 minuto\" \/>\n<script type=\"application\/ld+json\" class=\"yoast-schema-graph\">{\"@context\":\"https:\\\/\\\/schema.org\",\"@graph\":[{\"@type\":\"WebPage\",\"@id\":\"https:\\\/\\\/shopfloristeria.com\\\/mx\\\/nuestro-trabajo\\\/\",\"url\":\"https:\\\/\\\/shopfloristeria.com\\\/mx\\\/nuestro-trabajo\\\/\",\"name\":\"Nuestro trabajo - La Floristeria Canc\u00fan\",\"isPartOf\":{\"@id\":\"https:\\\/\\\/shopfloristeria.com\\\/mx\\\/#website\"},\"datePublished\":\"2020-12-28T19:35:16+00:00\",\"dateModified\":\"2024-10-17T02:29:23+00:00\",\"inLanguage\":\"es\",\"potentialAction\":[{\"@type\":\"ReadAction\",\"target\":[\"https:\\\/\\\/shopfloristeria.com\\\/mx\\\/nuestro-trabajo\\\/\"]}]},{\"@type\":\"WebSite\",\"@id\":\"https:\\\/\\\/shopfloristeria.com\\\/mx\\\/#website\",\"url\":\"https:\\\/\\\/shopfloristeria.com\\\/mx\\\/\",\"name\":\"La Floristeria Canc\u00fan\",\"description\":\"Env\u00eda flores en M\u00e9xico\",\"publisher\":{\"@id\":\"https:\\\/\\\/shopfloristeria.com\\\/mx\\\/#organization\"},\"potentialAction\":[{\"@type\":\"SearchAction\",\"target\":{\"@type\":\"EntryPoint\",\"urlTemplate\":\"https:\\\/\\\/shopfloristeria.com\\\/mx\\\/?s={search_term_string}\"},\"query-input\":{\"@type\":\"PropertyValueSpecification\",\"valueRequired\":true,\"valueName\":\"search_term_string\"}}],\"inLanguage\":\"es\"},{\"@type\":\"Organization\",\"@id\":\"https:\\\/\\\/shopfloristeria.com\\\/mx\\\/#organization\",\"name\":\"La Floristeria Canc\u00fan\",\"url\":\"https:\\\/\\\/shopfloristeria.com\\\/mx\\\/\",\"logo\":{\"@type\":\"ImageObject\",\"inLanguage\":\"es\",\"@id\":\"https:\\\/\\\/shopfloristeria.com\\\/mx\\\/#\\\/schema\\\/logo\\\/image\\\/\",\"url\":\"https:\\\/\\\/shopfloristeria.com\\\/mx\\\/wp-content\\\/uploads\\\/sites\\\/2\\\/2020\\\/12\\\/logo-300x185-1.png\",\"contentUrl\":\"https:\\\/\\\/shopfloristeria.com\\\/mx\\\/wp-content\\\/uploads\\\/sites\\\/2\\\/2020\\\/12\\\/logo-300x185-1.png\",\"width\":300,\"height\":185,\"caption\":\"La Floristeria Canc\u00fan\"},\"image\":{\"@id\":\"https:\\\/\\\/shopfloristeria.com\\\/mx\\\/#\\\/schema\\\/logo\\\/image\\\/\"}}]}<\/script>\n<!-- \/ Yoast SEO plugin. -->","yoast_head_json":{"title":"Nuestro trabajo - La Floristeria Canc\u00fan","robots":{"index":"index","follow":"follow","max-snippet":"max-snippet:-1","max-image-preview":"max-image-preview:large","max-video-preview":"max-video-preview:-1"},"canonical":"https:\/\/shopfloristeria.com\/mx\/nuestro-trabajo\/","og_locale":"es_MX","og_type":"article","og_title":"Nuestro trabajo - La Floristeria Canc\u00fan","og_description":"[vc_row][vc_column][\/vc_column][\/vc_row][vc_row][vc_column][vc_column_text] Nuestro trabajo Para crear impresionantes arreglos florales y decoraciones para su d\u00eda. Estamos muy emocionados de trabajar con los mejores artistas florales de todo M\u00e9xico. Siempre est\u00e1n al tanto de las \u00faltimas tendencias en bodas en todo el mundo. Deje que Alejandra Rub\u00ed y su equipo se aseguren de que sus flores y su [&hellip;]","og_url":"https:\/\/shopfloristeria.com\/mx\/nuestro-trabajo\/","og_site_name":"La Floristeria Canc\u00fan","article_modified_time":"2024-10-17T02:29:23+00:00","twitter_card":"summary_large_image","twitter_misc":{"Tiempo de lectura":"1 minuto"},"schema":{"@context":"https:\/\/schema.org","@graph":[{"@type":"WebPage","@id":"https:\/\/shopfloristeria.com\/mx\/nuestro-trabajo\/","url":"https:\/\/shopfloristeria.com\/mx\/nuestro-trabajo\/","name":"Nuestro trabajo - La Floristeria Canc\u00fan","isPartOf":{"@id":"https:\/\/shopfloristeria.com\/mx\/#website"},"datePublished":"2020-12-28T19:35:16+00:00","dateModified":"2024-10-17T02:29:23+00:00","inLanguage":"es","potentialAction":[{"@type":"ReadAction","target":["https:\/\/shopfloristeria.com\/mx\/nuestro-trabajo\/"]}]},{"@type":"WebSite","@id":"https:\/\/shopfloristeria.com\/mx\/#website","url":"https:\/\/shopfloristeria.com\/mx\/","name":"La Floristeria Canc\u00fan","description":"Env\u00eda flores en M\u00e9xico","publisher":{"@id":"https:\/\/shopfloristeria.com\/mx\/#organization"},"potentialAction":[{"@type":"SearchAction","target":{"@type":"EntryPoint","urlTemplate":"https:\/\/shopfloristeria.com\/mx\/?s={search_term_string}"},"query-input":{"@type":"PropertyValueSpecification","valueRequired":true,"valueName":"search_term_string"}}],"inLanguage":"es"},{"@type":"Organization","@id":"https:\/\/shopfloristeria.com\/mx\/#organization","name":"La Floristeria Canc\u00fan","url":"https:\/\/shopfloristeria.com\/mx\/","logo":{"@type":"ImageObject","inLanguage":"es","@id":"https:\/\/shopfloristeria.com\/mx\/#\/schema\/logo\/image\/","url":"https:\/\/shopfloristeria.com\/mx\/wp-content\/uploads\/sites\/2\/2020\/12\/logo-300x185-1.png","contentUrl":"https:\/\/shopfloristeria.com\/mx\/wp-content\/uploads\/sites\/2\/2020\/12\/logo-300x185-1.png","width":300,"height":185,"caption":"La Floristeria Canc\u00fan"},"image":{"@id":"https:\/\/shopfloristeria.com\/mx\/#\/schema\/logo\/image\/"}}]}},"_links":{"self":[{"href":"https:\/\/shopfloristeria.com\/mx\/wp-json\/wp\/v2\/pages\/59","targetHints":{"allow":["GET"]}}],"collection":[{"href":"https:\/\/shopfloristeria.com\/mx\/wp-json\/wp\/v2\/pages"}],"about":[{"href":"https:\/\/shopfloristeria.com\/mx\/wp-json\/wp\/v2\/types\/page"}],"author":[{"embeddable":true,"href":"https:\/\/shopfloristeria.com\/mx\/wp-json\/wp\/v2\/users\/51"}],"replies":[{"embeddable":true,"href":"https:\/\/shopfloristeria.com\/mx\/wp-json\/wp\/v2\/comments?post=59"}],"version-history":[{"count":10,"href":"https:\/\/shopfloristeria.com\/mx\/wp-json\/wp\/v2\/pages\/59\/revisions"}],"predecessor-version":[{"id":1449,"href":"https:\/\/shopfloristeria.com\/mx\/wp-json\/wp\/v2\/pages\/59\/revisions\/1449"}],"wp:attachment":[{"href":"https:\/\/shopfloristeria.com\/mx\/wp-json\/wp\/v2\/media?parent=59"}],"curies":[{"name":"wp","href":"https:\/\/api.w.org\/{rel}","templated":true}]}}