{"id":51,"date":"2020-12-28T19:26:46","date_gmt":"2020-12-28T19:26:46","guid":{"rendered":"https:\/\/shopfloristeria.com\/mx\/?page_id=51"},"modified":"2024-10-17T02:28:50","modified_gmt":"2024-10-17T02:28:50","slug":"residenciales-corporativos","status":"publish","type":"page","link":"https:\/\/shopfloristeria.com\/mx\/residenciales-corporativos\/","title":{"rendered":"Residenciales \/ Corporativos"},"content":{"rendered":"<p>[vc_row][vc_column][\/vc_column][\/vc_row][vc_row el_class=&#8221;page-about-top&#8221;][vc_column width=&#8221;2\/3&#8243;][vc_column_text]<\/p>\n<h2 style=\"text-align: left;\">Residenciales \/ Corporativos<\/h2>\n<p style=\"text-align: left;\" align=\"center\">Nuestro equipo de dise\u00f1adores expertos est\u00e1 listo para ayudar a crear la experiencia visual perfecta para su espacio corporativo. Ya sea que necesite entregas de flores semanalmente para la oficina o la creaci\u00f3n de instalaciones a gran escala, LA FLORISTERIA ofrece un dise\u00f1o floral exquisito y de alta calidad con una atenci\u00f3n meticulosa a los detalles, mientras que nuestros servicios de mantenimiento y refresco floral aseguran que sus elecciones siempre luzcan lo mejor posible.<\/p>\n<blockquote>\n<p style=\"text-align: center;\" align=\"center\">Disfrute de precios exclusivos<\/p>\n<p style=\"text-align: center;\" align=\"center\">Entrega complementaria gratuita<\/p>\n<\/blockquote>\n<p>[\/vc_column_text][\/vc_column][vc_column width=&#8221;1\/3&#8243;][vc_single_image image=&#8221;52&#8243; img_size=&#8221;full&#8221; alignment=&#8221;center&#8221;][\/vc_column][\/vc_row]<\/p>\n","protected":false},"excerpt":{"rendered":"<p>[vc_row][vc_column][\/vc_column][\/vc_row][vc_row el_class=&#8221;page-about-top&#8221;][vc_column width=&#8221;2\/3&#8243;][vc_column_text] Residenciales \/ Corporativos Nuestro equipo de dise\u00f1adores expertos est\u00e1 listo para ayudar a crear la experiencia visual perfecta para su espacio corporativo. Ya sea que necesite entregas de flores semanalmente para la oficina o la creaci\u00f3n de instalaciones a gran escala, LA FLORISTERIA ofrece un dise\u00f1o floral exquisito y de alta calidad [&hellip;]<\/p>\n","protected":false},"author":51,"featured_media":0,"parent":0,"menu_order":0,"comment_status":"closed","ping_status":"closed","template":"","meta":{"footnotes":""},"class_list":["post-51","page","type-page","status-publish","hentry"],"yoast_head":"<!-- This site is optimized with the Yoast SEO plugin v27.3 - https:\/\/yoast.com\/product\/yoast-seo-wordpress\/ -->\n<title>Residenciales \/ Corporativos - La Floristeria Canc\u00fan<\/title>\n<meta name=\"robots\" content=\"index, follow, max-snippet:-1, max-image-preview:large, max-video-preview:-1\" \/>\n<link rel=\"canonical\" href=\"https:\/\/shopfloristeria.com\/mx\/residenciales-corporativos\/\" \/>\n<meta property=\"og:locale\" content=\"es_MX\" \/>\n<meta property=\"og:type\" content=\"article\" \/>\n<meta property=\"og:title\" content=\"Residenciales \/ Corporativos - La Floristeria Canc\u00fan\" \/>\n<meta property=\"og:description\" content=\"[vc_row][vc_column][\/vc_column][\/vc_row][vc_row el_class=&#8221;page-about-top&#8221;][vc_column width=&#8221;2\/3&#8243;][vc_column_text] Residenciales \/ Corporativos Nuestro equipo de dise\u00f1adores expertos est\u00e1 listo para ayudar a crear la experiencia visual perfecta para su espacio corporativo. Ya sea que necesite entregas de flores semanalmente para la oficina o la creaci\u00f3n de instalaciones a gran escala, LA FLORISTERIA ofrece un dise\u00f1o floral exquisito y de alta calidad [&hellip;]\" \/>\n<meta property=\"og:url\" content=\"https:\/\/shopfloristeria.com\/mx\/residenciales-corporativos\/\" \/>\n<meta property=\"og:site_name\" content=\"La Floristeria Canc\u00fan\" \/>\n<meta property=\"article:modified_time\" content=\"2024-10-17T02:28:50+00:00\" \/>\n<meta name=\"twitter:card\" content=\"summary_large_image\" \/>\n<meta name=\"twitter:label1\" content=\"Tiempo de lectura\" \/>\n\t<meta name=\"twitter:data1\" content=\"1 minuto\" \/>\n<script type=\"application\/ld+json\" class=\"yoast-schema-graph\">{\"@context\":\"https:\\\/\\\/schema.org\",\"@graph\":[{\"@type\":\"WebPage\",\"@id\":\"https:\\\/\\\/shopfloristeria.com\\\/mx\\\/residenciales-corporativos\\\/\",\"url\":\"https:\\\/\\\/shopfloristeria.com\\\/mx\\\/residenciales-corporativos\\\/\",\"name\":\"Residenciales \\\/ Corporativos - La Floristeria Canc\u00fan\",\"isPartOf\":{\"@id\":\"https:\\\/\\\/shopfloristeria.com\\\/mx\\\/#website\"},\"datePublished\":\"2020-12-28T19:26:46+00:00\",\"dateModified\":\"2024-10-17T02:28:50+00:00\",\"inLanguage\":\"es\",\"potentialAction\":[{\"@type\":\"ReadAction\",\"target\":[\"https:\\\/\\\/shopfloristeria.com\\\/mx\\\/residenciales-corporativos\\\/\"]}]},{\"@type\":\"WebSite\",\"@id\":\"https:\\\/\\\/shopfloristeria.com\\\/mx\\\/#website\",\"url\":\"https:\\\/\\\/shopfloristeria.com\\\/mx\\\/\",\"name\":\"La Floristeria Canc\u00fan\",\"description\":\"Env\u00eda flores en M\u00e9xico\",\"publisher\":{\"@id\":\"https:\\\/\\\/shopfloristeria.com\\\/mx\\\/#organization\"},\"potentialAction\":[{\"@type\":\"SearchAction\",\"target\":{\"@type\":\"EntryPoint\",\"urlTemplate\":\"https:\\\/\\\/shopfloristeria.com\\\/mx\\\/?s={search_term_string}\"},\"query-input\":{\"@type\":\"PropertyValueSpecification\",\"valueRequired\":true,\"valueName\":\"search_term_string\"}}],\"inLanguage\":\"es\"},{\"@type\":\"Organization\",\"@id\":\"https:\\\/\\\/shopfloristeria.com\\\/mx\\\/#organization\",\"name\":\"La Floristeria Canc\u00fan\",\"url\":\"https:\\\/\\\/shopfloristeria.com\\\/mx\\\/\",\"logo\":{\"@type\":\"ImageObject\",\"inLanguage\":\"es\",\"@id\":\"https:\\\/\\\/shopfloristeria.com\\\/mx\\\/#\\\/schema\\\/logo\\\/image\\\/\",\"url\":\"https:\\\/\\\/shopfloristeria.com\\\/mx\\\/wp-content\\\/uploads\\\/sites\\\/2\\\/2020\\\/12\\\/logo-300x185-1.png\",\"contentUrl\":\"https:\\\/\\\/shopfloristeria.com\\\/mx\\\/wp-content\\\/uploads\\\/sites\\\/2\\\/2020\\\/12\\\/logo-300x185-1.png\",\"width\":300,\"height\":185,\"caption\":\"La Floristeria Canc\u00fan\"},\"image\":{\"@id\":\"https:\\\/\\\/shopfloristeria.com\\\/mx\\\/#\\\/schema\\\/logo\\\/image\\\/\"}}]}<\/script>\n<!-- \/ Yoast SEO plugin. -->","yoast_head_json":{"title":"Residenciales \/ Corporativos - La Floristeria Canc\u00fan","robots":{"index":"index","follow":"follow","max-snippet":"max-snippet:-1","max-image-preview":"max-image-preview:large","max-video-preview":"max-video-preview:-1"},"canonical":"https:\/\/shopfloristeria.com\/mx\/residenciales-corporativos\/","og_locale":"es_MX","og_type":"article","og_title":"Residenciales \/ Corporativos - La Floristeria Canc\u00fan","og_description":"[vc_row][vc_column][\/vc_column][\/vc_row][vc_row el_class=&#8221;page-about-top&#8221;][vc_column width=&#8221;2\/3&#8243;][vc_column_text] Residenciales \/ Corporativos Nuestro equipo de dise\u00f1adores expertos est\u00e1 listo para ayudar a crear la experiencia visual perfecta para su espacio corporativo. Ya sea que necesite entregas de flores semanalmente para la oficina o la creaci\u00f3n de instalaciones a gran escala, LA FLORISTERIA ofrece un dise\u00f1o floral exquisito y de alta calidad [&hellip;]","og_url":"https:\/\/shopfloristeria.com\/mx\/residenciales-corporativos\/","og_site_name":"La Floristeria Canc\u00fan","article_modified_time":"2024-10-17T02:28:50+00:00","twitter_card":"summary_large_image","twitter_misc":{"Tiempo de lectura":"1 minuto"},"schema":{"@context":"https:\/\/schema.org","@graph":[{"@type":"WebPage","@id":"https:\/\/shopfloristeria.com\/mx\/residenciales-corporativos\/","url":"https:\/\/shopfloristeria.com\/mx\/residenciales-corporativos\/","name":"Residenciales \/ Corporativos - La Floristeria Canc\u00fan","isPartOf":{"@id":"https:\/\/shopfloristeria.com\/mx\/#website"},"datePublished":"2020-12-28T19:26:46+00:00","dateModified":"2024-10-17T02:28:50+00:00","inLanguage":"es","potentialAction":[{"@type":"ReadAction","target":["https:\/\/shopfloristeria.com\/mx\/residenciales-corporativos\/"]}]},{"@type":"WebSite","@id":"https:\/\/shopfloristeria.com\/mx\/#website","url":"https:\/\/shopfloristeria.com\/mx\/","name":"La Floristeria Canc\u00fan","description":"Env\u00eda flores en M\u00e9xico","publisher":{"@id":"https:\/\/shopfloristeria.com\/mx\/#organization"},"potentialAction":[{"@type":"SearchAction","target":{"@type":"EntryPoint","urlTemplate":"https:\/\/shopfloristeria.com\/mx\/?s={search_term_string}"},"query-input":{"@type":"PropertyValueSpecification","valueRequired":true,"valueName":"search_term_string"}}],"inLanguage":"es"},{"@type":"Organization","@id":"https:\/\/shopfloristeria.com\/mx\/#organization","name":"La Floristeria Canc\u00fan","url":"https:\/\/shopfloristeria.com\/mx\/","logo":{"@type":"ImageObject","inLanguage":"es","@id":"https:\/\/shopfloristeria.com\/mx\/#\/schema\/logo\/image\/","url":"https:\/\/shopfloristeria.com\/mx\/wp-content\/uploads\/sites\/2\/2020\/12\/logo-300x185-1.png","contentUrl":"https:\/\/shopfloristeria.com\/mx\/wp-content\/uploads\/sites\/2\/2020\/12\/logo-300x185-1.png","width":300,"height":185,"caption":"La Floristeria Canc\u00fan"},"image":{"@id":"https:\/\/shopfloristeria.com\/mx\/#\/schema\/logo\/image\/"}}]}},"_links":{"self":[{"href":"https:\/\/shopfloristeria.com\/mx\/wp-json\/wp\/v2\/pages\/51","targetHints":{"allow":["GET"]}}],"collection":[{"href":"https:\/\/shopfloristeria.com\/mx\/wp-json\/wp\/v2\/pages"}],"about":[{"href":"https:\/\/shopfloristeria.com\/mx\/wp-json\/wp\/v2\/types\/page"}],"author":[{"embeddable":true,"href":"https:\/\/shopfloristeria.com\/mx\/wp-json\/wp\/v2\/users\/51"}],"replies":[{"embeddable":true,"href":"https:\/\/shopfloristeria.com\/mx\/wp-json\/wp\/v2\/comments?post=51"}],"version-history":[{"count":7,"href":"https:\/\/shopfloristeria.com\/mx\/wp-json\/wp\/v2\/pages\/51\/revisions"}],"predecessor-version":[{"id":1447,"href":"https:\/\/shopfloristeria.com\/mx\/wp-json\/wp\/v2\/pages\/51\/revisions\/1447"}],"wp:attachment":[{"href":"https:\/\/shopfloristeria.com\/mx\/wp-json\/wp\/v2\/media?parent=51"}],"curies":[{"name":"wp","href":"https:\/\/api.w.org\/{rel}","templated":true}]}}