{"id":39,"date":"2020-12-28T19:02:16","date_gmt":"2020-12-28T19:02:16","guid":{"rendered":"https:\/\/shopfloristeria.com\/mx\/?page_id=39"},"modified":"2025-12-24T20:25:34","modified_gmt":"2025-12-24T20:25:34","slug":"contactanos","status":"publish","type":"page","link":"https:\/\/shopfloristeria.com\/mx\/contactanos\/","title":{"rendered":"Cont\u00e1ctanos"},"content":{"rendered":"<p>[vc_row][vc_column][vc_column_text]<\/p>\n<h3>Sucursal Av. Bonampak<\/h3>\n<p>[\/vc_column_text][vc_gmaps link=&#8221;#E-8_JTNDaWZyYW1lJTIwc3JjJTNEJTIyaHR0cHMlM0ElMkYlMkZ3d3cuZ29vZ2xlLmNvbSUyRm1hcHMlMkZlbWJlZCUzRnBiJTNEJTIxMW0xNyUyMTFtMTIlMjExbTMlMjExZDM3MjAuOTUzODk4NDE1NTk0MyUyMTJkLTg2LjgyMzgzNTM4NTA2NTIyJTIxM2QyMS4xNTQyMzI4ODU5MzA1NyUyMTJtMyUyMTFmMCUyMTJmMCUyMTNmMCUyMTNtMiUyMTFpMTAyNCUyMTJpNzY4JTIxNGYxMy4xJTIxM20yJTIxMW0xJTIxMnpNakhDc0RBNUp6RTFMaklpVGlBNE5zS3dORGtuTVRjdU9TSlglMjE1ZTAlMjEzbTIlMjExc2VzJTIxMnNteCUyMTR2MTY4MDYyODA5MTc3OSUyMTVtMiUyMTFzZXMlMjEyc214JTIyJTIwd2lkdGglM0QlMjI2MDAlMjIlMjBoZWlnaHQlM0QlMjI0NTAlMjIlMjBzdHlsZSUzRCUyMmJvcmRlciUzQTAlM0IlMjIlMjBhbGxvd2Z1bGxzY3JlZW4lM0QlMjIlMjIlMjBsb2FkaW5nJTNEJTIybGF6eSUyMiUyMHJlZmVycmVycG9saWN5JTNEJTIybm8tcmVmZXJyZXItd2hlbi1kb3duZ3JhZGUlMjIlM0UlM0MlMkZpZnJhbWUlM0U=&#8221;][vc_raw_html]QXYuJTIwQm9uYW1wYWslMjBTTS4lMjA0JTIwTG90ZSUyMDI5JTIwTVpBLiUyMDMlMjBMT0MuJTIwMiUyMEMuUC4lMjA3NzUwMCUyMENhbmMlQzMlQkFuJTIwUS4lMjBSb28lMjBNJUMzJUE5eGljbyUwQSUzQ2JyJTNFJTBBMDElMjAlMjg5OTglMjklMjAyNTQlMjAyNDE5JTBBJTNDYnIlM0UlMEElM0NhJTIwaHJlZiUzRCUyMmh0dHBzJTNBJTJGJTJGYXBpLndoYXRzYXBwLmNvbSUyRnNlbmQlM0ZwaG9uZSUzRDUyMTk5ODMwMjA2MDIlMjZhbXAlM0J0ZXh0JTNETmVlZCUyNWluZm9ybWF0aW9uJTIyJTNFV2hhdHNBcHAlMjAlMjg5OTglMjkzMDIwNjAyJTNDJTJGYSUzRSUwQSUzQ2JyJTNFJTBBc2hvcGZsb3Jpc3RlcmlhJTQwZ21haWwuY29t[\/vc_raw_html][\/vc_column][\/vc_row][vc_row][vc_column][vc_column_text]<\/p>\n<h3>Sucursal Av. Huayac\u00e1n<\/h3>\n<p>[\/vc_column_text][vc_gmaps link=&#8221;#E-8_JTNDaWZyYW1lJTIwc3JjJTNEJTIyaHR0cHMlM0ElMkYlMkZ3d3cuZ29vZ2xlLmNvbSUyRm1hcHMlMkZlbWJlZCUzRnBiJTNEJTIxMW0xOCUyMTFtMTIlMjExbTMlMjExZDM3MjEuNzQxNzk1MjUzNTIyNSUyMTJkLTg2Ljg0NDg2MDkyNDQyOTY1JTIxM2QyMS4xMjI4NTc4ODA1NTAwNDMlMjEybTMlMjExZjAlMjEyZjAlMjEzZjAlMjEzbTIlMjExaTEwMjQlMjEyaTc2OCUyMTRmMTMuMSUyMTNtMyUyMTFtMiUyMTFzMHg4ZjRjMmI2MjUyYzc4ZWVkJTI1M0EweDFjYTVjMDZjNDBhYmM2MTIlMjEyelJteHZjbWx6ZEdWeXc2MWhJRWgxWVhsaFk4T2hiaUJHYkc5eVpYTERyV0UlMjE1ZTAlMjEzbTIlMjExc2VzJTIxMnNteCUyMTR2MTc2NjYwNjMzNzI5OSUyMTVtMiUyMTFzZXMlMjEyc214JTIyJTIwd2lkdGglM0QlMjI2MDAlMjIlMjBoZWlnaHQlM0QlMjI0NTAlMjIlMjBzdHlsZSUzRCUyMmJvcmRlciUzQTAlM0IlMjIlMjBhbGxvd2Z1bGxzY3JlZW4lM0QlMjIlMjIlMjBsb2FkaW5nJTNEJTIybGF6eSUyMiUyMHJlZmVycmVycG9saWN5JTNEJTIybm8tcmVmZXJyZXItd2hlbi1kb3duZ3JhZGUlMjIlM0UlM0MlMkZpZnJhbWUlM0U=&#8221;][vc_raw_html]QXYuJTIwSHVheWFjYW4lMjBTTSUyMDMxMyUyME1aQS4yODElMjBMVCUyMDMlMjBFU1EuJTIwTk9HQUwlMkMlMjBMT0NBTCUyMDglMkMlMjA3NzU2MCUyMENhbmMlQzMlQkFuJTJDJTIwUS5SLiUwQSUzQ2JyJTNFJTBBMDElMjAlMjg5OTglMjkxNDklMjAxMTg0JTBBJTNDYnIlM0UlMEElM0NhJTIwaHJlZiUzRCUyMmh0dHBzJTNBJTJGJTJGYXBpLndoYXRzYXBwLmNvbSUyRnNlbmQlM0ZwaG9uZSUzRDUyMTk5ODE0OTExODQlMjZhbXAlM0J0ZXh0JTNETmVlZCUyNWluZm9ybWF0aW9uJTIyJTNFV2hhdHNBcHAlMjAlMjg5OTglMjkxNDkxMTg0JTNDJTJGYSUzRSUwQSUzQ2JyJTNFJTBBc2hvcGZsb3Jpc3RlcmlhJTQwZ21haWwuY29t[\/vc_raw_html][\/vc_column][\/vc_row][vc_row el_class=&#8221;page-contact-bot&#8221;][vc_column width=&#8221;1\/3&#8243;][vc_column_text]<\/p>\n<div class=\"wp_left_contact\">\n<h3 data-sourcepos=\"7:1-7:13\">CONECTEMOS<\/h3>\n<p data-sourcepos=\"9:1-9:67\">Nuestro amable equipo est\u00e1 encantado de ayudarte con tus preguntas.<\/p>\n<p data-sourcepos=\"11:1-11:137\">Si deseas m\u00e1s informaci\u00f3n sobre precios y disponibilidad, ll\u00e1manos o env\u00edanos un correo electr\u00f3nico para programar una reuni\u00f3n de dise\u00f1o.<\/p>\n<\/div>\n<p>[\/vc_column_text][\/vc_column][vc_column width=&#8221;2\/3&#8243;][\/vc_column][\/vc_row]<\/p>\n","protected":false},"excerpt":{"rendered":"<p>[vc_row][vc_column][vc_column_text] Sucursal Av. Bonampak [\/vc_column_text][vc_gmaps link=&#8221;#E-8_JTNDaWZyYW1lJTIwc3JjJTNEJTIyaHR0cHMlM0ElMkYlMkZ3d3cuZ29vZ2xlLmNvbSUyRm1hcHMlMkZlbWJlZCUzRnBiJTNEJTIxMW0xNyUyMTFtMTIlMjExbTMlMjExZDM3MjAuOTUzODk4NDE1NTk0MyUyMTJkLTg2LjgyMzgzNTM4NTA2NTIyJTIxM2QyMS4xNTQyMzI4ODU5MzA1NyUyMTJtMyUyMTFmMCUyMTJmMCUyMTNmMCUyMTNtMiUyMTFpMTAyNCUyMTJpNzY4JTIxNGYxMy4xJTIxM20yJTIxMW0xJTIxMnpNakhDc0RBNUp6RTFMaklpVGlBNE5zS3dORGtuTVRjdU9TSlglMjE1ZTAlMjEzbTIlMjExc2VzJTIxMnNteCUyMTR2MTY4MDYyODA5MTc3OSUyMTVtMiUyMTFzZXMlMjEyc214JTIyJTIwd2lkdGglM0QlMjI2MDAlMjIlMjBoZWlnaHQlM0QlMjI0NTAlMjIlMjBzdHlsZSUzRCUyMmJvcmRlciUzQTAlM0IlMjIlMjBhbGxvd2Z1bGxzY3JlZW4lM0QlMjIlMjIlMjBsb2FkaW5nJTNEJTIybGF6eSUyMiUyMHJlZmVycmVycG9saWN5JTNEJTIybm8tcmVmZXJyZXItd2hlbi1kb3duZ3JhZGUlMjIlM0UlM0MlMkZpZnJhbWUlM0U=&#8221;][vc_raw_html]QXYuJTIwQm9uYW1wYWslMjBTTS4lMjA0JTIwTG90ZSUyMDI5JTIwTVpBLiUyMDMlMjBMT0MuJTIwMiUyMEMuUC4lMjA3NzUwMCUyMENhbmMlQzMlQkFuJTIwUS4lMjBSb28lMjBNJUMzJUE5eGljbyUwQSUzQ2JyJTNFJTBBMDElMjAlMjg5OTglMjklMjAyNTQlMjAyNDE5JTBBJTNDYnIlM0UlMEElM0NhJTIwaHJlZiUzRCUyMmh0dHBzJTNBJTJGJTJGYXBpLndoYXRzYXBwLmNvbSUyRnNlbmQlM0ZwaG9uZSUzRDUyMTk5ODMwMjA2MDIlMjZhbXAlM0J0ZXh0JTNETmVlZCUyNWluZm9ybWF0aW9uJTIyJTNFV2hhdHNBcHAlMjAlMjg5OTglMjkzMDIwNjAyJTNDJTJGYSUzRSUwQSUzQ2JyJTNFJTBBc2hvcGZsb3Jpc3RlcmlhJTQwZ21haWwuY29t[\/vc_raw_html][\/vc_column][\/vc_row][vc_row][vc_column][vc_column_text] Sucursal Av. Huayac\u00e1n [\/vc_column_text][vc_gmaps link=&#8221;#E-8_JTNDaWZyYW1lJTIwc3JjJTNEJTIyaHR0cHMlM0ElMkYlMkZ3d3cuZ29vZ2xlLmNvbSUyRm1hcHMlMkZlbWJlZCUzRnBiJTNEJTIxMW0xOCUyMTFtMTIlMjExbTMlMjExZDM3MjEuNzQxNzk1MjUzNTIyNSUyMTJkLTg2Ljg0NDg2MDkyNDQyOTY1JTIxM2QyMS4xMjI4NTc4ODA1NTAwNDMlMjEybTMlMjExZjAlMjEyZjAlMjEzZjAlMjEzbTIlMjExaTEwMjQlMjEyaTc2OCUyMTRmMTMuMSUyMTNtMyUyMTFtMiUyMTFzMHg4ZjRjMmI2MjUyYzc4ZWVkJTI1M0EweDFjYTVjMDZjNDBhYmM2MTIlMjEyelJteHZjbWx6ZEdWeXc2MWhJRWgxWVhsaFk4T2hiaUJHYkc5eVpYTERyV0UlMjE1ZTAlMjEzbTIlMjExc2VzJTIxMnNteCUyMTR2MTc2NjYwNjMzNzI5OSUyMTVtMiUyMTFzZXMlMjEyc214JTIyJTIwd2lkdGglM0QlMjI2MDAlMjIlMjBoZWlnaHQlM0QlMjI0NTAlMjIlMjBzdHlsZSUzRCUyMmJvcmRlciUzQTAlM0IlMjIlMjBhbGxvd2Z1bGxzY3JlZW4lM0QlMjIlMjIlMjBsb2FkaW5nJTNEJTIybGF6eSUyMiUyMHJlZmVycmVycG9saWN5JTNEJTIybm8tcmVmZXJyZXItd2hlbi1kb3duZ3JhZGUlMjIlM0UlM0MlMkZpZnJhbWUlM0U=&#8221;][vc_raw_html]QXYuJTIwSHVheWFjYW4lMjBTTSUyMDMxMyUyME1aQS4yODElMjBMVCUyMDMlMjBFU1EuJTIwTk9HQUwlMkMlMjBMT0NBTCUyMDglMkMlMjA3NzU2MCUyMENhbmMlQzMlQkFuJTJDJTIwUS5SLiUwQSUzQ2JyJTNFJTBBMDElMjAlMjg5OTglMjkxNDklMjAxMTg0JTBBJTNDYnIlM0UlMEElM0NhJTIwaHJlZiUzRCUyMmh0dHBzJTNBJTJGJTJGYXBpLndoYXRzYXBwLmNvbSUyRnNlbmQlM0ZwaG9uZSUzRDUyMTk5ODE0OTExODQlMjZhbXAlM0J0ZXh0JTNETmVlZCUyNWluZm9ybWF0aW9uJTIyJTNFV2hhdHNBcHAlMjAlMjg5OTglMjkxNDkxMTg0JTNDJTJGYSUzRSUwQSUzQ2JyJTNFJTBBc2hvcGZsb3Jpc3RlcmlhJTQwZ21haWwuY29t[\/vc_raw_html][\/vc_column][\/vc_row][vc_row el_class=&#8221;page-contact-bot&#8221;][vc_column width=&#8221;1\/3&#8243;][vc_column_text] CONECTEMOS Nuestro amable equipo est\u00e1 encantado de ayudarte con tus preguntas. Si deseas m\u00e1s informaci\u00f3n sobre precios y disponibilidad, ll\u00e1manos o env\u00edanos un correo electr\u00f3nico para programar una reuni\u00f3n de dise\u00f1o. [\/vc_column_text][\/vc_column][vc_column width=&#8221;2\/3&#8243;][\/vc_column][\/vc_row]<\/p>\n","protected":false},"author":51,"featured_media":0,"parent":0,"menu_order":0,"comment_status":"closed","ping_status":"closed","template":"","meta":{"footnotes":""},"class_list":["post-39","page","type-page","status-publish","hentry"],"yoast_head":"<!-- This site is optimized with the Yoast SEO plugin v27.3 - https:\/\/yoast.com\/product\/yoast-seo-wordpress\/ -->\n<title>Cont\u00e1ctanos - La Floristeria Canc\u00fan<\/title>\n<meta name=\"robots\" content=\"index, follow, max-snippet:-1, max-image-preview:large, max-video-preview:-1\" \/>\n<link rel=\"canonical\" href=\"https:\/\/shopfloristeria.com\/mx\/contactanos\/\" \/>\n<meta property=\"og:locale\" content=\"es_MX\" \/>\n<meta property=\"og:type\" content=\"article\" \/>\n<meta property=\"og:title\" content=\"Cont\u00e1ctanos - La Floristeria Canc\u00fan\" \/>\n<meta property=\"og:description\" content=\"[vc_row][vc_column][vc_column_text] Sucursal Av. Bonampak [\/vc_column_text][vc_gmaps link=&#8221;#E-8_JTNDaWZyYW1lJTIwc3JjJTNEJTIyaHR0cHMlM0ElMkYlMkZ3d3cuZ29vZ2xlLmNvbSUyRm1hcHMlMkZlbWJlZCUzRnBiJTNEJTIxMW0xNyUyMTFtMTIlMjExbTMlMjExZDM3MjAuOTUzODk4NDE1NTk0MyUyMTJkLTg2LjgyMzgzNTM4NTA2NTIyJTIxM2QyMS4xNTQyMzI4ODU5MzA1NyUyMTJtMyUyMTFmMCUyMTJmMCUyMTNmMCUyMTNtMiUyMTFpMTAyNCUyMTJpNzY4JTIxNGYxMy4xJTIxM20yJTIxMW0xJTIxMnpNakhDc0RBNUp6RTFMaklpVGlBNE5zS3dORGtuTVRjdU9TSlglMjE1ZTAlMjEzbTIlMjExc2VzJTIxMnNteCUyMTR2MTY4MDYyODA5MTc3OSUyMTVtMiUyMTFzZXMlMjEyc214JTIyJTIwd2lkdGglM0QlMjI2MDAlMjIlMjBoZWlnaHQlM0QlMjI0NTAlMjIlMjBzdHlsZSUzRCUyMmJvcmRlciUzQTAlM0IlMjIlMjBhbGxvd2Z1bGxzY3JlZW4lM0QlMjIlMjIlMjBsb2FkaW5nJTNEJTIybGF6eSUyMiUyMHJlZmVycmVycG9saWN5JTNEJTIybm8tcmVmZXJyZXItd2hlbi1kb3duZ3JhZGUlMjIlM0UlM0MlMkZpZnJhbWUlM0U=&#8221;][vc_raw_html]QXYuJTIwQm9uYW1wYWslMjBTTS4lMjA0JTIwTG90ZSUyMDI5JTIwTVpBLiUyMDMlMjBMT0MuJTIwMiUyMEMuUC4lMjA3NzUwMCUyMENhbmMlQzMlQkFuJTIwUS4lMjBSb28lMjBNJUMzJUE5eGljbyUwQSUzQ2JyJTNFJTBBMDElMjAlMjg5OTglMjklMjAyNTQlMjAyNDE5JTBBJTNDYnIlM0UlMEElM0NhJTIwaHJlZiUzRCUyMmh0dHBzJTNBJTJGJTJGYXBpLndoYXRzYXBwLmNvbSUyRnNlbmQlM0ZwaG9uZSUzRDUyMTk5ODMwMjA2MDIlMjZhbXAlM0J0ZXh0JTNETmVlZCUyNWluZm9ybWF0aW9uJTIyJTNFV2hhdHNBcHAlMjAlMjg5OTglMjkzMDIwNjAyJTNDJTJGYSUzRSUwQSUzQ2JyJTNFJTBBc2hvcGZsb3Jpc3RlcmlhJTQwZ21haWwuY29t[\/vc_raw_html][\/vc_column][\/vc_row][vc_row][vc_column][vc_column_text] Sucursal Av. Huayac\u00e1n [\/vc_column_text][vc_gmaps link=&#8221;#E-8_JTNDaWZyYW1lJTIwc3JjJTNEJTIyaHR0cHMlM0ElMkYlMkZ3d3cuZ29vZ2xlLmNvbSUyRm1hcHMlMkZlbWJlZCUzRnBiJTNEJTIxMW0xOCUyMTFtMTIlMjExbTMlMjExZDM3MjEuNzQxNzk1MjUzNTIyNSUyMTJkLTg2Ljg0NDg2MDkyNDQyOTY1JTIxM2QyMS4xMjI4NTc4ODA1NTAwNDMlMjEybTMlMjExZjAlMjEyZjAlMjEzZjAlMjEzbTIlMjExaTEwMjQlMjEyaTc2OCUyMTRmMTMuMSUyMTNtMyUyMTFtMiUyMTFzMHg4ZjRjMmI2MjUyYzc4ZWVkJTI1M0EweDFjYTVjMDZjNDBhYmM2MTIlMjEyelJteHZjbWx6ZEdWeXc2MWhJRWgxWVhsaFk4T2hiaUJHYkc5eVpYTERyV0UlMjE1ZTAlMjEzbTIlMjExc2VzJTIxMnNteCUyMTR2MTc2NjYwNjMzNzI5OSUyMTVtMiUyMTFzZXMlMjEyc214JTIyJTIwd2lkdGglM0QlMjI2MDAlMjIlMjBoZWlnaHQlM0QlMjI0NTAlMjIlMjBzdHlsZSUzRCUyMmJvcmRlciUzQTAlM0IlMjIlMjBhbGxvd2Z1bGxzY3JlZW4lM0QlMjIlMjIlMjBsb2FkaW5nJTNEJTIybGF6eSUyMiUyMHJlZmVycmVycG9saWN5JTNEJTIybm8tcmVmZXJyZXItd2hlbi1kb3duZ3JhZGUlMjIlM0UlM0MlMkZpZnJhbWUlM0U=&#8221;][vc_raw_html]QXYuJTIwSHVheWFjYW4lMjBTTSUyMDMxMyUyME1aQS4yODElMjBMVCUyMDMlMjBFU1EuJTIwTk9HQUwlMkMlMjBMT0NBTCUyMDglMkMlMjA3NzU2MCUyMENhbmMlQzMlQkFuJTJDJTIwUS5SLiUwQSUzQ2JyJTNFJTBBMDElMjAlMjg5OTglMjkxNDklMjAxMTg0JTBBJTNDYnIlM0UlMEElM0NhJTIwaHJlZiUzRCUyMmh0dHBzJTNBJTJGJTJGYXBpLndoYXRzYXBwLmNvbSUyRnNlbmQlM0ZwaG9uZSUzRDUyMTk5ODE0OTExODQlMjZhbXAlM0J0ZXh0JTNETmVlZCUyNWluZm9ybWF0aW9uJTIyJTNFV2hhdHNBcHAlMjAlMjg5OTglMjkxNDkxMTg0JTNDJTJGYSUzRSUwQSUzQ2JyJTNFJTBBc2hvcGZsb3Jpc3RlcmlhJTQwZ21haWwuY29t[\/vc_raw_html][\/vc_column][\/vc_row][vc_row el_class=&#8221;page-contact-bot&#8221;][vc_column width=&#8221;1\/3&#8243;][vc_column_text] CONECTEMOS Nuestro amable equipo est\u00e1 encantado de ayudarte con tus preguntas. Si deseas m\u00e1s informaci\u00f3n sobre precios y disponibilidad, ll\u00e1manos o env\u00edanos un correo electr\u00f3nico para programar una reuni\u00f3n de dise\u00f1o. [\/vc_column_text][\/vc_column][vc_column width=&#8221;2\/3&#8243;][\/vc_column][\/vc_row]\" \/>\n<meta property=\"og:url\" content=\"https:\/\/shopfloristeria.com\/mx\/contactanos\/\" \/>\n<meta property=\"og:site_name\" content=\"La Floristeria Canc\u00fan\" \/>\n<meta property=\"article:modified_time\" content=\"2025-12-24T20:25:34+00:00\" \/>\n<meta name=\"twitter:card\" content=\"summary_large_image\" \/>\n<meta name=\"twitter:label1\" content=\"Tiempo de lectura\" \/>\n\t<meta name=\"twitter:data1\" content=\"1 minuto\" \/>\n<script type=\"application\/ld+json\" class=\"yoast-schema-graph\">{\"@context\":\"https:\\\/\\\/schema.org\",\"@graph\":[{\"@type\":\"WebPage\",\"@id\":\"https:\\\/\\\/shopfloristeria.com\\\/mx\\\/contactanos\\\/\",\"url\":\"https:\\\/\\\/shopfloristeria.com\\\/mx\\\/contactanos\\\/\",\"name\":\"Cont\u00e1ctanos - La Floristeria Canc\u00fan\",\"isPartOf\":{\"@id\":\"https:\\\/\\\/shopfloristeria.com\\\/mx\\\/#website\"},\"datePublished\":\"2020-12-28T19:02:16+00:00\",\"dateModified\":\"2025-12-24T20:25:34+00:00\",\"inLanguage\":\"es\",\"potentialAction\":[{\"@type\":\"ReadAction\",\"target\":[\"https:\\\/\\\/shopfloristeria.com\\\/mx\\\/contactanos\\\/\"]}]},{\"@type\":\"WebSite\",\"@id\":\"https:\\\/\\\/shopfloristeria.com\\\/mx\\\/#website\",\"url\":\"https:\\\/\\\/shopfloristeria.com\\\/mx\\\/\",\"name\":\"La Floristeria Canc\u00fan\",\"description\":\"Env\u00eda flores en M\u00e9xico\",\"publisher\":{\"@id\":\"https:\\\/\\\/shopfloristeria.com\\\/mx\\\/#organization\"},\"potentialAction\":[{\"@type\":\"SearchAction\",\"target\":{\"@type\":\"EntryPoint\",\"urlTemplate\":\"https:\\\/\\\/shopfloristeria.com\\\/mx\\\/?s={search_term_string}\"},\"query-input\":{\"@type\":\"PropertyValueSpecification\",\"valueRequired\":true,\"valueName\":\"search_term_string\"}}],\"inLanguage\":\"es\"},{\"@type\":\"Organization\",\"@id\":\"https:\\\/\\\/shopfloristeria.com\\\/mx\\\/#organization\",\"name\":\"La Floristeria Canc\u00fan\",\"url\":\"https:\\\/\\\/shopfloristeria.com\\\/mx\\\/\",\"logo\":{\"@type\":\"ImageObject\",\"inLanguage\":\"es\",\"@id\":\"https:\\\/\\\/shopfloristeria.com\\\/mx\\\/#\\\/schema\\\/logo\\\/image\\\/\",\"url\":\"https:\\\/\\\/shopfloristeria.com\\\/mx\\\/wp-content\\\/uploads\\\/sites\\\/2\\\/2020\\\/12\\\/logo-300x185-1.png\",\"contentUrl\":\"https:\\\/\\\/shopfloristeria.com\\\/mx\\\/wp-content\\\/uploads\\\/sites\\\/2\\\/2020\\\/12\\\/logo-300x185-1.png\",\"width\":300,\"height\":185,\"caption\":\"La Floristeria Canc\u00fan\"},\"image\":{\"@id\":\"https:\\\/\\\/shopfloristeria.com\\\/mx\\\/#\\\/schema\\\/logo\\\/image\\\/\"}}]}<\/script>\n<!-- \/ Yoast SEO plugin. -->","yoast_head_json":{"title":"Cont\u00e1ctanos - La Floristeria Canc\u00fan","robots":{"index":"index","follow":"follow","max-snippet":"max-snippet:-1","max-image-preview":"max-image-preview:large","max-video-preview":"max-video-preview:-1"},"canonical":"https:\/\/shopfloristeria.com\/mx\/contactanos\/","og_locale":"es_MX","og_type":"article","og_title":"Cont\u00e1ctanos - La Floristeria Canc\u00fan","og_description":"[vc_row][vc_column][vc_column_text] Sucursal Av. Bonampak [\/vc_column_text][vc_gmaps link=&#8221;#E-8_JTNDaWZyYW1lJTIwc3JjJTNEJTIyaHR0cHMlM0ElMkYlMkZ3d3cuZ29vZ2xlLmNvbSUyRm1hcHMlMkZlbWJlZCUzRnBiJTNEJTIxMW0xNyUyMTFtMTIlMjExbTMlMjExZDM3MjAuOTUzODk4NDE1NTk0MyUyMTJkLTg2LjgyMzgzNTM4NTA2NTIyJTIxM2QyMS4xNTQyMzI4ODU5MzA1NyUyMTJtMyUyMTFmMCUyMTJmMCUyMTNmMCUyMTNtMiUyMTFpMTAyNCUyMTJpNzY4JTIxNGYxMy4xJTIxM20yJTIxMW0xJTIxMnpNakhDc0RBNUp6RTFMaklpVGlBNE5zS3dORGtuTVRjdU9TSlglMjE1ZTAlMjEzbTIlMjExc2VzJTIxMnNteCUyMTR2MTY4MDYyODA5MTc3OSUyMTVtMiUyMTFzZXMlMjEyc214JTIyJTIwd2lkdGglM0QlMjI2MDAlMjIlMjBoZWlnaHQlM0QlMjI0NTAlMjIlMjBzdHlsZSUzRCUyMmJvcmRlciUzQTAlM0IlMjIlMjBhbGxvd2Z1bGxzY3JlZW4lM0QlMjIlMjIlMjBsb2FkaW5nJTNEJTIybGF6eSUyMiUyMHJlZmVycmVycG9saWN5JTNEJTIybm8tcmVmZXJyZXItd2hlbi1kb3duZ3JhZGUlMjIlM0UlM0MlMkZpZnJhbWUlM0U=&#8221;][vc_raw_html]QXYuJTIwQm9uYW1wYWslMjBTTS4lMjA0JTIwTG90ZSUyMDI5JTIwTVpBLiUyMDMlMjBMT0MuJTIwMiUyMEMuUC4lMjA3NzUwMCUyMENhbmMlQzMlQkFuJTIwUS4lMjBSb28lMjBNJUMzJUE5eGljbyUwQSUzQ2JyJTNFJTBBMDElMjAlMjg5OTglMjklMjAyNTQlMjAyNDE5JTBBJTNDYnIlM0UlMEElM0NhJTIwaHJlZiUzRCUyMmh0dHBzJTNBJTJGJTJGYXBpLndoYXRzYXBwLmNvbSUyRnNlbmQlM0ZwaG9uZSUzRDUyMTk5ODMwMjA2MDIlMjZhbXAlM0J0ZXh0JTNETmVlZCUyNWluZm9ybWF0aW9uJTIyJTNFV2hhdHNBcHAlMjAlMjg5OTglMjkzMDIwNjAyJTNDJTJGYSUzRSUwQSUzQ2JyJTNFJTBBc2hvcGZsb3Jpc3RlcmlhJTQwZ21haWwuY29t[\/vc_raw_html][\/vc_column][\/vc_row][vc_row][vc_column][vc_column_text] Sucursal Av. Huayac\u00e1n [\/vc_column_text][vc_gmaps link=&#8221;#E-8_JTNDaWZyYW1lJTIwc3JjJTNEJTIyaHR0cHMlM0ElMkYlMkZ3d3cuZ29vZ2xlLmNvbSUyRm1hcHMlMkZlbWJlZCUzRnBiJTNEJTIxMW0xOCUyMTFtMTIlMjExbTMlMjExZDM3MjEuNzQxNzk1MjUzNTIyNSUyMTJkLTg2Ljg0NDg2MDkyNDQyOTY1JTIxM2QyMS4xMjI4NTc4ODA1NTAwNDMlMjEybTMlMjExZjAlMjEyZjAlMjEzZjAlMjEzbTIlMjExaTEwMjQlMjEyaTc2OCUyMTRmMTMuMSUyMTNtMyUyMTFtMiUyMTFzMHg4ZjRjMmI2MjUyYzc4ZWVkJTI1M0EweDFjYTVjMDZjNDBhYmM2MTIlMjEyelJteHZjbWx6ZEdWeXc2MWhJRWgxWVhsaFk4T2hiaUJHYkc5eVpYTERyV0UlMjE1ZTAlMjEzbTIlMjExc2VzJTIxMnNteCUyMTR2MTc2NjYwNjMzNzI5OSUyMTVtMiUyMTFzZXMlMjEyc214JTIyJTIwd2lkdGglM0QlMjI2MDAlMjIlMjBoZWlnaHQlM0QlMjI0NTAlMjIlMjBzdHlsZSUzRCUyMmJvcmRlciUzQTAlM0IlMjIlMjBhbGxvd2Z1bGxzY3JlZW4lM0QlMjIlMjIlMjBsb2FkaW5nJTNEJTIybGF6eSUyMiUyMHJlZmVycmVycG9saWN5JTNEJTIybm8tcmVmZXJyZXItd2hlbi1kb3duZ3JhZGUlMjIlM0UlM0MlMkZpZnJhbWUlM0U=&#8221;][vc_raw_html]QXYuJTIwSHVheWFjYW4lMjBTTSUyMDMxMyUyME1aQS4yODElMjBMVCUyMDMlMjBFU1EuJTIwTk9HQUwlMkMlMjBMT0NBTCUyMDglMkMlMjA3NzU2MCUyMENhbmMlQzMlQkFuJTJDJTIwUS5SLiUwQSUzQ2JyJTNFJTBBMDElMjAlMjg5OTglMjkxNDklMjAxMTg0JTBBJTNDYnIlM0UlMEElM0NhJTIwaHJlZiUzRCUyMmh0dHBzJTNBJTJGJTJGYXBpLndoYXRzYXBwLmNvbSUyRnNlbmQlM0ZwaG9uZSUzRDUyMTk5ODE0OTExODQlMjZhbXAlM0J0ZXh0JTNETmVlZCUyNWluZm9ybWF0aW9uJTIyJTNFV2hhdHNBcHAlMjAlMjg5OTglMjkxNDkxMTg0JTNDJTJGYSUzRSUwQSUzQ2JyJTNFJTBBc2hvcGZsb3Jpc3RlcmlhJTQwZ21haWwuY29t[\/vc_raw_html][\/vc_column][\/vc_row][vc_row el_class=&#8221;page-contact-bot&#8221;][vc_column width=&#8221;1\/3&#8243;][vc_column_text] CONECTEMOS Nuestro amable equipo est\u00e1 encantado de ayudarte con tus preguntas. Si deseas m\u00e1s informaci\u00f3n sobre precios y disponibilidad, ll\u00e1manos o env\u00edanos un correo electr\u00f3nico para programar una reuni\u00f3n de dise\u00f1o. [\/vc_column_text][\/vc_column][vc_column width=&#8221;2\/3&#8243;][\/vc_column][\/vc_row]","og_url":"https:\/\/shopfloristeria.com\/mx\/contactanos\/","og_site_name":"La Floristeria Canc\u00fan","article_modified_time":"2025-12-24T20:25:34+00:00","twitter_card":"summary_large_image","twitter_misc":{"Tiempo de lectura":"1 minuto"},"schema":{"@context":"https:\/\/schema.org","@graph":[{"@type":"WebPage","@id":"https:\/\/shopfloristeria.com\/mx\/contactanos\/","url":"https:\/\/shopfloristeria.com\/mx\/contactanos\/","name":"Cont\u00e1ctanos - La Floristeria Canc\u00fan","isPartOf":{"@id":"https:\/\/shopfloristeria.com\/mx\/#website"},"datePublished":"2020-12-28T19:02:16+00:00","dateModified":"2025-12-24T20:25:34+00:00","inLanguage":"es","potentialAction":[{"@type":"ReadAction","target":["https:\/\/shopfloristeria.com\/mx\/contactanos\/"]}]},{"@type":"WebSite","@id":"https:\/\/shopfloristeria.com\/mx\/#website","url":"https:\/\/shopfloristeria.com\/mx\/","name":"La Floristeria Canc\u00fan","description":"Env\u00eda flores en M\u00e9xico","publisher":{"@id":"https:\/\/shopfloristeria.com\/mx\/#organization"},"potentialAction":[{"@type":"SearchAction","target":{"@type":"EntryPoint","urlTemplate":"https:\/\/shopfloristeria.com\/mx\/?s={search_term_string}"},"query-input":{"@type":"PropertyValueSpecification","valueRequired":true,"valueName":"search_term_string"}}],"inLanguage":"es"},{"@type":"Organization","@id":"https:\/\/shopfloristeria.com\/mx\/#organization","name":"La Floristeria Canc\u00fan","url":"https:\/\/shopfloristeria.com\/mx\/","logo":{"@type":"ImageObject","inLanguage":"es","@id":"https:\/\/shopfloristeria.com\/mx\/#\/schema\/logo\/image\/","url":"https:\/\/shopfloristeria.com\/mx\/wp-content\/uploads\/sites\/2\/2020\/12\/logo-300x185-1.png","contentUrl":"https:\/\/shopfloristeria.com\/mx\/wp-content\/uploads\/sites\/2\/2020\/12\/logo-300x185-1.png","width":300,"height":185,"caption":"La Floristeria Canc\u00fan"},"image":{"@id":"https:\/\/shopfloristeria.com\/mx\/#\/schema\/logo\/image\/"}}]}},"_links":{"self":[{"href":"https:\/\/shopfloristeria.com\/mx\/wp-json\/wp\/v2\/pages\/39","targetHints":{"allow":["GET"]}}],"collection":[{"href":"https:\/\/shopfloristeria.com\/mx\/wp-json\/wp\/v2\/pages"}],"about":[{"href":"https:\/\/shopfloristeria.com\/mx\/wp-json\/wp\/v2\/types\/page"}],"author":[{"embeddable":true,"href":"https:\/\/shopfloristeria.com\/mx\/wp-json\/wp\/v2\/users\/51"}],"replies":[{"embeddable":true,"href":"https:\/\/shopfloristeria.com\/mx\/wp-json\/wp\/v2\/comments?post=39"}],"version-history":[{"count":15,"href":"https:\/\/shopfloristeria.com\/mx\/wp-json\/wp\/v2\/pages\/39\/revisions"}],"predecessor-version":[{"id":41,"href":"https:\/\/shopfloristeria.com\/mx\/wp-json\/wp\/v2\/pages\/39\/revisions\/41"}],"wp:attachment":[{"href":"https:\/\/shopfloristeria.com\/mx\/wp-json\/wp\/v2\/media?parent=39"}],"curies":[{"name":"wp","href":"https:\/\/api.w.org\/{rel}","templated":true}]}}