{"id":26,"date":"2020-12-28T18:30:58","date_gmt":"2020-12-28T18:30:58","guid":{"rendered":"https:\/\/shopfloristeria.com\/mx\/?page_id=26"},"modified":"2024-10-17T02:29:40","modified_gmt":"2024-10-17T02:29:40","slug":"nosotros","status":"publish","type":"page","link":"https:\/\/shopfloristeria.com\/mx\/nosotros\/","title":{"rendered":"Nosotros"},"content":{"rendered":"<p>[vc_row][vc_column][\/vc_column][\/vc_row][vc_row el_class=&#8221;page-about-top&#8221;][vc_column][vc_single_image image=&#8221;32&#8243; img_size=&#8221;full&#8221; alignment=&#8221;center&#8221;][vc_column_text]<\/p>\n<h2 style=\"text-align: center;\">Bienvenidos a La Florister\u00eda Canc\u00fan<\/h2>\n<h2 style=\"text-align: center;\">ACERCA DE NOSOTROS<\/h2>\n<h3 style=\"text-align: center;\">Nuestra Misi\u00f3n<\/h3>\n<p style=\"text-align: center;\">Brindamos la experiencia de las flores de lujo como parte de nuestra cultura de dar obsequios.<\/p>\n<p style=\"text-align: center;\">Estamos orgullosos de la calidad de nuestras flores y queremos compartir con todos la felicidad pueden traer.<\/p>\n<h3 class=\"text-about-red\" style=\"text-align: center;\">LA EXPERIENCIA<\/h3>\n<p style=\"text-align: center;\">Especializados en proporcionar las rosas de colores m\u00e1s singulares, nos enorgullecemos de la pasi\u00f3n que aportamos a cada proyecto combinado con nuestro amor por la moda.<\/p>\n<p style=\"text-align: center;\">Creamos un sentido \u00fanico de dise\u00f1o floral en el que cada arreglo creado por nuestro dise\u00f1ador floral est\u00e1 a la altura de la calidad y el est\u00e1ndar del que se enorgullece Florister\u00eda.<\/p>\n<p style=\"text-align: center;\">Nuestras colecciones siempre incluir\u00e1n nuestros colores cl\u00e1sicos de cada temporada, as\u00ed como arreglos de temporada para ocasiones especiales.<\/p>\n<p style=\"text-align: center;\">Nos encantan los pedidos personalizados y trabajaremos muy de cerca de ti, para crear el arreglo m\u00e1s exclusivo y sorprendente para cualquier ocasi\u00f3n.<\/p>\n<p>[\/vc_column_text][\/vc_column][\/vc_row]<\/p>\n","protected":false},"excerpt":{"rendered":"<p>[vc_row][vc_column][\/vc_column][\/vc_row][vc_row el_class=&#8221;page-about-top&#8221;][vc_column][vc_single_image image=&#8221;32&#8243; img_size=&#8221;full&#8221; alignment=&#8221;center&#8221;][vc_column_text] Bienvenidos a La Florister\u00eda Canc\u00fan ACERCA DE NOSOTROS Nuestra Misi\u00f3n Brindamos la experiencia de las flores de lujo como parte de nuestra cultura de dar obsequios. Estamos orgullosos de la calidad de nuestras flores y queremos compartir con todos la felicidad pueden traer. LA EXPERIENCIA Especializados en proporcionar las rosas [&hellip;]<\/p>\n","protected":false},"author":51,"featured_media":0,"parent":0,"menu_order":0,"comment_status":"closed","ping_status":"closed","template":"","meta":{"footnotes":""},"class_list":["post-26","page","type-page","status-publish","hentry"],"yoast_head":"<!-- This site is optimized with the Yoast SEO plugin v27.3 - https:\/\/yoast.com\/product\/yoast-seo-wordpress\/ -->\n<title>Nosotros - La Floristeria Canc\u00fan<\/title>\n<meta name=\"description\" content=\"Sobre nosotros. Enviar flores en Canc\u00fan nunca ha sido tan f\u00e1cil. \u00a1Vamos a conocernos! Ve nuestro trabajo, nuestra misi\u00f3n, nuestros valores y m\u00e1s. Nos encantar\u00eda que le dieras un vistazo.\" \/>\n<meta name=\"robots\" content=\"index, follow, max-snippet:-1, max-image-preview:large, max-video-preview:-1\" \/>\n<link rel=\"canonical\" href=\"https:\/\/shopfloristeria.com\/mx\/nosotros\/\" \/>\n<meta property=\"og:locale\" content=\"es_MX\" \/>\n<meta property=\"og:type\" content=\"article\" \/>\n<meta property=\"og:title\" content=\"Nosotros - La Floristeria Canc\u00fan\" \/>\n<meta property=\"og:description\" content=\"Sobre nosotros. Enviar flores en Canc\u00fan nunca ha sido tan f\u00e1cil. \u00a1Vamos a conocernos! Ve nuestro trabajo, nuestra misi\u00f3n, nuestros valores y m\u00e1s. Nos encantar\u00eda que le dieras un vistazo.\" \/>\n<meta property=\"og:url\" content=\"https:\/\/shopfloristeria.com\/mx\/nosotros\/\" \/>\n<meta property=\"og:site_name\" content=\"La Floristeria Canc\u00fan\" \/>\n<meta property=\"article:modified_time\" content=\"2024-10-17T02:29:40+00:00\" \/>\n<meta name=\"twitter:card\" content=\"summary_large_image\" \/>\n<meta name=\"twitter:label1\" content=\"Tiempo de lectura\" \/>\n\t<meta name=\"twitter:data1\" content=\"1 minuto\" \/>\n<script type=\"application\/ld+json\" class=\"yoast-schema-graph\">{\"@context\":\"https:\\\/\\\/schema.org\",\"@graph\":[{\"@type\":\"WebPage\",\"@id\":\"https:\\\/\\\/shopfloristeria.com\\\/mx\\\/nosotros\\\/\",\"url\":\"https:\\\/\\\/shopfloristeria.com\\\/mx\\\/nosotros\\\/\",\"name\":\"Nosotros - La Floristeria Canc\u00fan\",\"isPartOf\":{\"@id\":\"https:\\\/\\\/shopfloristeria.com\\\/mx\\\/#website\"},\"datePublished\":\"2020-12-28T18:30:58+00:00\",\"dateModified\":\"2024-10-17T02:29:40+00:00\",\"description\":\"Sobre nosotros. Enviar flores en Canc\u00fan nunca ha sido tan f\u00e1cil. \u00a1Vamos a conocernos! Ve nuestro trabajo, nuestra misi\u00f3n, nuestros valores y m\u00e1s. Nos encantar\u00eda que le dieras un vistazo.\",\"inLanguage\":\"es\",\"potentialAction\":[{\"@type\":\"ReadAction\",\"target\":[\"https:\\\/\\\/shopfloristeria.com\\\/mx\\\/nosotros\\\/\"]}]},{\"@type\":\"WebSite\",\"@id\":\"https:\\\/\\\/shopfloristeria.com\\\/mx\\\/#website\",\"url\":\"https:\\\/\\\/shopfloristeria.com\\\/mx\\\/\",\"name\":\"La Floristeria Canc\u00fan\",\"description\":\"Env\u00eda flores en M\u00e9xico\",\"publisher\":{\"@id\":\"https:\\\/\\\/shopfloristeria.com\\\/mx\\\/#organization\"},\"potentialAction\":[{\"@type\":\"SearchAction\",\"target\":{\"@type\":\"EntryPoint\",\"urlTemplate\":\"https:\\\/\\\/shopfloristeria.com\\\/mx\\\/?s={search_term_string}\"},\"query-input\":{\"@type\":\"PropertyValueSpecification\",\"valueRequired\":true,\"valueName\":\"search_term_string\"}}],\"inLanguage\":\"es\"},{\"@type\":\"Organization\",\"@id\":\"https:\\\/\\\/shopfloristeria.com\\\/mx\\\/#organization\",\"name\":\"La Floristeria Canc\u00fan\",\"url\":\"https:\\\/\\\/shopfloristeria.com\\\/mx\\\/\",\"logo\":{\"@type\":\"ImageObject\",\"inLanguage\":\"es\",\"@id\":\"https:\\\/\\\/shopfloristeria.com\\\/mx\\\/#\\\/schema\\\/logo\\\/image\\\/\",\"url\":\"https:\\\/\\\/shopfloristeria.com\\\/mx\\\/wp-content\\\/uploads\\\/sites\\\/2\\\/2020\\\/12\\\/logo-300x185-1.png\",\"contentUrl\":\"https:\\\/\\\/shopfloristeria.com\\\/mx\\\/wp-content\\\/uploads\\\/sites\\\/2\\\/2020\\\/12\\\/logo-300x185-1.png\",\"width\":300,\"height\":185,\"caption\":\"La Floristeria Canc\u00fan\"},\"image\":{\"@id\":\"https:\\\/\\\/shopfloristeria.com\\\/mx\\\/#\\\/schema\\\/logo\\\/image\\\/\"}}]}<\/script>\n<!-- \/ Yoast SEO plugin. -->","yoast_head_json":{"title":"Nosotros - La Floristeria Canc\u00fan","description":"Sobre nosotros. Enviar flores en Canc\u00fan nunca ha sido tan f\u00e1cil. \u00a1Vamos a conocernos! Ve nuestro trabajo, nuestra misi\u00f3n, nuestros valores y m\u00e1s. Nos encantar\u00eda que le dieras un vistazo.","robots":{"index":"index","follow":"follow","max-snippet":"max-snippet:-1","max-image-preview":"max-image-preview:large","max-video-preview":"max-video-preview:-1"},"canonical":"https:\/\/shopfloristeria.com\/mx\/nosotros\/","og_locale":"es_MX","og_type":"article","og_title":"Nosotros - La Floristeria Canc\u00fan","og_description":"Sobre nosotros. Enviar flores en Canc\u00fan nunca ha sido tan f\u00e1cil. \u00a1Vamos a conocernos! Ve nuestro trabajo, nuestra misi\u00f3n, nuestros valores y m\u00e1s. Nos encantar\u00eda que le dieras un vistazo.","og_url":"https:\/\/shopfloristeria.com\/mx\/nosotros\/","og_site_name":"La Floristeria Canc\u00fan","article_modified_time":"2024-10-17T02:29:40+00:00","twitter_card":"summary_large_image","twitter_misc":{"Tiempo de lectura":"1 minuto"},"schema":{"@context":"https:\/\/schema.org","@graph":[{"@type":"WebPage","@id":"https:\/\/shopfloristeria.com\/mx\/nosotros\/","url":"https:\/\/shopfloristeria.com\/mx\/nosotros\/","name":"Nosotros - La Floristeria Canc\u00fan","isPartOf":{"@id":"https:\/\/shopfloristeria.com\/mx\/#website"},"datePublished":"2020-12-28T18:30:58+00:00","dateModified":"2024-10-17T02:29:40+00:00","description":"Sobre nosotros. Enviar flores en Canc\u00fan nunca ha sido tan f\u00e1cil. \u00a1Vamos a conocernos! Ve nuestro trabajo, nuestra misi\u00f3n, nuestros valores y m\u00e1s. Nos encantar\u00eda que le dieras un vistazo.","inLanguage":"es","potentialAction":[{"@type":"ReadAction","target":["https:\/\/shopfloristeria.com\/mx\/nosotros\/"]}]},{"@type":"WebSite","@id":"https:\/\/shopfloristeria.com\/mx\/#website","url":"https:\/\/shopfloristeria.com\/mx\/","name":"La Floristeria Canc\u00fan","description":"Env\u00eda flores en M\u00e9xico","publisher":{"@id":"https:\/\/shopfloristeria.com\/mx\/#organization"},"potentialAction":[{"@type":"SearchAction","target":{"@type":"EntryPoint","urlTemplate":"https:\/\/shopfloristeria.com\/mx\/?s={search_term_string}"},"query-input":{"@type":"PropertyValueSpecification","valueRequired":true,"valueName":"search_term_string"}}],"inLanguage":"es"},{"@type":"Organization","@id":"https:\/\/shopfloristeria.com\/mx\/#organization","name":"La Floristeria Canc\u00fan","url":"https:\/\/shopfloristeria.com\/mx\/","logo":{"@type":"ImageObject","inLanguage":"es","@id":"https:\/\/shopfloristeria.com\/mx\/#\/schema\/logo\/image\/","url":"https:\/\/shopfloristeria.com\/mx\/wp-content\/uploads\/sites\/2\/2020\/12\/logo-300x185-1.png","contentUrl":"https:\/\/shopfloristeria.com\/mx\/wp-content\/uploads\/sites\/2\/2020\/12\/logo-300x185-1.png","width":300,"height":185,"caption":"La Floristeria Canc\u00fan"},"image":{"@id":"https:\/\/shopfloristeria.com\/mx\/#\/schema\/logo\/image\/"}}]}},"_links":{"self":[{"href":"https:\/\/shopfloristeria.com\/mx\/wp-json\/wp\/v2\/pages\/26","targetHints":{"allow":["GET"]}}],"collection":[{"href":"https:\/\/shopfloristeria.com\/mx\/wp-json\/wp\/v2\/pages"}],"about":[{"href":"https:\/\/shopfloristeria.com\/mx\/wp-json\/wp\/v2\/types\/page"}],"author":[{"embeddable":true,"href":"https:\/\/shopfloristeria.com\/mx\/wp-json\/wp\/v2\/users\/51"}],"replies":[{"embeddable":true,"href":"https:\/\/shopfloristeria.com\/mx\/wp-json\/wp\/v2\/comments?post=26"}],"version-history":[{"count":10,"href":"https:\/\/shopfloristeria.com\/mx\/wp-json\/wp\/v2\/pages\/26\/revisions"}],"predecessor-version":[{"id":1450,"href":"https:\/\/shopfloristeria.com\/mx\/wp-json\/wp\/v2\/pages\/26\/revisions\/1450"}],"wp:attachment":[{"href":"https:\/\/shopfloristeria.com\/mx\/wp-json\/wp\/v2\/media?parent=26"}],"curies":[{"name":"wp","href":"https:\/\/api.w.org\/{rel}","templated":true}]}}